{"id":155348,"date":"2021-04-09T11:16:10","date_gmt":"2021-04-09T16:16:10","guid":{"rendered":"https:\/\/www.acrartex.com\/products\/enlace-sar\/"},"modified":"2021-04-09T11:16:10","modified_gmt":"2021-04-09T16:16:10","slug":"enlace-sar","status":"publish","type":"product","link":"https:\/\/www.acrartex.com\/es\/products\/enlace-sar\/","title":{"rendered":"Enlace SAR\u2122"},"content":{"rendered":"<p><strong>Acerca de SARLink<\/strong><\/p>\n<p>SARLink se desarroll\u00f3 para cumplir con los requisitos de operaci\u00f3n en entornos hostiles. La unidad es impermeable hasta un metro de profundidad y cuenta con certificaci\u00f3n IP-67. Se han realizado pruebas ambientales adicionales que incluyen ca\u00eddas, vibraciones, golpes, corrosi\u00f3n y choque t\u00e9rmico. SARLink est\u00e1 reforzado para soportar las tareas de los trabajadores solitarios, las fuerzas del orden, los bomberos, los servicios de b\u00fasqueda y rescate, los servicios m\u00e9dicos de emergencia y otros servicios de emergencia actuales.   <\/p>\n<p>SARLink ofrece una pantalla t\u00e1ctil LCD a color de alta resoluci\u00f3n donde las opciones del men\u00fa de usuario se muestran mediante iconos f\u00e1ciles de reconocer. La pantalla t\u00e1ctil permite un acceso r\u00e1pido a los men\u00fas de usuario y facilita la introducci\u00f3n de texto mediante un teclado QWERTY en pantalla. SARLink incorpora dos bater\u00edas dedicadas: una recargable de iones de litio para rastreo, mensajes de texto y mensajes de socorro con Iridium, y una bater\u00eda de litio dedicada para la radiobaliza de localizaci\u00f3n de 406 MHz, que cumple con los estrictos requisitos del sistema Cospas-Sarsat . En caso de que la bater\u00eda de Iridium se agote, la bater\u00eda dedicada de 406 MHz proporcionar\u00e1 24 horas de transmisi\u00f3n de socorro independiente.   <\/p>\n<p><strong>Mensajes de socorro<\/strong><\/p>\n<p>SARLink emite notificaciones de emergencia simult\u00e1neas y redundantes a trav\u00e9s de las redes satelitales Cospas-Sarsat e Iridium cuando se activa el bot\u00f3n SOS. La tecnolog\u00eda de intercambio GPS a bordo permite que ambas alertas incluyan datos de geolocalizaci\u00f3n precisos. La capacidad de comunicaci\u00f3n bidireccional, combinada con la alerta de socorro, permite verificar la emergencia y ayudar en el rescate proporcionando informaci\u00f3n detallada sobre la naturaleza de la situaci\u00f3n.  <\/p>\n<p><strong>Seguimiento<\/strong><\/p>\n<p>SARLink permite transmitir datos precisos de Informaci\u00f3n de Posici\u00f3n y Ubicaci\u00f3n (PLI) a intervalos seleccionables, desde una vez por minuto hasta una vez al d\u00eda. Tambi\u00e9n admite la activaci\u00f3n manual del registro y, entre sus funciones adicionales, se incluyen la creaci\u00f3n, el almacenamiento y el env\u00edo de puntos de referencia definidos por el usuario. SARLink utiliza un protocolo de formato de datos abierto y admite formatos de 10 y 30 bytes, adem\u00e1s de la posibilidad de configuraci\u00f3n remota inal\u00e1mbrica.  <\/p>\n<p><strong>Mensajer\u00eda bidireccional<\/strong><\/p>\n<p>SARLink ofrece mensajer\u00eda satelital bidireccional a trav\u00e9s de la red de Iridium, que ofrece una cobertura global del 100% sin interrupciones, zonas marginales ni zonas de se\u00f1al d\u00e9bil. SARLink puede comunicarse con otros dispositivos m\u00f3viles, como tel\u00e9fonos celulares, tel\u00e9fonos satelitales y otras unidades SARLink, mediante mensajer\u00eda bidireccional, seg\u00fan lo permita la plataforma del cliente. Estas opciones de mensajer\u00eda incluyen texto libre mediante el teclado QWERTY integrado, mensajes predefinidos y una combinaci\u00f3n de ambos. Tambi\u00e9n se admiten c\u00f3digos de brevedad. El administrador del sistema puede predefinir listas de contactos y programar mensajes predefinidos para que se carguen en todos los dispositivos. SARLink tambi\u00e9n admite mensajer\u00eda por correo electr\u00f3nico.     <\/p>\n<p><strong>Uso de SARLink<\/strong><\/p>\n<p>Para utilizar todas las funciones de SARLink, la radiobaliza de 406 MHz debe estar registrada en la NOAA ( <a href=\"https:\/\/beaconregistration.noaa.gov\/RGDB\/registerUsername\">Haga clic aqu\u00ed para registrarse en la NOAA<\/a> ). Adem\u00e1s, los usuarios deber\u00e1n adquirir una suscripci\u00f3n a Iridium Airtime y trabajar con un proveedor de servicios de backend (BES) para obtener el servicio. Sin una suscripci\u00f3n a Iridium Airtime o un BES, los usuarios no podr\u00e1n utilizar las funciones de rastreo, comunicaci\u00f3n bidireccional ni alertas de socorro de Iridium. Para preguntas sobre Iridium Airtime o proveedores de servicios de backend, comun\u00edquese con ACR Electronics al 954-981-3333.   <\/p>\n","protected":false},"excerpt":{"rendered":"<p>Mant\u00e9n la seguridad a tu lado con el dispositivo de comunicaci\u00f3n de rescate de modo dual SARLink\u2122. Este dispositivo port\u00e1til est\u00e1 equipado con una pantalla t\u00e1ctil LED para que puedas enviar y recibir mensajes f\u00e1cilmente, y con seguimiento global para que puedas mantenerte conectado, incluso cuando tus aventuras te lleven fuera de las rutas habituales. En caso de emergencia, el bot\u00f3n SOS de SARLink te permite enviar r\u00e1pidamente mensajes de socorro a las redes satelitales.  <\/p>\n<p>&nbsp;<\/p>\n<p><strong>Este producto no est\u00e1 disponible para la venta comercial.<\/strong><\/p>\n<p>&nbsp;<\/p>\n","protected":false},"featured_media":155383,"template":"","meta":{"_acf_changed":false,"om_disable_all_campaigns":false},"product_brand":[],"product_cat":[5995,5996,5982,5994,5993],"product_tag":[11708,11667,5824,11542,11675,11657,6863,11313,11696,5776,11684,9432],"class_list":{"0":"post-155348","1":"product","2":"type-product","3":"status-publish","4":"has-post-thumbnail","6":"product_cat-fuerzas-navales","7":"product_cat-fuerzas-terrestres-especiales","8":"product_cat-militar-es","9":"product_cat-patrulla-aerea","10":"product_cat-policia-municipio","11":"product_tag-baliza-de-localizacion-personal-gps-sarlink","12":"product_tag-baliza-de-ubicacion-personal","13":"product_tag-baliza-localizadora-personal","14":"product_tag-baliza-localizadora-personal-acr","15":"product_tag-baliza-localizadora-personal-sarlink","16":"product_tag-balizas-de-localizacion-personal","17":"product_tag-cospas-sarsat-es","18":"product_tag-enlace-sar","19":"product_tag-gps-sarlink-plb","20":"product_tag-radiobaliza-de-emergencia","21":"product_tag-sarlink-406-es","22":"product_tag-sarsat-es","23":"pa_product-legado","25":"first","26":"outofstock","27":"taxable","28":"shipping-taxable","29":"product-type-simple"},"acf":[],"_links":{"self":[{"href":"https:\/\/www.acrartex.com\/es\/wp-json\/wp\/v2\/product\/155348","targetHints":{"allow":["GET"]}}],"collection":[{"href":"https:\/\/www.acrartex.com\/es\/wp-json\/wp\/v2\/product"}],"about":[{"href":"https:\/\/www.acrartex.com\/es\/wp-json\/wp\/v2\/types\/product"}],"wp:featuredmedia":[{"embeddable":true,"href":"https:\/\/www.acrartex.com\/es\/wp-json\/wp\/v2\/media\/155383"}],"wp:attachment":[{"href":"https:\/\/www.acrartex.com\/es\/wp-json\/wp\/v2\/media?parent=155348"}],"wp:term":[{"taxonomy":"product_brand","embeddable":true,"href":"https:\/\/www.acrartex.com\/es\/wp-json\/wp\/v2\/product_brand?post=155348"},{"taxonomy":"product_cat","embeddable":true,"href":"https:\/\/www.acrartex.com\/es\/wp-json\/wp\/v2\/product_cat?post=155348"},{"taxonomy":"product_tag","embeddable":true,"href":"https:\/\/www.acrartex.com\/es\/wp-json\/wp\/v2\/product_tag?post=155348"}],"curies":[{"name":"wp","href":"https:\/\/api.w.org\/{rel}","templated":true}]}}