{"id":155299,"date":"2021-04-09T11:16:18","date_gmt":"2021-04-09T16:16:18","guid":{"rendered":"https:\/\/www.acrartex.com\/products\/dgl-1\/"},"modified":"2021-04-09T11:16:18","modified_gmt":"2021-04-09T16:16:18","slug":"dgl-1","status":"publish","type":"product","link":"https:\/\/www.acrartex.com\/es\/products\/dgl-1\/","title":{"rendered":"DGL-1"},"content":{"rendered":"<p>Los operadores de flotas podr\u00e1n transferir ELT entre aeronaves de forma muy eficiente y c\u00f3moda. El DGL-1 se instala en una cubierta superior. Esta y el adaptador permanecen con la aeronave. Al instalar un ELT , el DGL-1 ELT reprograma con la direcci\u00f3n de 24 bits de la aeronave. El DGL-1 es ideal para el operador que desea la funci\u00f3n de autoprogramaci\u00f3n pero no desea la funci\u00f3n de datos de posici\u00f3n de la interfaz ELT \/NAV de Artex.    <\/p>\n<p>\u2022 Dise\u00f1ado espec\u00edficamente para operadores de flotas<\/p>\n<p>\u2022 Las instalaciones existentes C406-1\/2, G406-4 y B406-4 se pueden actualizar f\u00e1cilmente<\/p>\n<p>\u2022 Simplifica enormemente el mantenimiento y reduce el tiempo de inactividad.<\/p>\n<p>\u2022 La instalaci\u00f3n se convierte en parte del arn\u00e9s de CA permanente.<\/p>\n<p>\u2022 Opci\u00f3n de cableado para identificaci\u00f3n de aeronaves de la flota<\/p>\n<p>\u2022 Garantiza la correcta programaci\u00f3n ELT para repuestos.<\/p>\n","protected":false},"excerpt":{"rendered":"<p>Con el adaptador de programaci\u00f3n Artex DGL-1, los operadores de flotas podr\u00e1n transferir ELT de una aeronave a otra de forma eficiente. El DGL-1 es ideal para quienes desean autoprogramaci\u00f3n, pero no desean la funci\u00f3n de datos de posici\u00f3n de la interfaz Artex ELT \/NAV. El DGL-1 se instala en una cubierta superior que, junto con el adaptador, permanece en la aeronave. Al instalar un ELT , el DGL-1 ELT reprograma con la direcci\u00f3n de 24 bits de la aeronave. En resumen: este dispositivo simplifica enormemente el mantenimiento y reduce el tiempo de inactividad.    <\/p>\n","protected":false},"featured_media":155358,"template":"","meta":{"_acf_changed":false,"om_disable_all_campaigns":false},"product_brand":[],"product_cat":[5527,5991,5992,8521],"product_tag":[11641,11650,11614,11625,11632,11604],"class_list":{"0":"post-155299","1":"product","2":"type-product","3":"status-publish","4":"has-post-thumbnail","6":"product_cat-aviacion","7":"product_cat-aviacion-general","8":"product_cat-avion-de-negocios","9":"product_cat-aviones-comerciales","10":"product_tag-dlg-es","11":"product_tag-dlg-1-es","12":"product_tag-dongle-de-programacion-elt","13":"product_tag-llave-de-programacion","14":"product_tag-llave-electronica-del-programa-elt","15":"product_tag-llave-electronica-elt","17":"first","18":"instock","19":"taxable","20":"shipping-taxable","21":"product-type-simple"},"acf":[],"_links":{"self":[{"href":"https:\/\/www.acrartex.com\/es\/wp-json\/wp\/v2\/product\/155299","targetHints":{"allow":["GET"]}}],"collection":[{"href":"https:\/\/www.acrartex.com\/es\/wp-json\/wp\/v2\/product"}],"about":[{"href":"https:\/\/www.acrartex.com\/es\/wp-json\/wp\/v2\/types\/product"}],"wp:featuredmedia":[{"embeddable":true,"href":"https:\/\/www.acrartex.com\/es\/wp-json\/wp\/v2\/media\/155358"}],"wp:attachment":[{"href":"https:\/\/www.acrartex.com\/es\/wp-json\/wp\/v2\/media?parent=155299"}],"wp:term":[{"taxonomy":"product_brand","embeddable":true,"href":"https:\/\/www.acrartex.com\/es\/wp-json\/wp\/v2\/product_brand?post=155299"},{"taxonomy":"product_cat","embeddable":true,"href":"https:\/\/www.acrartex.com\/es\/wp-json\/wp\/v2\/product_cat?post=155299"},{"taxonomy":"product_tag","embeddable":true,"href":"https:\/\/www.acrartex.com\/es\/wp-json\/wp\/v2\/product_tag?post=155299"}],"curies":[{"name":"wp","href":"https:\/\/api.w.org\/{rel}","templated":true}]}}