{"id":155148,"date":"2021-04-09T11:16:19","date_gmt":"2021-04-09T16:16:19","guid":{"rendered":"https:\/\/www.acrartex.com\/products\/sarlink-view-plb\/"},"modified":"2021-04-09T11:16:19","modified_gmt":"2021-04-09T16:16:19","slug":"sarlink-view-plb","status":"publish","type":"product","link":"https:\/\/www.acrartex.com\/es\/products\/sarlink-view-plb\/","title":{"rendered":"SARLink\u2122 View PLB"},"content":{"rendered":"<p><span style=\"color: #3366ff;\"><strong>Este producto ha sido descontinuado.<\/strong><\/span><\/p>\n<p>Salga con confianza. Con tres niveles de tecnolog\u00eda de se\u00f1al integrada (posicionamiento GPS , una potente se\u00f1al de 406 MHz y capacidad de localizaci\u00f3n de 121,5 MHz), SARLink\u2122 View transmite su posici\u00f3n con rapidez y precisi\u00f3n a una red mundial de sat\u00e9lites de b\u00fasqueda y rescate, lo que reduce el tiempo de b\u00fasqueda y aumenta sus posibilidades de supervivencia. Esta tecnolog\u00eda de se\u00f1alizaci\u00f3n confiable ha salvado a m\u00e1s de 50.000 personas.<br \/>\n Vive desde 1982.  <\/p>\n<p>El SARLink\u2122 View emite una se\u00f1al de socorro \u00fanica y registrada que no solo indica a los rescatistas d\u00f3nde se encuentra, sino tambi\u00e9n qui\u00e9n es. El GPS integrado puede determinar su posici\u00f3n con una precisi\u00f3n de 100 metros y, a continuaci\u00f3n, utiliza una potente se\u00f1al de 406 MHz para retransmitir su llamada de socorro a los sat\u00e9lites SAR en \u00f3rbita. Durante el despliegue de b\u00fasqueda y rescate local, una se\u00f1al de localizaci\u00f3n independiente y una luz estrobosc\u00f3pica LED integrada gu\u00edan a los rescatistas hasta su ubicaci\u00f3n.<br \/>\n SARLink\u2122 View cuenta con una pantalla digital que le permite ver todas las actividades operativas de la baliza.  <\/p>\n<p>La pantalla muestra la latitud y longitud GPS , las instrucciones de funcionamiento, consejos de uso, las r\u00e1fagas de transmisi\u00f3n y la carga de la bater\u00eda. La pantalla digital tambi\u00e9n simplifica y facilita la autocomprobaci\u00f3n de la baliza, gui\u00e1ndolo visualmente paso a paso. Ya no es necesario depender de los pitidos ni de mirar.<br \/>\n para LED.  <\/p>\n<p>El SARLink\u2122 View es ligero y compacto, ideal para esquiadores, senderistas, cazadores, kayakistas, escaladores, pilotos, motonieves o cualquier otro aficionado a las actividades al aire libre. Exclusivo de ACR : El modo de prueba de adquisici\u00f3n GPS integrado permite comprobar la funcionalidad GPS hasta 60 veces durante su vida \u00fatil.<br \/>\n de la bater\u00eda. Aproveche la misma tecnolog\u00eda de rescate probada en campo que utilizan las Fuerzas Armadas de EE. UU., la Guardia Costera de EE. UU., las Fuerzas Especiales de la OTAN y los exploradores del \u00c1rtico.  <\/p>\n","protected":false},"excerpt":{"rendered":"<p>Navegue con confianza con la Personal Locator Beacon ( PLB ) SARLink\u2122 View . Esta baliza de emergencia tiene la potencia suficiente para emitir una se\u00f1al de socorro \u00fanica que no solo indica a los rescatistas d\u00f3nde se encuentra, sino tambi\u00e9n qui\u00e9n es. Esta PLB utiliza una potente se\u00f1al de 406 MHz para transmitir su llamada de socorro a los sat\u00e9lites SAR en \u00f3rbita, mientras que el GPS integrado fija su posici\u00f3n con una precisi\u00f3n de 100 metros. Durante el despliegue de b\u00fasqueda y rescate local, una se\u00f1al de localizaci\u00f3n independiente y una luz estrobosc\u00f3pica LED integrada se combinan para guiar a los socorristas hasta su ubicaci\u00f3n.   <\/p>\n<p><span style=\"color: #3366ff;\"><strong>Este producto ha sido descontinuado.<\/strong><\/span><\/p>\n","protected":false},"featured_media":155185,"template":"","meta":{"_acf_changed":false,"om_disable_all_campaigns":false},"product_brand":[],"product_cat":[5819],"product_tag":[11360,11331,9438,6863,11313,9323,11348,6115,5851,5848,11371,9432,9439,11342,11323],"class_list":{"0":"post-155148","1":"product","2":"type-product","3":"status-publish","4":"has-post-thumbnail","6":"product_cat-exterior","7":"product_tag-baliza-de-localizacion-personal-gps-sarlink-view","8":"product_tag-baliza-de-localizacion-personal-sarlink-view","9":"product_tag-cospas-es","10":"product_tag-cospas-sarsat-es","11":"product_tag-enlace-sar","12":"product_tag-epirbs-es","13":"product_tag-gps-de-vista-sarlink-plb","14":"product_tag-plb-350-es","15":"product_tag-plb-350c-es-4","16":"product_tag-plb-350c-es-2","17":"product_tag-sar-es","18":"product_tag-sarsat-es","19":"product_tag-sarsat-cospas-es","20":"product_tag-vista-406-de-sarlink","21":"product_tag-vista-de-sarlink","22":"pa_product-legado","24":"first","25":"outofstock","26":"taxable","27":"shipping-taxable","28":"product-type-simple"},"acf":[],"_links":{"self":[{"href":"https:\/\/www.acrartex.com\/es\/wp-json\/wp\/v2\/product\/155148","targetHints":{"allow":["GET"]}}],"collection":[{"href":"https:\/\/www.acrartex.com\/es\/wp-json\/wp\/v2\/product"}],"about":[{"href":"https:\/\/www.acrartex.com\/es\/wp-json\/wp\/v2\/types\/product"}],"wp:featuredmedia":[{"embeddable":true,"href":"https:\/\/www.acrartex.com\/es\/wp-json\/wp\/v2\/media\/155185"}],"wp:attachment":[{"href":"https:\/\/www.acrartex.com\/es\/wp-json\/wp\/v2\/media?parent=155148"}],"wp:term":[{"taxonomy":"product_brand","embeddable":true,"href":"https:\/\/www.acrartex.com\/es\/wp-json\/wp\/v2\/product_brand?post=155148"},{"taxonomy":"product_cat","embeddable":true,"href":"https:\/\/www.acrartex.com\/es\/wp-json\/wp\/v2\/product_cat?post=155148"},{"taxonomy":"product_tag","embeddable":true,"href":"https:\/\/www.acrartex.com\/es\/wp-json\/wp\/v2\/product_tag?post=155148"}],"curies":[{"name":"wp","href":"https:\/\/api.w.org\/{rel}","templated":true}]}}