{"id":155146,"date":"2021-04-09T11:16:33","date_gmt":"2021-04-09T16:16:33","guid":{"rendered":"https:\/\/www.acrartex.com\/products\/luz-estroboscopica-firefly-3-waterbug\/"},"modified":"2021-04-09T11:16:33","modified_gmt":"2021-04-09T16:16:33","slug":"luz-estroboscopica-firefly-3-waterbug","status":"publish","type":"product","link":"https:\/\/www.acrartex.com\/es\/products\/luz-estroboscopica-firefly-3-waterbug\/","title":{"rendered":"Luz estrobosc\u00f3pica Firefly \u00ae3 Waterbug"},"content":{"rendered":"<p>El Firefly \u00ae3 es el heredero de \u00faltima generaci\u00f3n de sus famosos precursores, el Firefly \u00ae4F y 4G.<\/p>\n<ul>\n<li>Combinaci\u00f3n de l\u00e1mpara y lente de \u00faltima generaci\u00f3n para flash de alta intensidad<\/li>\n<li>El interruptor deslizante grande permite una f\u00e1cil operaci\u00f3n con manos enguantadas<\/li>\n<li>La plataforma de base especialmente dise\u00f1ada permite que la unidad se mantenga en posici\u00f3n vertical f\u00e1cilmente<\/li>\n<li>El retenedor de acero inoxidable fija de forma segura la puerta de la bater\u00eda a la caja<\/li>\n<li>Los bucles de amarre integrados proporcionan un punto de anclaje seguro<\/li>\n<li>Ideal para chalecos salvavidas, arneses de seguridad, chalecos salvavidas, trajes de trabajo, trajes de inmersi\u00f3n, mochilas y trajes de vuelo.<\/li>\n<\/ul>\n","protected":false},"excerpt":{"rendered":"<p>Con su funci\u00f3n especial de activaci\u00f3n por agua, este potente flash de rescate se enciende autom\u00e1ticamente cuando est\u00e1 armado y entra en contacto con el agua.<\/p>\n<p>&nbsp;<\/p>\n","protected":false},"featured_media":155157,"template":"","meta":{"_acf_changed":false,"om_disable_all_campaigns":false},"product_brand":[],"product_cat":[5819,5995,5775,5982,5985],"product_tag":[7722,11276,11320,11301,10666,11310],"class_list":{"0":"post-155146","1":"product","2":"type-product","3":"status-publish","4":"has-post-thumbnail","6":"product_cat-exterior","7":"product_cat-fuerzas-navales","8":"product_cat-marina-es","9":"product_cat-militar-es","10":"product_cat-off-shore-es","11":"product_tag-chinche-de-agua","12":"product_tag-firefly-es","13":"product_tag-luciernaga-3","14":"product_tag-luz-estroboscopica-es","15":"product_tag-luz-estroboscopica-de-rescate","16":"product_tag-rescate","17":"pa_product-legado","19":"first","20":"outofstock","21":"taxable","22":"shipping-taxable","23":"product-type-simple"},"acf":[],"_links":{"self":[{"href":"https:\/\/www.acrartex.com\/es\/wp-json\/wp\/v2\/product\/155146","targetHints":{"allow":["GET"]}}],"collection":[{"href":"https:\/\/www.acrartex.com\/es\/wp-json\/wp\/v2\/product"}],"about":[{"href":"https:\/\/www.acrartex.com\/es\/wp-json\/wp\/v2\/types\/product"}],"wp:featuredmedia":[{"embeddable":true,"href":"https:\/\/www.acrartex.com\/es\/wp-json\/wp\/v2\/media\/155157"}],"wp:attachment":[{"href":"https:\/\/www.acrartex.com\/es\/wp-json\/wp\/v2\/media?parent=155146"}],"wp:term":[{"taxonomy":"product_brand","embeddable":true,"href":"https:\/\/www.acrartex.com\/es\/wp-json\/wp\/v2\/product_brand?post=155146"},{"taxonomy":"product_cat","embeddable":true,"href":"https:\/\/www.acrartex.com\/es\/wp-json\/wp\/v2\/product_cat?post=155146"},{"taxonomy":"product_tag","embeddable":true,"href":"https:\/\/www.acrartex.com\/es\/wp-json\/wp\/v2\/product_tag?post=155146"}],"curies":[{"name":"wp","href":"https:\/\/api.w.org\/{rel}","templated":true}]}}