{"id":155124,"date":"2021-04-09T11:16:44","date_gmt":"2021-04-09T16:16:44","guid":{"rendered":"https:\/\/www.acrartex.com\/products\/luz-de-rescate-estroboscopica-incandescente-firefly-2-doublefly\/"},"modified":"2021-04-09T11:16:44","modified_gmt":"2021-04-09T16:16:44","slug":"luz-de-rescate-estroboscopica-incandescente-firefly-2-doublefly","status":"publish","type":"product","link":"https:\/\/www.acrartex.com\/es\/products\/luz-de-rescate-estroboscopica-incandescente-firefly-2-doublefly\/","title":{"rendered":"Luz de rescate estrobosc\u00f3pica\/incandescente Firefly \u00ae 2 Doublefly"},"content":{"rendered":"<p>El haz de xen\u00f3n de 360\u00b0 parpadea a intervalos de un segundo durante al menos 8 horas (2 horas de funcionamiento continuo en modo incandescente).<\/p>\n<ul>\n<li>El interruptor multifunci\u00f3n selecciona entre luz estrobosc\u00f3pica para visibilidad a grandes distancias o luz incandescente fija para trabajos de recuperaci\u00f3n de cerca.<\/li>\n<li>El interruptor deslizante grande permite una f\u00e1cil operaci\u00f3n con manos enguantadas<\/li>\n<li>La plataforma de base especialmente dise\u00f1ada permite que la unidad se mantenga en posici\u00f3n vertical f\u00e1cilmente<\/li>\n<li>El retenedor de aluminio fija de forma segura la puerta de la bater\u00eda a la carcasa.<\/li>\n<li>L\u00e1mpara estrobosc\u00f3pica e incandescente de xen\u00f3n de alta intensidad<\/li>\n<li>Ideal para chalecos salvavidas, arneses de seguridad, chalecos salvavidas, trajes de trabajo, trajes de inmersi\u00f3n, mochilas y trajes de vuelo.<\/li>\n<\/ul>\n","protected":false},"excerpt":{"rendered":"<p>El interruptor multifunci\u00f3n de Doublefly le permite seleccionar entre un estroboscopio de alta intensidad, visible desde m\u00e1s de 1 nm (1,9 km), o una luz incandescente fija para trabajos de recuperaci\u00f3n de cerca.<\/p>\n","protected":false},"featured_media":155138,"template":"","meta":{"_acf_changed":false,"om_disable_all_campaigns":false},"product_brand":[],"product_cat":[5988,5990,5989,5819,5775,5987],"product_tag":[11281,11276,11285,10671,7719],"class_list":{"0":"post-155124","1":"product","2":"type-product","3":"status-publish","4":"has-post-thumbnail","6":"product_cat-deporte-de-accion-todoterreno","7":"product_cat-deportes-de-remo-pesca","8":"product_cat-equipo-de-viaje","9":"product_cat-exterior","10":"product_cat-marina-es","11":"product_cat-senderismo-escalada-campamento","12":"product_tag-doble-mosca","13":"product_tag-firefly-es","14":"product_tag-incandescente-es","15":"product_tag-luz-de-rescate","16":"product_tag-luz-estroboscopica","17":"pa_product-legado","19":"first","20":"outofstock","21":"taxable","22":"shipping-taxable","23":"product-type-simple"},"acf":[],"_links":{"self":[{"href":"https:\/\/www.acrartex.com\/es\/wp-json\/wp\/v2\/product\/155124","targetHints":{"allow":["GET"]}}],"collection":[{"href":"https:\/\/www.acrartex.com\/es\/wp-json\/wp\/v2\/product"}],"about":[{"href":"https:\/\/www.acrartex.com\/es\/wp-json\/wp\/v2\/types\/product"}],"wp:featuredmedia":[{"embeddable":true,"href":"https:\/\/www.acrartex.com\/es\/wp-json\/wp\/v2\/media\/155138"}],"wp:attachment":[{"href":"https:\/\/www.acrartex.com\/es\/wp-json\/wp\/v2\/media?parent=155124"}],"wp:term":[{"taxonomy":"product_brand","embeddable":true,"href":"https:\/\/www.acrartex.com\/es\/wp-json\/wp\/v2\/product_brand?post=155124"},{"taxonomy":"product_cat","embeddable":true,"href":"https:\/\/www.acrartex.com\/es\/wp-json\/wp\/v2\/product_cat?post=155124"},{"taxonomy":"product_tag","embeddable":true,"href":"https:\/\/www.acrartex.com\/es\/wp-json\/wp\/v2\/product_tag?post=155124"}],"curies":[{"name":"wp","href":"https:\/\/api.w.org\/{rel}","templated":true}]}}