{"id":155104,"date":"2021-03-16T08:17:27","date_gmt":"2021-03-16T13:17:27","guid":{"rendered":"https:\/\/www.acrartex.com\/products\/luces-de-posicion-sm-2\/"},"modified":"2021-03-16T08:17:27","modified_gmt":"2021-03-16T13:17:27","slug":"luces-de-posicion-sm-2","status":"publish","type":"product","link":"https:\/\/www.acrartex.com\/es\/products\/luces-de-posicion-sm-2\/","title":{"rendered":"Luces de posici\u00f3n SM-2"},"content":{"rendered":"<p>Se endereza autom\u00e1ticamente, se activa en el agua y comienza a estrobosc\u00f3picamente, con una duraci\u00f3n de hasta 60 horas con una bater\u00eda de 6 voltios. Ideal para la industria n\u00e1utica comercial, petron\u00e1utica, cruceros y cualquier aplicaci\u00f3n que requiera una luz COB fiable. <\/p>\n<ul>\n<li>Luz m\u00e1s brillante en todas las direcciones<\/li>\n<li>Estuche de mezcla de policarbonato mejorado, clasificaci\u00f3n de impacto mejorada; resistente a rayos UV, temperatura y qu\u00edmicos.<\/li>\n<li>Perfecto para aplicaciones marinas comerciales, petromarinas, buzos, cruceros y cualquier aplicaci\u00f3n que necesite una luz COB confiable.<\/li>\n<li>Se endereza autom\u00e1ticamente y se activa cuando est\u00e1 en el agua.<\/li>\n<li>El estroboscopio de xen\u00f3n de alta intensidad brinda una visibilidad de 360\u00b0 a m\u00e1s de 3 millas (4,8 km)<\/li>\n<li>Flota verticalmente en todas las condiciones.<\/li>\n<li>M\u00ednimo 36 horas de vida \u00fatil continua<\/li>\n<\/ul>\n<p>Una cuesti\u00f3n de equilibrio<br \/>\n Las luces de posici\u00f3n, por dise\u00f1o, deben flotar en posici\u00f3n vertical para una m\u00e1xima visibilidad. Las bater\u00edas de 6 voltios de las linternas proporcionan el lastre para estas luces. Aunque las bater\u00edas pueden ser del mismo tama\u00f1o, sus diferentes composiciones qu\u00edmicas hacen que tengan pesos variables. Es imperativo utilizar \u00fanicamente los modelos de bater\u00eda de 6 voltios sugeridos. Si el lastre es insuficiente, la linterna se inclinar\u00e1 de lado y ser\u00e1 ineficaz; si el peso es excesivo, la linterna podr\u00eda hundirse. Si tiene alguna duda sobre el peso adecuado de la bater\u00eda, pruebe la linterna coloc\u00e1ndola en agua poco profunda. Si flota en posici\u00f3n vertical, est\u00e1 bien; sin embargo, si la SM-2 se hunde, la bater\u00eda es demasiado pesada.      <\/p>\n<p>Tipos de bater\u00eda sugeridos, bater\u00edas con terminales de tornillo:<\/p>\n<ul>\n<li>ANSI\/NEDA: 915, 915C, 915D, 915AC<\/li>\n<li>Duracell: M915, PC915<\/li>\n<li>Rayovac\u00ae: 942, 945<\/li>\n<li>Eveready\u00ae: 510S<\/li>\n<\/ul>\n<p>Tipos de bater\u00eda sugeridos, bater\u00edas con terminales de resorte:<\/p>\n<ul>\n<li>ANSI\/NEDA: 908, 908C, 908D, 908AC<\/li>\n<li>Duracell: M908, PC908<\/li>\n<li>Rayovac\u00ae: 941, 944<\/li>\n<li>Eveready\u00ae: 509, 1209<\/li>\n<li>Energizador: EN529 (no 529)<\/li>\n<li>Panasonic: W-4FD<\/li>\n<\/ul>\n","protected":false},"excerpt":{"rendered":"<p>El modelo SM-2 ha sido descontinuado y reemplazado por la <a href=\"https:\/\/www.acrartex.com\/products\/sm-3-lifebuoy-self-igniting-light\">nueva luz marcadora de boya SM-3 (aprobada por USCG\/MED)<\/a> .<\/p>\n<p>La SM-2 es una luz estrobosc\u00f3pica de xen\u00f3n de alta intensidad que ofrece una visibilidad de 360\u00b0 a m\u00e1s de 4,8 km (3 millas). Esta luz de se\u00f1alizaci\u00f3n se activa autom\u00e1ticamente y comienza a destellar en el agua, con una duraci\u00f3n de hasta 60 horas con una bater\u00eda de linterna de 6 voltios. Perfecta para embarcaciones comerciales, n\u00e1uticas de gasolina, cruceros y cualquier otra aplicaci\u00f3n que requiera una luz de se\u00f1alizaci\u00f3n de tripulaci\u00f3n al agua (COB) fiable, la SM-2 flota verticalmente en todas las condiciones, garantizando su brillo cuando m\u00e1s la necesite.  <\/p>\n<p>&nbsp;<\/p>\n<p><span style=\"color: #e74c3c;\">C\u00d3DIGO: <strong>SHIPFREE20<\/strong> Env\u00edo terrestre gratuito en pedidos superiores a U$30. Excluye HI y AK. <\/span><\/p>\n<p>&nbsp;<\/p>\n","protected":false},"featured_media":155189,"template":"","meta":{"_acf_changed":false,"om_disable_all_campaigns":false},"product_brand":[],"product_cat":[5775],"product_tag":[11289,11287,11295,11377,11335,11248,11324,11271,11267,11312,7719,11340,11283,11278,11263,11258,11254,11369,11358,11352,11303],"class_list":{"0":"post-155104","1":"product","2":"type-product","3":"status-publish","4":"has-post-thumbnail","6":"product_cat-marina-es","7":"product_tag-baliza-estroboscopica","8":"product_tag-comprar-acr","9":"product_tag-electronica-acr","10":"product_tag-electronica-estroboscopica","11":"product_tag-la-luz-estroboscopica","12":"product_tag-luces-de-posicion","13":"product_tag-luces-estroboscopicas-marinas","14":"product_tag-luz-de-posicion-sm-2","15":"product_tag-luz-de-posicion-sm2","16":"product_tag-luz-de-rescate-estroboscopica","17":"product_tag-luz-estroboscopica","18":"product_tag-luz-estroboscopica-de-emergencia-es","19":"product_tag-luz-estroboscopica-sm2","20":"product_tag-luz-sm2","21":"product_tag-sm-2-es-2","22":"product_tag-sm-2-es","23":"product_tag-sm2-es","24":"product_tag-tienda-de-luces-estroboscopicas","25":"product_tag-una-luz-estroboscopica","26":"product_tag-venta-de-luces-estroboscopicas","27":"product_tag-vida-inflable","28":"pa_product-legado","30":"first","31":"outofstock","32":"taxable","33":"shipping-taxable","34":"product-type-simple"},"acf":[],"_links":{"self":[{"href":"https:\/\/www.acrartex.com\/es\/wp-json\/wp\/v2\/product\/155104","targetHints":{"allow":["GET"]}}],"collection":[{"href":"https:\/\/www.acrartex.com\/es\/wp-json\/wp\/v2\/product"}],"about":[{"href":"https:\/\/www.acrartex.com\/es\/wp-json\/wp\/v2\/types\/product"}],"wp:featuredmedia":[{"embeddable":true,"href":"https:\/\/www.acrartex.com\/es\/wp-json\/wp\/v2\/media\/155189"}],"wp:attachment":[{"href":"https:\/\/www.acrartex.com\/es\/wp-json\/wp\/v2\/media?parent=155104"}],"wp:term":[{"taxonomy":"product_brand","embeddable":true,"href":"https:\/\/www.acrartex.com\/es\/wp-json\/wp\/v2\/product_brand?post=155104"},{"taxonomy":"product_cat","embeddable":true,"href":"https:\/\/www.acrartex.com\/es\/wp-json\/wp\/v2\/product_cat?post=155104"},{"taxonomy":"product_tag","embeddable":true,"href":"https:\/\/www.acrartex.com\/es\/wp-json\/wp\/v2\/product_tag?post=155104"}],"curies":[{"name":"wp","href":"https:\/\/api.w.org\/{rel}","templated":true}]}}