{"id":155068,"date":"2021-04-09T11:17:01","date_gmt":"2021-04-09T16:17:01","guid":{"rendered":"https:\/\/www.acrartex.com\/products\/servicio-de-autoprueba-de-balizas-406link\/"},"modified":"2021-04-09T11:17:01","modified_gmt":"2021-04-09T16:17:01","slug":"servicio-de-autoprueba-de-balizas-406link","status":"publish","type":"product","link":"https:\/\/www.acrartex.com\/es\/products\/servicio-de-autoprueba-de-balizas-406link\/","title":{"rendered":"Servicio de autoprueba de balizas 406Link"},"content":{"rendered":"<p>Ahora usted y 5 contactos pueden recibir mensajes de confirmaci\u00f3n satelital preconfigurados cuando pruebe su EPIRB o Personal Locator Beacon de ACR , ARTEX y Ocean Signal .<\/p>\n<p>406Link es el primer y \u00fanico sistema avanzado de pruebas satelitales que puede recibir notificaciones de autodiagn\u00f3stico de su Personal Locator Beacon ( PLB ) y radiobaliza de localizaci\u00f3n de emergencia ( EPIRB ). Este servicio de suscripci\u00f3n opcional est\u00e1 dise\u00f1ado para mejorar la funcionalidad de su radiobaliza y proporcionarles a usted y a sus seres queridos la confirmaci\u00f3n de las pruebas satelitales de que su radiobaliza funciona correctamente. <\/p>\n<p>Nota: Una suscripci\u00f3n a 406Link es independiente de la aplicaci\u00f3n de producto ACR utilizada junto con las EPIRB GlobalFix V5 y V6 y la PLB ResQLink AIS .<\/p>\n<p>406Link funciona enviando una se\u00f1al de prueba especialmente codificada a los sat\u00e9lites estacionarios GEO, ubicados a 35.500 kil\u00f3metros de altura, a una red de sat\u00e9lites de b\u00fasqueda y rescate. Una vez que los sat\u00e9lites reciben la se\u00f1al, esta es captada por las estaciones terrestres ACR en Norteam\u00e9rica. En menos de un minuto, nuestro software patentado procesa los datos de su autoprueba y env\u00eda un mensaje de confirmaci\u00f3n y una imagen de su ubicaci\u00f3n real a usted y a sus contactos por correo electr\u00f3nico y SMS.  <\/p>\n<p>Al realizar una autoprueba GPS , sus coordenadas GPS se trazan en un mapa y 406Link incluye un enlace en su correo electr\u00f3nico y\/o mensaje de texto SMS que muestra claramente su ubicaci\u00f3n dentro de las 110 yardas (100 metros).<\/p>\n<p>https:\/\/www.youtube.com\/watch?v=dU_zXBAfX00<\/p>\n<p><strong>Con 406Link puedes:  <\/strong><\/p>\n<ul>\n<li>Pon a prueba tu baliza con el mismo sistema satelital que se utiliza en b\u00fasquedas y rescates reales<\/li>\n<li>Env\u00ede mensajes de confirmaci\u00f3n personalizados por correo electr\u00f3nico y SMS a hasta 5 contactos\n<ul>\n<li>Enviar ubicaci\u00f3n GPS (No disponible en todos los modelos de baliza)<\/li>\n<\/ul>\n<\/li>\n<li>Mejore la funcionalidad de su baliza ACR , Ocean Signal o Artex de 406 MHz<\/li>\n<li>Crea tranquilidad para ti y tus seres queridos<\/li>\n<li>406Link no es un servicio de &#8220;registro&#8221; o &#8220;estoy bien&#8221;, es una prueba de confirmaci\u00f3n unidireccional de que su mensaje de autoprueba de baliza fue recibido por los mismos sat\u00e9lites de b\u00fasqueda y rescate utilizados en una emergencia real.<\/li>\n<\/ul>\n<p><strong>Actualmente s\u00f3lo disponible en Estados Unidos.<\/strong><\/p>\n","protected":false},"excerpt":{"rendered":"<p>La venta de nuevas suscripciones a 406Link se interrumpi\u00f3 a partir del 1 de septiembre de 2023. Las suscripciones existentes recibir\u00e1n soporte y seguir\u00e1n funcionando con normalidad durante todo el per\u00edodo de suscripci\u00f3n anual. El servicio 406Link dejar\u00e1 de recibir soporte a partir del 1 de septiembre de 2024.  <\/p>\n<p>Si bien el servicio 406Link ya no estar\u00e1 disponible para su compra, aproveche la oportunidad de echar un vistazo al <a href=\"https:\/\/acrelectronics.lt.acemlnc.com\/Prod\/link-tracker?redirectUrl=aHR0cHMlM0ElMkYlMkZiaXZ5c3RpY2suY29tJTJG&amp;a=%7C%7C798920491%7C%7C&amp;account=acrelectronics.activehosted.com&amp;email=y47OuVGNLVmypvt5SysuK4mcDWscx9eGrUGJW43GCh5nUjWjzE%2B2Wl9%2F%3AXZsLcuuUP%2Fd5fWs60R8xl%2Bdi4p087Lif&amp;s=8c317dd875871e7647efafcf8d0907b8&amp;i=455A691A0A5674&amp;sig=5YcfKU4g3N9zX2LkQhUUFTb1aniVKGLWUYxdT5yGmpaa&amp;iat=1692974463\" data-ac-default-color=\"1\"><span style=\"font-weight: inherit;\">comunicador satelital ACR Bivy Stick<\/span><\/a> <span style=\"font-weight: inherit;\">que no solo brinda la capacidad de enviar mensajes de confirmaci\u00f3n similares al servicio 406Link, sino que tambi\u00e9n permite mensajer\u00eda bidireccional entre muchos otros beneficios.<\/span><\/p>\n<p>Tenga en cuenta que la suscripci\u00f3n a 406Link es un servicio opcional y no es necesaria para que su baliza funcione correctamente. Independientemente de si tiene una suscripci\u00f3n conectada a su baliza, esta seguir\u00e1 transmitiendo su mensaje de socorro y el equipo de b\u00fasqueda y rescate podr\u00e1 identificar su ubicaci\u00f3n. <\/p>\n","protected":false},"featured_media":155070,"template":"","meta":{"_acf_changed":false,"om_disable_all_campaigns":false},"product_brand":[],"product_cat":[5819,5775],"product_tag":[],"class_list":{"0":"post-155068","1":"product","2":"type-product","3":"status-publish","4":"has-post-thumbnail","6":"product_cat-exterior","7":"product_cat-marina-es","8":"pa_product-legado","10":"first","11":"instock","12":"virtual","13":"taxable","14":"product-type-subscription"},"acf":[],"_links":{"self":[{"href":"https:\/\/www.acrartex.com\/es\/wp-json\/wp\/v2\/product\/155068","targetHints":{"allow":["GET"]}}],"collection":[{"href":"https:\/\/www.acrartex.com\/es\/wp-json\/wp\/v2\/product"}],"about":[{"href":"https:\/\/www.acrartex.com\/es\/wp-json\/wp\/v2\/types\/product"}],"wp:featuredmedia":[{"embeddable":true,"href":"https:\/\/www.acrartex.com\/es\/wp-json\/wp\/v2\/media\/155070"}],"wp:attachment":[{"href":"https:\/\/www.acrartex.com\/es\/wp-json\/wp\/v2\/media?parent=155068"}],"wp:term":[{"taxonomy":"product_brand","embeddable":true,"href":"https:\/\/www.acrartex.com\/es\/wp-json\/wp\/v2\/product_brand?post=155068"},{"taxonomy":"product_cat","embeddable":true,"href":"https:\/\/www.acrartex.com\/es\/wp-json\/wp\/v2\/product_cat?post=155068"},{"taxonomy":"product_tag","embeddable":true,"href":"https:\/\/www.acrartex.com\/es\/wp-json\/wp\/v2\/product_tag?post=155068"}],"curies":[{"name":"wp","href":"https:\/\/api.w.org\/{rel}","templated":true}]}}