{"id":154969,"date":"2021-03-16T08:18:06","date_gmt":"2021-03-16T13:18:06","guid":{"rendered":"https:\/\/www.acrartex.com\/products\/ts-8701-juego-de-comprobacion\/"},"modified":"2021-03-16T08:18:06","modified_gmt":"2021-03-16T13:18:06","slug":"ts-8701-juego-de-comprobacion","status":"publish","type":"product","link":"https:\/\/www.acrartex.com\/es\/products\/ts-8701-juego-de-comprobacion\/","title":{"rendered":"TS 8701 \u2013 Juego de comprobaci\u00f3n"},"content":{"rendered":"<p><strong>Pruebas ELT y verificaci\u00f3n de la identificaci\u00f3n ELT<\/strong><\/p>\n<p>Los Transmisores de Localizaci\u00f3n de Emergencia (ELT) de Aeronaves deben tener su n\u00famero de identificaci\u00f3n \u00fanico registrado ante las autoridades nacionales. El Probador ARTEX ofrece un m\u00e9todo sencillo para verificar y guardar el ID de los ELT ARTEX tras la instalaci\u00f3n, la reprogramaci\u00f3n o si es necesario volver a registrar la baliza tras un cambio de propietario de la aeronave. <\/p>\n<p><strong>Decodificaci\u00f3n ELT<\/strong><\/p>\n<p>El comprobador ARTEX decodifica la transmisi\u00f3n Cospas-Sarsat de 406 MHz. La transmisi\u00f3n puede leerse directamente a trav\u00e9s del cable de antena o de la propia antena. La unidad tambi\u00e9n indicar\u00e1 si hay 121,5 MHz. El comprobador es solo un dispositivo de decodificaci\u00f3n y no mide la potencia. Consulte con su autoridad local para conocer los requisitos de medici\u00f3n ELT para las inspecciones anuales.    <\/p>\n<p><strong>Datos de prueba<\/strong><\/p>\n<p>El comprobador ARTEX registra todos los datos en una base de datos interna, de la que se puede hacer una copia de seguridad en su PC. Los datos se pueden visualizar en el ordenador independientemente del comprobador y se registra la hora como prueba de la transmisi\u00f3n y la correcta programaci\u00f3n. El comprobador puede imprimir mediante una interfaz USB a un PC. Para imprimir, se requiere un programa descargable en ACRARTEX.com.   <\/p>\n<p>&nbsp;<\/p>\n<p>*Todas las caracter\u00edsticas del 8701 solo son aplicables a los ELT ARTEX .<\/p>\n<table style=\"width: 602px;\" border=\"0\">\n<tbody>\n<tr>\n<td>Cuadro de funciones de prueba y programaci\u00f3n<\/td>\n<td><strong>TPS 8700<\/strong><\/td>\n<td><strong>TS 8701<\/strong><\/td>\n<td><strong>TPS 8715<\/strong><\/td>\n<\/tr>\n<tr>\n<td>Verificaci\u00f3n de la identificaci\u00f3n ELT y decodificaci\u00f3n de la transmisi\u00f3n de 406 MHz<\/td>\n<td><strong>inc\u00f3gnita<\/strong><\/td>\n<td><strong>inc\u00f3gnita<\/strong><\/td>\n<td><strong>inc\u00f3gnita<\/strong><\/td>\n<\/tr>\n<tr>\n<td>Prueba de presencia de transmisiones de 121,5 MHz y 243 MHz<\/td>\n<td><strong>inc\u00f3gnita<\/strong><\/td>\n<td><strong>inc\u00f3gnita<\/strong><\/td>\n<td><strong>inc\u00f3gnita<\/strong><\/td>\n<\/tr>\n<tr>\n<td>Programaci\u00f3n \u00fanicamente de ELT de aviaci\u00f3n general ARTEX (referencia PN 8700 para unidad que tambi\u00e9n es capaz de programar ELT de nivel de transporte)<\/td>\n<td><strong> <\/strong><\/td>\n<td><strong> <\/strong><\/td>\n<td><strong>inc\u00f3gnita<\/strong><\/td>\n<\/tr>\n<tr>\n<td>Programaci\u00f3n de todos los ELT ARTEX<\/td>\n<td><strong>inc\u00f3gnita<\/strong><\/td>\n<td><strong> <\/strong><\/td>\n<td><strong> <\/strong><\/td>\n<\/tr>\n<tr>\n<td>Copia de seguridad de datos en PC<\/td>\n<td><strong>inc\u00f3gnita<\/strong><\/td>\n<td><strong>inc\u00f3gnita<\/strong><\/td>\n<td><strong>inc\u00f3gnita<\/strong><\/td>\n<\/tr>\n<tr>\n<td>Capacidad de impresi\u00f3n a trav\u00e9s de interfaz USB a una PC<\/td>\n<td><strong>inc\u00f3gnita<\/strong><\/td>\n<td><strong>inc\u00f3gnita<\/strong><\/td>\n<td><strong>inc\u00f3gnita<\/strong><\/td>\n<\/tr>\n<tr>\n<td>Software incluido con el producto<\/td>\n<td><strong>inc\u00f3gnita<\/strong><\/td>\n<td><strong>inc\u00f3gnita<\/strong><\/td>\n<td><strong> <\/strong><\/td>\n<\/tr>\n<tr>\n<td>Software no incluido con el producto (software descargado despu\u00e9s de que el cliente recibe el producto)<\/td>\n<td><strong> <\/strong><\/td>\n<td><strong> <\/strong><\/td>\n<td><strong>inc\u00f3gnita<\/strong><\/td>\n<\/tr>\n<tr>\n<td><\/td>\n<td><strong> <\/strong><\/td>\n<td><strong> <\/strong><\/td>\n<td><strong> <\/strong><\/td>\n<\/tr>\n<\/tbody>\n<\/table>\n","protected":false},"excerpt":{"rendered":"<p>El comprobador ARTEX 8701 es el \u00fanico sistema que necesita para probar y verificar todos los ELT ARTEX . Su dise\u00f1o compacto y port\u00e1til lo hace pr\u00e1ctico para tenerlo a mano y probar f\u00e1cilmente cualquier ELT en cualquier momento. <\/p>\n<p><a title=\"software de escritorio sarcalc.zip\" href=\"https:\/\/www.acrartex.com\/media\/1377582\/sarcalc-desktop-software.zip\">Software de escritorio SARCALC<\/a><\/p>\n<p><strong><span style=\"color: #ff0000;\">NOTA: Este producto ha sido descontinuado y ha sido reemplazado por el<\/span> <a href=\"https:\/\/www.acrartex.com\/products\/fpt\/\">programador ARTEX serie FPT 8800<\/a> .<\/strong><\/p>\n<p>&nbsp;<\/p>\n","protected":false},"featured_media":154973,"template":"","meta":{"_acf_changed":false,"om_disable_all_campaigns":false},"product_brand":[],"product_cat":[5527,5991,5992,8521],"product_tag":[10922,10919,10914,5532,10916,10893,10897,10905,10909,10899,10902,10853,10921,10911],"class_list":{"0":"post-154969","1":"product","2":"type-product","3":"status-publish","4":"has-post-thumbnail","6":"product_cat-aviacion","7":"product_cat-aviacion-general","8":"product_cat-avion-de-negocios","9":"product_cat-aviones-comerciales","10":"product_tag-8701-es","11":"product_tag-aviacion-general","12":"product_tag-descodificacion","13":"product_tag-elt-es","14":"product_tag-georgia","15":"product_tag-programacion","16":"product_tag-programacion-elt","17":"product_tag-programador","18":"product_tag-programador-elt","19":"product_tag-prueba","20":"product_tag-pruebas","21":"product_tag-tps-es","22":"product_tag-tps-8701-es","23":"product_tag-verificacion","24":"pa_product-legado","26":"first","27":"instock","28":"taxable","29":"shipping-taxable","30":"product-type-simple"},"acf":[],"_links":{"self":[{"href":"https:\/\/www.acrartex.com\/es\/wp-json\/wp\/v2\/product\/154969","targetHints":{"allow":["GET"]}}],"collection":[{"href":"https:\/\/www.acrartex.com\/es\/wp-json\/wp\/v2\/product"}],"about":[{"href":"https:\/\/www.acrartex.com\/es\/wp-json\/wp\/v2\/types\/product"}],"wp:featuredmedia":[{"embeddable":true,"href":"https:\/\/www.acrartex.com\/es\/wp-json\/wp\/v2\/media\/154973"}],"wp:attachment":[{"href":"https:\/\/www.acrartex.com\/es\/wp-json\/wp\/v2\/media?parent=154969"}],"wp:term":[{"taxonomy":"product_brand","embeddable":true,"href":"https:\/\/www.acrartex.com\/es\/wp-json\/wp\/v2\/product_brand?post=154969"},{"taxonomy":"product_cat","embeddable":true,"href":"https:\/\/www.acrartex.com\/es\/wp-json\/wp\/v2\/product_cat?post=154969"},{"taxonomy":"product_tag","embeddable":true,"href":"https:\/\/www.acrartex.com\/es\/wp-json\/wp\/v2\/product_tag?post=154969"}],"curies":[{"name":"wp","href":"https:\/\/api.w.org\/{rel}","templated":true}]}}