{"id":154959,"date":"2021-03-16T08:18:08","date_gmt":"2021-03-16T13:18:08","guid":{"rendered":"https:\/\/www.acrartex.com\/products\/herramienta-de-extraccion-del-conector-tps\/"},"modified":"2021-03-16T08:18:08","modified_gmt":"2021-03-16T13:18:08","slug":"herramienta-de-extraccion-del-conector-tps","status":"publish","type":"product","link":"https:\/\/www.acrartex.com\/es\/products\/herramienta-de-extraccion-del-conector-tps\/","title":{"rendered":"Herramienta de extracci\u00f3n del conector TPS"},"content":{"rendered":"","protected":false},"excerpt":{"rendered":"<p>La herramienta de extracci\u00f3n de conectores TPS permite desconectar incluso los conectores m\u00e1s dif\u00edciles de encontrar, lo que permite una extracci\u00f3n r\u00e1pida y eficiente ELT (C406-2 y C406-2 HM, B406-4 y G406-4) y de la antena. Esta herramienta es compatible con los siguientes modelos ELT : C406-2, C406-2 HM, B406-4 y G406-4. <\/p>\n","protected":false},"featured_media":154966,"template":"","meta":{"_acf_changed":false,"om_disable_all_campaigns":false},"product_brand":[],"product_cat":[2926],"product_tag":[10868,10859,10862,10878,10856,10873,10877,10865,10876,10871,10875,10853],"class_list":{"0":"post-154959","1":"product","2":"type-product","3":"status-publish","4":"has-post-thumbnail","6":"product_cat-sin-categoria","7":"product_tag-145-0001-es","8":"product_tag-extraccion-de-conectores","9":"product_tag-extraccion-de-elt-para-mantenimiento","10":"product_tag-herramienta-de-eliminacion","11":"product_tag-herramienta-de-extraccion-del-conector-tps","12":"product_tag-n-o-de-pieza-145-0001","13":"product_tag-numero-de-pieza-145-0001-es","14":"product_tag-numero-de-pieza-145-0001","15":"product_tag-p-n4145-0001-es","16":"product_tag-pn-145-0001-es","17":"product_tag-pn4145-0001-es","18":"product_tag-tps-es","20":"first","21":"instock","22":"taxable","23":"shipping-taxable","24":"product-type-simple"},"acf":[],"_links":{"self":[{"href":"https:\/\/www.acrartex.com\/es\/wp-json\/wp\/v2\/product\/154959","targetHints":{"allow":["GET"]}}],"collection":[{"href":"https:\/\/www.acrartex.com\/es\/wp-json\/wp\/v2\/product"}],"about":[{"href":"https:\/\/www.acrartex.com\/es\/wp-json\/wp\/v2\/types\/product"}],"wp:featuredmedia":[{"embeddable":true,"href":"https:\/\/www.acrartex.com\/es\/wp-json\/wp\/v2\/media\/154966"}],"wp:attachment":[{"href":"https:\/\/www.acrartex.com\/es\/wp-json\/wp\/v2\/media?parent=154959"}],"wp:term":[{"taxonomy":"product_brand","embeddable":true,"href":"https:\/\/www.acrartex.com\/es\/wp-json\/wp\/v2\/product_brand?post=154959"},{"taxonomy":"product_cat","embeddable":true,"href":"https:\/\/www.acrartex.com\/es\/wp-json\/wp\/v2\/product_cat?post=154959"},{"taxonomy":"product_tag","embeddable":true,"href":"https:\/\/www.acrartex.com\/es\/wp-json\/wp\/v2\/product_tag?post=154959"}],"curies":[{"name":"wp","href":"https:\/\/api.w.org\/{rel}","templated":true}]}}