{"id":154886,"date":"2021-03-16T08:18:32","date_gmt":"2021-03-16T13:18:32","guid":{"rendered":"https:\/\/www.acrartex.com\/products\/l8-4\/"},"modified":"2021-03-16T08:18:32","modified_gmt":"2021-03-16T13:18:32","slug":"l8-4","status":"publish","type":"product","link":"https:\/\/www.acrartex.com\/es\/products\/l8-4\/","title":{"rendered":"L8-4"},"content":{"rendered":"<ul>\n<li>Aprobado por la FAA para su uso en chalecos salvavidas.<\/li>\n<li>La combinaci\u00f3n de l\u00e1mpara y lente produce una luz brillante visible a m\u00e1s de una milla<\/li>\n<li>Funciona en agua dulce o salada.<\/li>\n<li>Cable de longitud est\u00e1ndar de 18 pulgadas (46 cm); algunas longitudes personalizadas est\u00e1n disponibles (se aplican cantidades m\u00ednimas)<\/li>\n<li>Bater\u00eda activada por agua<\/li>\n<li>La vida \u00fatil de la operaci\u00f3n supera las 8 horas<\/li>\n<\/ul>\n","protected":false},"excerpt":{"rendered":"<p>La L8-4 es una luz de rescate personal que se activa con agua, aprobada por la FAA para su uso en chalecos salvavidas. La combinaci\u00f3n de l\u00e1mpara y lente de la L8-4 produce una luz potente, visible a m\u00e1s de una milla de distancia. Esta luz de rescate tiene una bater\u00eda que se activa con agua y, una vez activada, dura 8 horas.  <\/p>\n","protected":false},"featured_media":154887,"template":"","meta":{"_acf_changed":false,"om_disable_all_campaigns":false},"product_brand":[],"product_cat":[5527,5991,5992,8521],"product_tag":[10673,10667,10674,10678,10681,10675,10676,10677,10665,8064,10670,10672,10669,10668,10671,10664,10663,10666,10662,10679,10680],"class_list":{"0":"post-154886","1":"product","2":"type-product","3":"status-publish","4":"has-post-thumbnail","6":"product_cat-aviacion","7":"product_cat-aviacion-general","8":"product_cat-avion-de-negocios","9":"product_cat-aviones-comerciales","10":"product_tag-artex-pfd-es","11":"product_tag-chaleco-salvavidas-ligero-de-aviacion","12":"product_tag-l8-luz","13":"product_tag-l8-3-es","14":"product_tag-l8-4-luz","15":"product_tag-l82-es","16":"product_tag-l83-es","17":"product_tag-l84-es","18":"product_tag-luces-de-rescate","19":"product_tag-luces-estroboscopicas","20":"product_tag-luces-estroboscopicas-acr","21":"product_tag-luz-artex","22":"product_tag-luz-de-aviacion","23":"product_tag-luz-de-dfp-de-aviacion","24":"product_tag-luz-de-rescate","25":"product_tag-luz-estroboscopica-acr","26":"product_tag-luz-estroboscopica-de-emergencia","27":"product_tag-luz-estroboscopica-de-rescate","28":"product_tag-luz-estroboscopica-marina","29":"product_tag-luz-l8-3","30":"product_tag-luz-l84","31":"pa_product-legado","33":"first","34":"instock","35":"taxable","36":"shipping-taxable","37":"product-type-simple"},"acf":[],"_links":{"self":[{"href":"https:\/\/www.acrartex.com\/es\/wp-json\/wp\/v2\/product\/154886","targetHints":{"allow":["GET"]}}],"collection":[{"href":"https:\/\/www.acrartex.com\/es\/wp-json\/wp\/v2\/product"}],"about":[{"href":"https:\/\/www.acrartex.com\/es\/wp-json\/wp\/v2\/types\/product"}],"wp:featuredmedia":[{"embeddable":true,"href":"https:\/\/www.acrartex.com\/es\/wp-json\/wp\/v2\/media\/154887"}],"wp:attachment":[{"href":"https:\/\/www.acrartex.com\/es\/wp-json\/wp\/v2\/media?parent=154886"}],"wp:term":[{"taxonomy":"product_brand","embeddable":true,"href":"https:\/\/www.acrartex.com\/es\/wp-json\/wp\/v2\/product_brand?post=154886"},{"taxonomy":"product_cat","embeddable":true,"href":"https:\/\/www.acrartex.com\/es\/wp-json\/wp\/v2\/product_cat?post=154886"},{"taxonomy":"product_tag","embeddable":true,"href":"https:\/\/www.acrartex.com\/es\/wp-json\/wp\/v2\/product_tag?post=154886"}],"curies":[{"name":"wp","href":"https:\/\/api.w.org\/{rel}","templated":true}]}}