{"id":154878,"date":"2021-03-16T08:18:39","date_gmt":"2021-03-16T13:18:39","guid":{"rendered":"https:\/\/www.acrartex.com\/products\/antena-de-varilla-8603-tribanda\/"},"modified":"2021-03-16T08:18:39","modified_gmt":"2021-03-16T13:18:39","slug":"antena-de-varilla-8603-tribanda","status":"publish","type":"product","link":"https:\/\/www.acrartex.com\/es\/products\/antena-de-varilla-8603-tribanda\/","title":{"rendered":"Antena de varilla 8603, tribanda"},"content":{"rendered":"<p>Nuestra nueva antena de varilla est\u00e1 reforzada con vidrio y su carcasa de poli\u00e9ster recubre nuestra innovadora tecnolog\u00eda Tri-Band, que ofrece 121,5, 243 y 406 MHz en un formato compacto. Esta antena de alta eficiencia proporciona un solo conector BNC para instalaciones que requieren una configuraci\u00f3n de un solo conector. Dise\u00f1ada seg\u00fan TSO C91a y C128b.  <\/p>\n","protected":false},"excerpt":{"rendered":"<p>La antena de varilla ARTEX 8603 est\u00e1 reforzada con vidrio y una carcasa de poli\u00e9ster que recubre nuestra innovadora tecnolog\u00eda Tri-Band, ofreciendo frecuencias de 121.5, 243 y 406 MHz en un paquete compacto. Esta antena de alta eficiencia proporciona un solo conector BNC para instalaciones que requieren una configuraci\u00f3n de un solo conector. <\/p>\n","protected":false},"featured_media":154879,"template":"","meta":{"_acf_changed":false,"om_disable_all_campaigns":false},"product_brand":[],"product_cat":[5527,5991],"product_tag":[10440,10438,10200,10435,10198,10651,10192,10195,5532,10652,9964,10442],"class_list":{"0":"post-154878","1":"product","2":"type-product","3":"status-publish","4":"has-post-thumbnail","6":"product_cat-aviacion","7":"product_cat-aviacion-general","8":"product_tag-406-latigo-de-antena","9":"product_tag-406-varilla-de-antena","10":"product_tag-antena-121-243-es","11":"product_tag-antena-121-406","12":"product_tag-antena-de-doble-frecuencia","13":"product_tag-antena-de-varilla-elt-es","14":"product_tag-antena-tribanda","15":"product_tag-antena-tribanda-es","16":"product_tag-elt-es","17":"product_tag-numero-de-pieza-8603","18":"product_tag-tribanda","19":"product_tag-vara","20":"pa_aircraft-speed-0-200-nudos","21":"pa_aircraft-type-experimental-es","22":"pa_aircraft-type-multimotor","23":"pa_aircraft-type-un-solo-motor","24":"pa_product-accesorios-de-seguridad","25":"pa_product-soluciones-elt","27":"first","28":"instock","29":"taxable","30":"shipping-taxable","31":"product-type-simple"},"acf":[],"_links":{"self":[{"href":"https:\/\/www.acrartex.com\/es\/wp-json\/wp\/v2\/product\/154878","targetHints":{"allow":["GET"]}}],"collection":[{"href":"https:\/\/www.acrartex.com\/es\/wp-json\/wp\/v2\/product"}],"about":[{"href":"https:\/\/www.acrartex.com\/es\/wp-json\/wp\/v2\/types\/product"}],"wp:featuredmedia":[{"embeddable":true,"href":"https:\/\/www.acrartex.com\/es\/wp-json\/wp\/v2\/media\/154879"}],"wp:attachment":[{"href":"https:\/\/www.acrartex.com\/es\/wp-json\/wp\/v2\/media?parent=154878"}],"wp:term":[{"taxonomy":"product_brand","embeddable":true,"href":"https:\/\/www.acrartex.com\/es\/wp-json\/wp\/v2\/product_brand?post=154878"},{"taxonomy":"product_cat","embeddable":true,"href":"https:\/\/www.acrartex.com\/es\/wp-json\/wp\/v2\/product_cat?post=154878"},{"taxonomy":"product_tag","embeddable":true,"href":"https:\/\/www.acrartex.com\/es\/wp-json\/wp\/v2\/product_tag?post=154878"}],"curies":[{"name":"wp","href":"https:\/\/api.w.org\/{rel}","templated":true}]}}