{"id":154865,"date":"2021-03-16T08:18:44","date_gmt":"2021-03-16T13:18:44","guid":{"rendered":"https:\/\/www.acrartex.com\/products\/110-337-11-antena-406-cuchillas\/"},"modified":"2021-03-16T08:18:44","modified_gmt":"2021-03-16T13:18:44","slug":"110-337-11-antena-406-cuchillas","status":"publish","type":"product","link":"https:\/\/www.acrartex.com\/es\/products\/110-337-11-antena-406-cuchillas\/","title":{"rendered":"110-337-11 Antena, 406 cuchillas"},"content":{"rendered":"<p>Antena de l\u00e1mina tribanda de alta velocidad que integra las frecuencias de 121,5, 243 y 406 MHz en un formato compacto. La 110-337-11 ofrece dos conectores para instalaciones que requieren esta configuraci\u00f3n. Dise\u00f1ada para cumplir con los requisitos de la norma TSOA C91a y la prueba de llama Eurocae ED 62.  <\/p>\n<p>Ofrece dos m\u00e9todos de conexi\u00f3n segura para fijar la antena a la aeronave. Elija entre montaje con tornillos o con placa base. <\/p>\n","protected":false},"excerpt":{"rendered":"<p>La antena 110-337-11 est\u00e1 equipada con nuestra innovadora tecnolog\u00eda Tri-Band, que integra las frecuencias de 121,5, 243 y 406 MHz en un paquete compacto. Esta antena de cuchilla de alta velocidad ofrece dos conectores para instalaciones que requieren esta configuraci\u00f3n espec\u00edfica. Adem\u00e1s, ofrecemos dos m\u00e9todos de conexi\u00f3n segura para fijarla a su aeronave: montaje con tornillos o montaje en placa base. Al igual que todos nuestros equipos, esta antena est\u00e1 dise\u00f1ada para cumplir con los est\u00e1ndares de la industria. Este producto cumple con los requisitos de TSOA C91a y la prueba de llama Eurocae ED 62.    <\/p>\n","protected":false},"featured_media":154866,"template":"","meta":{"_acf_changed":false,"om_disable_all_campaigns":false},"product_brand":[],"product_cat":[5527],"product_tag":[10200,10435,10202,10198,10203,10214,10207,10212,10205,10210,10192,10195,10445],"class_list":{"0":"post-154865","1":"product","2":"type-product","3":"status-publish","4":"has-post-thumbnail","6":"product_cat-aviacion","7":"product_tag-antena-121-243-es","8":"product_tag-antena-121-406","9":"product_tag-antena-406","10":"product_tag-antena-de-doble-frecuencia","11":"product_tag-antena-de-hoja-elt","12":"product_tag-antena-de-hoja-elt-es","13":"product_tag-antena-de-latigo-elt","14":"product_tag-antena-de-latigo-elt-es","15":"product_tag-antena-de-varilla-elt","16":"product_tag-antena-rode-elt-es","17":"product_tag-antena-tribanda","18":"product_tag-antena-tribanda-es","19":"product_tag-hoja-de-antena-406","21":"first","22":"instock","23":"taxable","24":"shipping-taxable","25":"product-type-simple"},"acf":[],"_links":{"self":[{"href":"https:\/\/www.acrartex.com\/es\/wp-json\/wp\/v2\/product\/154865","targetHints":{"allow":["GET"]}}],"collection":[{"href":"https:\/\/www.acrartex.com\/es\/wp-json\/wp\/v2\/product"}],"about":[{"href":"https:\/\/www.acrartex.com\/es\/wp-json\/wp\/v2\/types\/product"}],"wp:featuredmedia":[{"embeddable":true,"href":"https:\/\/www.acrartex.com\/es\/wp-json\/wp\/v2\/media\/154866"}],"wp:attachment":[{"href":"https:\/\/www.acrartex.com\/es\/wp-json\/wp\/v2\/media?parent=154865"}],"wp:term":[{"taxonomy":"product_brand","embeddable":true,"href":"https:\/\/www.acrartex.com\/es\/wp-json\/wp\/v2\/product_brand?post=154865"},{"taxonomy":"product_cat","embeddable":true,"href":"https:\/\/www.acrartex.com\/es\/wp-json\/wp\/v2\/product_cat?post=154865"},{"taxonomy":"product_tag","embeddable":true,"href":"https:\/\/www.acrartex.com\/es\/wp-json\/wp\/v2\/product_tag?post=154865"}],"curies":[{"name":"wp","href":"https:\/\/api.w.org\/{rel}","templated":true}]}}