{"id":154638,"date":"2021-03-16T08:10:42","date_gmt":"2021-03-16T13:10:42","guid":{"rendered":"https:\/\/www.acrartex.com\/products\/elt-3000\/"},"modified":"2021-03-16T08:10:42","modified_gmt":"2021-03-16T13:10:42","slug":"elt-3000","status":"publish","type":"product","link":"https:\/\/www.acrartex.com\/es\/products\/elt-3000\/","title":{"rendered":"ELT 3000"},"content":{"rendered":"<p>Con los datos de navegaci\u00f3n de la aeronave perfectamente integrados, la latitud y longitud se transmiten autom\u00e1ticamente cada 50 segundos durante 24 horas en la frecuencia de socorro de 406 MHz. Esto permite a los servicios de emergencia determinar la ubicaci\u00f3n exacta de la aeronave en cuesti\u00f3n de minutos desde la activaci\u00f3n de la baliza. <\/p>\n<p>El ARTEX ELT 3000 est\u00e1 dise\u00f1ado para reducir el tama\u00f1o y el peso del sistema ELT en un paquete f\u00e1cil de instalar. Para simplificar la instalaci\u00f3n, el ARTEX ELT 3000 utiliza una \u00fanica salida de RF que se conecta a una antena tribanda, reduciendo la instalaci\u00f3n a un solo cable coaxial.  La antena de entrada \u00fanica y la eliminaci\u00f3n de una interfaz NAV externa reducen en gran medida los costos de instalaci\u00f3n.<\/p>\n<p>El ARTEX ELT 3000 es compatible con el exclusivo sistema de pruebas de confirmaci\u00f3n satelital en l\u00ednea de ARTEX , 406Test.com. Este sistema exclusivo proporciona resultados de pruebas de balizas en tiempo real a trav\u00e9s de los mismos sat\u00e9lites utilizados en B\u00fasqueda y Rescate, lo que garantiza el correcto funcionamiento del sistema ELT .  Hay una raz\u00f3n por la que los ELT ARTEX son la elecci\u00f3n de m\u00e1s fabricantes de aeronaves que cualquier otro: conf\u00edan en ARTEX para construir productos de la m\u00e1s alta calidad sabiendo que se utilizan para salvar vidas.<\/p>\n<p><strong>C\u00f3mo funciona el ARTEX ELT 3000<\/strong><\/p>\n<p>El ARTEX ELT 3000 puede activarse manualmente (mediante el interruptor remoto de la cabina) o autom\u00e1ticamente (el G-Switch detecta un impacto de 2,3 G o superior) y alerta a la agencia de b\u00fasqueda y rescate m\u00e1s cercana de una emergencia. La se\u00f1al de 406 MHz, que contiene las coordenadas GPS de la aeronave, se transmite a los sat\u00e9lites Cospas-Sarsat y se retransmite al Centro de Control de Misi\u00f3n, donde se env\u00eda inmediatamente a la agencia de b\u00fasqueda y rescate m\u00e1s cercana. La baliza proporciona a los equipos de emergencia la ubicaci\u00f3n exacta con una precisi\u00f3n de 100 metros. Finalmente, las se\u00f1ales de localizaci\u00f3n de 121,5\/243 MHz ayudan a las fuerzas terrestres de b\u00fasqueda y rescate a localizar la ubicaci\u00f3n de la emergencia.   <\/p>\n<p><strong>Facilidad de instalaci\u00f3n<\/strong><\/p>\n<p>El ARTEX ELT 3000 ofrece una modernizaci\u00f3n r\u00e1pida y sencilla con opciones de instalaci\u00f3n flexibles, como un interruptor remoto de dos o cinco cables que no requiere alimentaci\u00f3n de la aeronave. Al ser un ELT de una sola salida, el ELT 3000 utiliza la misma salida de RF y un solo cable coaxial para transmitir se\u00f1ales de 406 MHz y 121,5\/243 MHz. La interfaz de navegaci\u00f3n integrada reduce la necesidad de instalar una interfaz externa secundaria, lo que reduce considerablemente el coste de instalaci\u00f3n. Hay dos bandejas de montaje disponibles. Una ocupa el m\u00ednimo espacio posible, mientras que la otra se adapta a las instalaciones ELT ARTEX de las series B y C, lo que reduce a\u00fan m\u00e1s los costes de ingenier\u00eda.    <\/p>\n<p><strong>Caracter\u00edsticas del producto<\/strong><\/p>\n<ul>\n<li>El ELT de 406 MHz m\u00e1s peque\u00f1o disponible y ELT de grado de transporte m\u00e1s ligero con interfaz ARINC\/ GPS RS232<\/li>\n<li>Emergency Locator Transmitter fijo autom\u00e1tico<\/li>\n<li>Radiobaliza de socorro trifrecuencia, se\u00f1ales de localizaci\u00f3n digitales de 406 MHz y anal\u00f3gicas de 121,5\/243 MHz<\/li>\n<li>Activaci\u00f3n autom\u00e1tica mediante interruptor G interno<\/li>\n<li>Antena tribanda con conector \u00fanico y cable al transmisor<\/li>\n<li>F\u00e1cil mantenimiento e instalaci\u00f3n<\/li>\n<li>Muchas opciones de interruptores remotos de cabina disponibles<\/li>\n<li>Se puede conectar al GPS integrado a trav\u00e9s de la interfaz ARINC429 o RS232<\/li>\n<li>Los datos GPS est\u00e1n integrados en la transmisi\u00f3n digital, lo que reduce el radio de b\u00fasqueda a 100 metros.<\/li>\n<li>Cobertura mundial Cospas-Sarsat<\/li>\n<li>Bater\u00eda de 6 a\u00f1os de duraci\u00f3n (reemplazable)<\/li>\n<li>Versi\u00f3n de helic\u00f3ptero con G-Switch de 5 ejes disponible<\/li>\n<li>Compatible con el sistema de prueba de confirmaci\u00f3n satelital ARTEX 406Test.com<\/li>\n<li>Cumple con los requisitos de la FAA y la EASA<\/li>\n<\/ul>\n<p>Lista de paquetes de ELT<\/p>\n<table style=\"border-collapse: collapse; width: 745pt; border: none;\" width=\"994\">\n<colgroup>\n<col style=\"width: 140pt;\" width=\"187\">\n<col style=\"width: 219pt;\" width=\"292\">\n<col style=\"width: 197pt;\" width=\"263\">\n<col style=\"width: 189pt;\" width=\"252\"> <\/colgroup>\n<tbody>\n<tr style=\"height: 20.0pt;\">\n<td class=\"xl66\" style=\"border: none; height: 20.0pt; width: 140pt; text-align: center; vertical-align: middle; padding-top: 1px; padding-right: 1px; padding-left: 1px;\" width=\"187\" height=\"27\"><\/td>\n<td class=\"xl68\" style=\"border: 0.5pt solid gray; background: #3c404a; width: 219pt; text-align: center; vertical-align: middle; padding-top: 1px; padding-right: 1px; padding-left: 1px;\" width=\"292\"><span style=\"font-size: 11pt;\"><span style=\"color: #b0e40a;\"><span style=\"font-weight: bold;\"><span style=\"font-style: normal;\"><span style=\"text-decoration: none;\"><span style=\"font-family: Calibri,sans-serif;\">Antena<\/span><\/span><\/span><\/span><\/span><\/span><\/td>\n<td class=\"xl68\" style=\"border: 0.5pt solid gray; background: #3c404a; border-left: none; width: 197pt; text-align: center; vertical-align: middle; padding-top: 1px; padding-right: 1px; padding-left: 1px;\" width=\"263\"><span style=\"font-size: 11pt;\"><span style=\"color: #b0e40a;\"><span style=\"font-weight: bold;\"><span style=\"font-style: normal;\"><span style=\"text-decoration: none;\"><span style=\"font-family: Calibri,sans-serif;\">Interruptor remoto y accesorios<\/span><\/span><\/span><\/span><\/span><\/span><\/td>\n<td class=\"xl67\" style=\"border: none; background: #3c404a; border-left: none; width: 189pt; text-align: center; vertical-align: middle; border-width: 0.5pt; border-style: solid; border-color: gray windowtext gray gray; padding-top: 1px; padding-right: 1px; padding-left: 1px;\" width=\"252\"><span style=\"font-size: 11pt;\"><span style=\"color: #b0e40a;\"><span style=\"font-weight: bold;\"><span style=\"font-style: normal;\"><span style=\"text-decoration: none;\"><span style=\"font-family: Calibri,sans-serif;\">Manuales\/Aprobaciones\/Descargas<\/span><\/span><\/span><\/span><\/span><\/span><\/td>\n<\/tr>\n<tr style=\"height: 20.0pt;\">\n<td class=\"xl70\" style=\"border: 0.5pt solid gray; background: #b0e40a; height: 20.0pt; text-align: center; vertical-align: middle; padding-top: 1px; padding-right: 1px; padding-left: 1px;\" height=\"27\"><span style=\"font-size: 11pt;\"><span style=\"font-weight: 400;\"><span style=\"font-style: normal;\"><span style=\"text-decoration: none;\"><span style=\"font-family: Calibri,sans-serif;\">ELT 3000 8221<\/span><\/span><\/span><\/span><\/span><\/td>\n<td class=\"xl69\" style=\"border: none; padding-top: 1px; padding-right: 1px; padding-left: 1px; vertical-align: bottom;\"><span style=\"font-size: 11pt;\"><span style=\"font-weight: 400;\"><span style=\"font-style: normal;\"><span style=\"text-decoration: none;\"><span style=\"font-family: Calibri,sans-serif;\"> <\/span><\/span><\/span><\/span><\/span><\/td>\n<td class=\"xl66\" style=\"border: none; text-align: center; vertical-align: middle; padding-top: 1px; padding-right: 1px; padding-left: 1px;\"><\/td>\n<td class=\"xl66\" style=\"border: none; text-align: center; vertical-align: middle; padding-top: 1px; padding-right: 1px; padding-left: 1px;\"><a href=\"https:\/\/www.dropbox.com\/s\/xbba3p4g5qxvgid\/8221d.pdf?dl=1\"><span style=\"font-size: 11pt;\"><span style=\"font-weight: 400;\"><span style=\"font-style: normal;\"><span style=\"text-decoration: none;\"><span style=\"font-family: Calibri,sans-serif;\">Lista de paquetes<\/span><\/span><\/span><\/span><\/span><\/a><\/td>\n<\/tr>\n<tr style=\"height: 20.0pt;\">\n<td class=\"xl70\" style=\"border: 0.5pt solid gray; background: #b0e40a; height: 20.0pt; border-top: none; text-align: center; vertical-align: middle; padding-top: 1px; padding-right: 1px; padding-left: 1px;\" height=\"27\"><span style=\"font-size: 11pt;\"><span style=\"font-weight: 400;\"><span style=\"font-style: normal;\"><span style=\"text-decoration: none;\"><span style=\"font-family: Calibri,sans-serif;\">ELT 3000 8222<\/span><\/span><\/span><\/span><\/span><\/td>\n<td class=\"xl66\" style=\"border: none; text-align: center; vertical-align: middle; padding-top: 1px; padding-right: 1px; padding-left: 1px;\"><\/td>\n<td class=\"xl66\" style=\"border: none; text-align: center; vertical-align: middle; padding-top: 1px; padding-right: 1px; padding-left: 1px;\"><\/td>\n<td class=\"xl66\" style=\"border: none; text-align: center; vertical-align: middle; padding-top: 1px; padding-right: 1px; padding-left: 1px;\"><a href=\"https:\/\/www.dropbox.com\/s\/q04di0l0nlga6ql\/8222b.pdf?dl=1\"><span style=\"font-size: 11pt;\"><span style=\"font-weight: 400;\"><span style=\"font-style: normal;\"><span style=\"text-decoration: none;\"><span style=\"font-family: Calibri,sans-serif;\">Lista de paquetes<\/span><\/span><\/span><\/span><\/span><\/a><\/td>\n<\/tr>\n<tr style=\"height: 20.0pt;\">\n<td class=\"xl70\" style=\"border: 0.5pt solid gray; background: #b0e40a; height: 20.0pt; border-top: none; text-align: center; vertical-align: middle; padding-top: 1px; padding-right: 1px; padding-left: 1px;\" height=\"27\"><span style=\"font-size: 11pt;\"><span style=\"font-weight: 400;\"><span style=\"font-style: normal;\"><span style=\"text-decoration: none;\"><span style=\"font-family: Calibri,sans-serif;\">ELT 3000 8223<\/span><\/span><\/span><\/span><\/span><\/td>\n<td class=\"xl66\" style=\"border: none; text-align: center; vertical-align: middle; padding-top: 1px; padding-right: 1px; padding-left: 1px;\"><span style=\"font-size: 11pt;\"><span style=\"font-weight: 400;\"><span style=\"font-style: normal;\"><span style=\"text-decoration: none;\"><span style=\"font-family: Calibri,sans-serif;\">110-338 (blanco) y 110-338-01 (negro)<\/span><\/span><\/span><\/span><\/span><\/td>\n<td class=\"xl66\" style=\"border: none; text-align: center; vertical-align: middle; padding-top: 1px; padding-right: 1px; padding-left: 1px;\"><span style=\"font-size: 11pt;\"><span style=\"font-weight: 400;\"><span style=\"font-style: normal;\"><span style=\"text-decoration: none;\"><span style=\"font-family: Calibri,sans-serif;\">8304<\/span><\/span><\/span><\/span><\/span><\/td>\n<td class=\"xl66\" style=\"border: none; text-align: center; vertical-align: middle; padding-top: 1px; padding-right: 1px; padding-left: 1px;\"><a href=\"https:\/\/www.dropbox.com\/s\/1ugrlpsd9nqpknt\/8223b.pdf?dl=1\"><span style=\"font-size: 11pt;\"><span style=\"font-weight: 400;\"><span style=\"font-style: normal;\"><span style=\"text-decoration: none;\"><span style=\"font-family: Calibri,sans-serif;\">Lista de paquetes<\/span><\/span><\/span><\/span><\/span><\/a><\/td>\n<\/tr>\n<tr style=\"height: 20.0pt;\">\n<td class=\"xl70\" style=\"border: 0.5pt solid gray; background: #b0e40a; height: 20.0pt; border-top: none; text-align: center; vertical-align: middle; padding-top: 1px; padding-right: 1px; padding-left: 1px;\" height=\"27\"><span style=\"font-size: 11pt;\"><span style=\"font-weight: 400;\"><span style=\"font-style: normal;\"><span style=\"text-decoration: none;\"><span style=\"font-family: Calibri,sans-serif;\">ELT 3000 8224<\/span><\/span><\/span><\/span><\/span><\/td>\n<td class=\"xl66\" style=\"border: none; text-align: center; vertical-align: middle; padding-top: 1px; padding-right: 1px; padding-left: 1px;\"><span style=\"font-size: 11pt;\"><span style=\"font-weight: 400;\"><span style=\"font-style: normal;\"><span style=\"text-decoration: none;\"><span style=\"font-family: Calibri,sans-serif;\">110-340 y 110-340-01 (Borde protector)<\/span><\/span><\/span><\/span><\/span><\/td>\n<td class=\"xl66\" style=\"border: none; text-align: center; vertical-align: middle; padding-top: 1px; padding-right: 1px; padding-left: 1px;\"><span style=\"font-size: 11pt;\"><span style=\"font-weight: 400;\"><span style=\"font-style: normal;\"><span style=\"text-decoration: none;\"><span style=\"font-family: Calibri,sans-serif;\">8304<\/span><\/span><\/span><\/span><\/span><\/td>\n<td class=\"xl66\" style=\"border: none; text-align: center; vertical-align: middle; padding-top: 1px; padding-right: 1px; padding-left: 1px;\"><a href=\"https:\/\/www.dropbox.com\/s\/8hg8d7dglsuvqxu\/8224b.pdf?dl=1\"><span style=\"font-size: 11pt;\"><span style=\"font-weight: 400;\"><span style=\"font-style: normal;\"><span style=\"text-decoration: none;\"><span style=\"font-family: Calibri,sans-serif;\">Lista de paquetes<\/span><\/span><\/span><\/span><\/span><\/a><\/td>\n<\/tr>\n<\/tbody>\n<\/table>\n","protected":false},"excerpt":{"rendered":"<p>Nunca estar\u00e1 completamente preparado sin un Emergency Locator Transmitter ( ELT ) a bordo. El ELT 3000\u2122 es un dispositivo de seguridad verdaderamente integrado. Su dise\u00f1o compacto e interfaz de navegaci\u00f3n garantizan una instalaci\u00f3n sencilla y que los equipos de b\u00fasqueda y rescate siempre puedan localizar su aeronave. Adem\u00e1s, el ELT3000 transmite autom\u00e1ticamente su latitud y longitud cada 50 segundos durante 24 horas en la frecuencia de socorro de 406 MHz. Esto permite a los servicios de emergencia locales determinar la ubicaci\u00f3n exacta de la aeronave en cuesti\u00f3n de minutos tras la activaci\u00f3n de la baliza, en caso de emergencia. Prep\u00e1rese para lo impredecible: \u2013 Activaci\u00f3n manual y autom\u00e1tica \u2013 Interruptor remoto de dos cables \u2013 Instalaci\u00f3n flexible \u2013 Soporte de montaje de acero inoxidable \u2013 Interfaz de navegaci\u00f3n integrada     <\/p>\n<p><span style=\"color: #3366ff;\"><strong>Este producto ha sido descontinuado<\/strong><\/span><\/p>\n<p><a href=\"https:\/\/www.acrartex.com\/survival-products\/406test\"><img decoding=\"async\" style=\"width: 300px; height: 41px;\" src=\"https:\/\/dk2ztu5ooimmu.cloudfront.net\/ckeditor_assets\/pictures\/146\/406Test_with_desc_-_Tag.gif\" alt=\"\"><\/a><\/p>\n","protected":false},"featured_media":154640,"template":"","meta":{"_acf_changed":false,"om_disable_all_campaigns":false},"product_brand":[],"product_cat":[5527,5992,8521],"product_tag":[8123,8124,5532,5538,10090,10088,8874],"class_list":{"0":"post-154638","1":"product","2":"type-product","3":"status-publish","4":"has-post-thumbnail","6":"product_cat-aviacion","7":"product_cat-avion-de-negocios","8":"product_cat-aviones-comerciales","9":"product_tag-acre-es","10":"product_tag-artex-es","11":"product_tag-elt-es","12":"product_tag-elt-3000-es","13":"product_tag-elt3000-es","14":"product_tag-transmisor","15":"product_tag-transmisor-localizador-electronico-es","16":"pa_aircraft-speed-200-350-nudos","17":"pa_aircraft-speed-350-nudos","18":"pa_aircraft-type-jets-de-tamano-mediano","19":"pa_aircraft-type-jets-ligeros","20":"pa_product-legado","21":"pa_product-soluciones-elt","23":"first","24":"outofstock","25":"taxable","26":"shipping-taxable","27":"product-type-simple"},"acf":[],"_links":{"self":[{"href":"https:\/\/www.acrartex.com\/es\/wp-json\/wp\/v2\/product\/154638","targetHints":{"allow":["GET"]}}],"collection":[{"href":"https:\/\/www.acrartex.com\/es\/wp-json\/wp\/v2\/product"}],"about":[{"href":"https:\/\/www.acrartex.com\/es\/wp-json\/wp\/v2\/types\/product"}],"wp:featuredmedia":[{"embeddable":true,"href":"https:\/\/www.acrartex.com\/es\/wp-json\/wp\/v2\/media\/154640"}],"wp:attachment":[{"href":"https:\/\/www.acrartex.com\/es\/wp-json\/wp\/v2\/media?parent=154638"}],"wp:term":[{"taxonomy":"product_brand","embeddable":true,"href":"https:\/\/www.acrartex.com\/es\/wp-json\/wp\/v2\/product_brand?post=154638"},{"taxonomy":"product_cat","embeddable":true,"href":"https:\/\/www.acrartex.com\/es\/wp-json\/wp\/v2\/product_cat?post=154638"},{"taxonomy":"product_tag","embeddable":true,"href":"https:\/\/www.acrartex.com\/es\/wp-json\/wp\/v2\/product_tag?post=154638"}],"curies":[{"name":"wp","href":"https:\/\/api.w.org\/{rel}","templated":true}]}}