{"id":154569,"date":"2021-03-16T08:19:54","date_gmt":"2021-03-16T13:19:54","guid":{"rendered":"https:\/\/www.acrartex.com\/products\/megafono\/"},"modified":"2021-03-16T08:19:54","modified_gmt":"2021-03-16T13:19:54","slug":"megafono","status":"publish","type":"product","link":"https:\/\/www.acrartex.com\/es\/products\/megafono\/","title":{"rendered":"Meg\u00e1fono"},"content":{"rendered":"<p>Los ACR \/EM-1A, ACR \/EM-2BA y ACR \/EM-1D se han dise\u00f1ado para minimizar la retroalimentaci\u00f3n ac\u00fastica regenerativa que produce silbidos y otras oscilaciones de este tipo. Cuentan con un \u00e1ngulo de proyecci\u00f3n de sonido de 90\u00b0 para dirigir el sonido a las personas en su proximidad inmediata, as\u00ed como a las secciones traseras de cualquier aeronave. El paso de banda de frecuencia del amplificador se ha seleccionado para producir una reproducci\u00f3n n\u00edtida y clara de las se\u00f1ales de voz. Su nivel de potencia operativa tambi\u00e9n es suficiente para proporcionar un sonido adecuado en condiciones de alto nivel de ruido ambiental sin resultar abrumador. Se ha prestado especial atenci\u00f3n a su tama\u00f1o para que puedan utilizarse eficazmente en entornos concurridos. Disponible exclusivamente a trav\u00e9s de Kellstrom Aerospace.     <\/p>\n","protected":false},"excerpt":{"rendered":"<p>Los meg\u00e1fonos de seguridad port\u00e1tiles ACR EM-1A, EM-2BA y EM-1D se han dise\u00f1ado para minimizar la retroalimentaci\u00f3n ac\u00fastica que produce silbidos y otros sonidos similares. Cada meg\u00e1fono cuenta con un \u00e1ngulo de proyecci\u00f3n de sonido de 90\u00b0 para que las personas en las inmediaciones, as\u00ed como en la parte trasera de la aeronave, puedan o\u00edr el mensaje. Adem\u00e1s, el paso de banda de frecuencia del amplificador se ha seleccionado para producir una reproducci\u00f3n n\u00edtida y clara de las se\u00f1ales de voz. Se ha prestado especial atenci\u00f3n al tama\u00f1o del meg\u00e1fono para que cada modelo pueda utilizarse eficazmente en entornos concurridos.   <\/p>\n<p>&nbsp;<\/p>\n","protected":false},"featured_media":154571,"template":"","meta":{"_acf_changed":false,"om_disable_all_campaigns":false},"product_brand":[],"product_cat":[5527,5992,8521],"product_tag":[9931,9933,9941,9935,9937,9939],"class_list":{"0":"post-154569","1":"product","2":"type-product","3":"status-publish","4":"has-post-thumbnail","6":"product_cat-aviacion","7":"product_cat-avion-de-negocios","8":"product_cat-aviones-comerciales","9":"product_tag-em-1a-es","10":"product_tag-em-1d-es","11":"product_tag-megafono-es","12":"product_tag-megafono-de-aviacion-comercial","13":"product_tag-megafono-de-boeing","14":"product_tag-megafono-de-voz-de-cabina-de-avion","15":"pa_aircraft-type-avion-de-pasajeros","16":"pa_aircraft-type-aviones-de-pasajeros","17":"pa_aircraft-type-jets-de-tamano-mediano","18":"pa_product-megafonos","20":"first","21":"instock","22":"taxable","23":"shipping-taxable","24":"product-type-simple"},"acf":[],"_links":{"self":[{"href":"https:\/\/www.acrartex.com\/es\/wp-json\/wp\/v2\/product\/154569","targetHints":{"allow":["GET"]}}],"collection":[{"href":"https:\/\/www.acrartex.com\/es\/wp-json\/wp\/v2\/product"}],"about":[{"href":"https:\/\/www.acrartex.com\/es\/wp-json\/wp\/v2\/types\/product"}],"wp:featuredmedia":[{"embeddable":true,"href":"https:\/\/www.acrartex.com\/es\/wp-json\/wp\/v2\/media\/154571"}],"wp:attachment":[{"href":"https:\/\/www.acrartex.com\/es\/wp-json\/wp\/v2\/media?parent=154569"}],"wp:term":[{"taxonomy":"product_brand","embeddable":true,"href":"https:\/\/www.acrartex.com\/es\/wp-json\/wp\/v2\/product_brand?post=154569"},{"taxonomy":"product_cat","embeddable":true,"href":"https:\/\/www.acrartex.com\/es\/wp-json\/wp\/v2\/product_cat?post=154569"},{"taxonomy":"product_tag","embeddable":true,"href":"https:\/\/www.acrartex.com\/es\/wp-json\/wp\/v2\/product_tag?post=154569"}],"curies":[{"name":"wp","href":"https:\/\/api.w.org\/{rel}","templated":true}]}}