{"id":154393,"date":"2021-03-16T08:20:39","date_gmt":"2021-03-16T08:20:39","guid":{"rendered":"https:\/\/www.acrartex.com\/products\/radio-de-supervivencia-portatil-vhf-sr203\/"},"modified":"2026-01-07T14:33:52","modified_gmt":"2026-01-07T19:33:52","slug":"radio-de-supervivencia-portatil-vhf-sr203","status":"publish","type":"product","link":"https:\/\/www.acrartex.com\/es\/products\/radio-de-supervivencia-portatil-vhf-sr203\/","title":{"rendered":"Radio de supervivencia port\u00e1til VHF SR203"},"content":{"rendered":"<p>La pantalla digital y los botones de control est\u00e1n retroiluminados, lo que facilita su uso en entornos con poca luz. Una vez activado, el SR203 sintoniza autom\u00e1ticamente el Canal 16 y cuenta con un solo bot\u00f3n de llamada al Canal 16 para volver r\u00e1pidamente al canal de emergencia. La radio VHF port\u00e1til SR203 ofrece una excepcional duraci\u00f3n de bater\u00eda de m\u00e1s de 16 horas (a -20 \u00b0C) gracias a su transmisor de alta eficiencia, dise\u00f1ado para maximizar la vida \u00fatil de la bater\u00eda. La innovadora pesta\u00f1a de protecci\u00f3n de la bater\u00eda permite que la bater\u00eda principal se fije permanentemente a la radio sin riesgo de descarga. La radio siempre estar\u00e1 disponible para su uso en caso de emergencia sin necesidad de retirar las etiquetas protectoras. Simplemente rompa la pesta\u00f1a protectora roja y la radio estar\u00e1 lista de inmediato para encenderse en el canal 16. Para el uso diario, ACR ofrece una opci\u00f3n de bater\u00eda recargable de pol\u00edmero de litio. El cargador r\u00e1pido de liberaci\u00f3n r\u00e1pida proporciona la soluci\u00f3n ideal para mantener las bater\u00edas completamente cargadas.       <\/p>\n<ul>\n<li>  Transmisor eficiente<\/li>\n<li>  Dise\u00f1o robusto<\/li>\n<li>  La bater\u00eda primaria de litio supera los requisitos del GMDSS<\/li>\n<li>  Pesta\u00f1a protectora de la bater\u00eda<\/li>\n<li>  Bater\u00edas no peligrosas<\/li>\n<li>  16 horas de vida \u00fatil t\u00edpica<\/li>\n<li>  Kit de bater\u00eda recargable opcional<\/li>\n<li>  Botones de control grabados con l\u00e1ser<\/li>\n<li>  Pantalla y teclado digitales de alto contraste y retroiluminados<\/li>\n<li>  21 canales<\/li>\n<\/ul>\n","protected":false},"excerpt":{"rendered":"<p>La radio port\u00e1til de supervivencia SR203 VHF es un dispositivo aprobado por la FCC, dise\u00f1ado para todas las aplicaciones marinas. Su pantalla digital y botones de control est\u00e1n retroiluminados, lo que facilita su uso en entornos oscuros. Si necesita ayuda, la SR203 VHF es f\u00e1cil de usar. Una vez activada, esta radio de supervivencia sintoniza autom\u00e1ticamente el canal 16 de emergencia y cuenta con un solo bot\u00f3n de llamada para que pueda enviar r\u00e1pidamente su mensaje de socorro. La SR203 VHF tiene una duraci\u00f3n de bater\u00eda de m\u00e1s de 16 horas y cumple con todos los requisitos de la OMI.    <\/p>\n<p>&nbsp;<\/p>\n<p><strong>Este producto no est\u00e1 disponible para la venta comercial.<\/strong><\/p>\n<p>&nbsp;<\/p>\n","protected":false},"featured_media":154394,"template":"","meta":{"_acf_changed":false,"om_disable_all_campaigns":false},"product_brand":[],"product_cat":[5986,5775,5985],"product_tag":[9668,9675,9674,9663,9664,9670,9666,9673,9672,9676,9665,9671,9667,9669],"class_list":{"0":"post-154393","1":"product","2":"type-product","3":"status-publish","4":"has-post-thumbnail","6":"product_cat-comercial","7":"product_cat-marina-es","8":"product_cat-off-shore-es","9":"product_tag-antena-de-radio-vhf-marina","10":"product_tag-radio-aprobada-por-el-gmdss","11":"product_tag-radio-de-supervivencia-gmdss","12":"product_tag-radio-marina-vhf-es","13":"product_tag-radio-marina-vhf-es-2","14":"product_tag-radio-portatil-vhf","15":"product_tag-radio-vhf-es","16":"product_tag-radio-vhf-gmdss-es","17":"product_tag-radio-vhf-marina-portatil","18":"product_tag-radio-vhf-smssm","19":"product_tag-radios-marinas-vhf","20":"product_tag-radios-marinas-vhf-en-venta","21":"product_tag-radios-vhf-es","22":"product_tag-resenas-de-radios-marinas-vhf","23":"pa_boat-size-80-es","24":"pa_boat-type-buque-de-carga","25":"pa_boat-type-pesca-comercial","26":"pa_boat-type-remolcador","27":"pa_boat-type-velero","28":"pa_boat-type-yate","29":"pa_boat-type-yate-de-alquiler","30":"pa_product-rescue-beacons-vhf-sart-es","32":"first","33":"instock","34":"taxable","35":"shipping-taxable","36":"product-type-simple"},"acf":[],"_links":{"self":[{"href":"https:\/\/www.acrartex.com\/es\/wp-json\/wp\/v2\/product\/154393","targetHints":{"allow":["GET"]}}],"collection":[{"href":"https:\/\/www.acrartex.com\/es\/wp-json\/wp\/v2\/product"}],"about":[{"href":"https:\/\/www.acrartex.com\/es\/wp-json\/wp\/v2\/types\/product"}],"wp:featuredmedia":[{"embeddable":true,"href":"https:\/\/www.acrartex.com\/es\/wp-json\/wp\/v2\/media\/154394"}],"wp:attachment":[{"href":"https:\/\/www.acrartex.com\/es\/wp-json\/wp\/v2\/media?parent=154393"}],"wp:term":[{"taxonomy":"product_brand","embeddable":true,"href":"https:\/\/www.acrartex.com\/es\/wp-json\/wp\/v2\/product_brand?post=154393"},{"taxonomy":"product_cat","embeddable":true,"href":"https:\/\/www.acrartex.com\/es\/wp-json\/wp\/v2\/product_cat?post=154393"},{"taxonomy":"product_tag","embeddable":true,"href":"https:\/\/www.acrartex.com\/es\/wp-json\/wp\/v2\/product_tag?post=154393"}],"curies":[{"name":"wp","href":"https:\/\/api.w.org\/{rel}","templated":true}]}}