{"id":154320,"date":"2021-03-16T08:21:28","date_gmt":"2021-03-16T13:21:28","guid":{"rendered":"https:\/\/www.acrartex.com\/products\/enlace-ais-cb1\/"},"modified":"2021-03-16T08:21:28","modified_gmt":"2021-03-16T13:21:28","slug":"enlace-ais-cb1","status":"publish","type":"product","link":"https:\/\/www.acrartex.com\/es\/products\/enlace-ais-cb1\/","title":{"rendered":"Enlace AIS CB1"},"content":{"rendered":"<p><strong>Caracter\u00edsticas:<\/strong><\/p>\n<ul>\n<li>Antena GPS interna<\/li>\n<li>Aprobado en todo el mundo<\/li>\n<li>Bajo consumo de energ\u00eda<\/li>\n<li>F\u00e1cil instalaci\u00f3n<\/li>\n<li>Modo silencioso<\/li>\n<li>Interfaces m\u00faltiples<\/li>\n<li>Resistente al agua (IPx7)<\/li>\n<li>Frecuencias predeterminadas: AIS 1 \u2013 161,975 MHz, AIS 2 \u2013 162,025 MHz<\/li>\n<\/ul>\n<p>El ACR AISLink CB1 AIS cuenta con homologaci\u00f3n mundial y es un transceptor extremadamente fiable que incorpora diversas funciones pr\u00e1cticas. Gracias a su antena GPS interna, que permite la instalaci\u00f3n opcional de una antena externa, los usuarios pueden ahorrar tiempo y espacio en la instalaci\u00f3n. Otras caracter\u00edsticas de dise\u00f1o que ofrecen mayor comodidad incluyen un dise\u00f1o compacto, robusto e impermeable (certificaci\u00f3n IPx7) con bajo consumo de energ\u00eda.  <\/p>\n<p>El AISLink CB1 tambi\u00e9n cuenta con salida de datos NMEA0183 y NMEA2000, lo que permite una interacci\u00f3n fluida con los sistemas de navegaci\u00f3n. La posibilidad de poner el transceptor en modo silencioso tambi\u00e9n proporciona privacidad y seguridad, ya que permite a los usuarios desactivar la transmisi\u00f3n de informaci\u00f3n de identificaci\u00f3n sin dejar de ver las transmisiones de otras embarcaciones con AIS . <\/p>\n<p>&nbsp;<\/p>\n<p><a href=\"https:\/\/www.youtube.com\/watch?v=Q9f4lPY1wCg&amp;feature=youtu.be\" target=\"_blank\" rel=\"noopener\">Haga clic aqu\u00ed para ver el video de instalaci\u00f3n r\u00e1pida ACR AISLink CB1<\/a><\/p>\n","protected":false},"excerpt":{"rendered":"<p>Este producto ha sido descontinuado y ya no est\u00e1 disponible para la venta. El nuevo <a href=\"https:\/\/www.acrartex.com\/products\/automatic-identification-system-aislink-cb2\/\">AISLink CB2 Clase B+ ya est\u00e1 disponible. M\u00e1s informaci\u00f3n<\/a> . <\/p>\n<p>Los documentos de soporte del AISLink CB1 est\u00e1n disponibles en la pesta\u00f1a Descargas.<\/p>\n<p><span style=\"color: #3366ff;\"><strong>Este producto ha sido descontinuado.<\/strong><\/span><\/p>\n<p>&nbsp;<\/p>\n<p>&nbsp;<\/p>\n","protected":false},"featured_media":154322,"template":"","meta":{"_acf_changed":false,"om_disable_all_campaigns":false},"product_brand":[],"product_cat":[5775,2926],"product_tag":[9565,9571,9569,9567,9564],"class_list":{"0":"post-154320","1":"product","2":"type-product","3":"status-publish","4":"has-post-thumbnail","6":"product_cat-marina-es","7":"product_cat-sin-categoria","8":"product_tag-ais-es","9":"product_tag-aislink-clase-b","10":"product_tag-clase-b","11":"product_tag-clase-b-ais","12":"product_tag-enlace-ais","13":"pa_product-legado","15":"first","16":"outofstock","17":"product-type-simple"},"acf":[],"_links":{"self":[{"href":"https:\/\/www.acrartex.com\/es\/wp-json\/wp\/v2\/product\/154320","targetHints":{"allow":["GET"]}}],"collection":[{"href":"https:\/\/www.acrartex.com\/es\/wp-json\/wp\/v2\/product"}],"about":[{"href":"https:\/\/www.acrartex.com\/es\/wp-json\/wp\/v2\/types\/product"}],"wp:featuredmedia":[{"embeddable":true,"href":"https:\/\/www.acrartex.com\/es\/wp-json\/wp\/v2\/media\/154322"}],"wp:attachment":[{"href":"https:\/\/www.acrartex.com\/es\/wp-json\/wp\/v2\/media?parent=154320"}],"wp:term":[{"taxonomy":"product_brand","embeddable":true,"href":"https:\/\/www.acrartex.com\/es\/wp-json\/wp\/v2\/product_brand?post=154320"},{"taxonomy":"product_cat","embeddable":true,"href":"https:\/\/www.acrartex.com\/es\/wp-json\/wp\/v2\/product_cat?post=154320"},{"taxonomy":"product_tag","embeddable":true,"href":"https:\/\/www.acrartex.com\/es\/wp-json\/wp\/v2\/product_tag?post=154320"}],"curies":[{"name":"wp","href":"https:\/\/api.w.org\/{rel}","templated":true}]}}