{"id":154291,"date":"2021-03-16T08:21:43","date_gmt":"2021-03-16T13:21:43","guid":{"rendered":"https:\/\/www.acrartex.com\/products\/hydrofix-hru\/"},"modified":"2025-11-26T03:33:14","modified_gmt":"2025-11-26T08:33:14","slug":"hydrofix-hru","status":"publish","type":"product","link":"https:\/\/www.acrartex.com\/es\/products\/hydrofix-hru\/","title":{"rendered":"HydroFix \u2122 HRU"},"content":{"rendered":"<p>Un sistema de varilla patentado no requiere bater\u00eda, cuchilla ni dispositivo pirot\u00e9cnico para activar la baliza. Esta ventaja permite una activaci\u00f3n r\u00e1pida, fluida y fiable en caso de emergencia. <\/p>\n<p>Tenga en cuenta que este es un producto con sello de fecha y debe reemplazarse cada 2 a\u00f1os a partir de la fecha de instalaci\u00f3n o 4 a\u00f1os a partir de la fecha de fabricaci\u00f3n.<\/p>\n<ul>\n<li>F\u00e1cilmente reemplazable<\/li>\n<li>100% probado en f\u00e1brica<\/li>\n<li>N\u00famero de patente: 7.435.148<\/li>\n<\/ul>\n","protected":false},"excerpt":{"rendered":"<p>La unidad de liberaci\u00f3n hidrost\u00e1tica (HRU) HydroFix \u2122 es un sistema de varilla patentado que permite liberar una baliza de forma r\u00e1pida y fiable de un soporte de Categor\u00eda I al sumergirse en agua a una profundidad de entre 1,5 y 4 metros (4,9 y 13,1 pies). Esta unidad est\u00e1 dise\u00f1ada para funcionar con los soportes de baliza Sea Shelter \u2122, Sea Shelter \u21222, Sea Shelter Shelter\u21223 y Sea Shelter \u21224. <\/p>\n<p>&nbsp;<\/p>\n<h4><span style=\"color: #ff0000;\"><strong>\u00a1Hecho con orgullo en EE. UU.!<\/strong><\/span><\/h4>\n","protected":false},"featured_media":164500,"template":"","meta":{"_acf_changed":false,"om_disable_all_campaigns":false},"product_brand":[],"product_cat":[6733,5984,5986,5983,5775,5985],"product_tag":[6863,9538,9540,8227,9532,9526,9524,9528,9530,9531,9533,9534,8229,9536],"class_list":{"0":"post-154291","1":"product","2":"type-product","3":"status-publish","4":"has-post-thumbnail","6":"product_cat-accesorios-de-seguridad","7":"product_cat-cerca-de-la-costa","8":"product_cat-comercial","9":"product_cat-interior","10":"product_cat-marina-es","11":"product_cat-off-shore-es","12":"product_tag-cospas-sarsat-es","13":"product_tag-epirb-de-categoria-1","14":"product_tag-epirb-de-despliegue-automatico","15":"product_tag-epirb-de-emergencia-montada-en-mamparo","16":"product_tag-hammar-h20-es","17":"product_tag-hidrofijo","18":"product_tag-liberacion-hidrostatica","19":"product_tag-liberacion-hidrostatica-de-hammar","20":"product_tag-liberacion-hidrostatica-de-la-radiobaliza-de-emergencia-epirb","21":"product_tag-liberacion-hidrostatica-hammar-h20","22":"product_tag-liberacion-hidrostatica-para-radiobaliza-de-emergencia","23":"product_tag-liberacion-hidrostatica-para-radiobalizas","24":"product_tag-soporte-de-perfil-bajo-para-epirb","25":"product_tag-unidad-de-liberacion-hidrostatica","26":"pa_boat-size-0-20-es","27":"pa_boat-size-21-40-es","28":"pa_boat-size-40-80-es","29":"pa_boat-size-80-es","30":"pa_boat-type-artesania-deportiva","31":"pa_boat-type-buque-de-carga","32":"pa_boat-type-lancha-fuera-borda","33":"pa_boat-type-pesca-comercial","34":"pa_boat-type-remolcador","35":"pa_boat-type-velero","36":"pa_boat-type-yate","37":"pa_boat-type-yate-de-alquiler","38":"pa_product-accesorios-de-seguridad","39":"pa_product-rescue-beacons-es","40":"pa_product-rescue-beacons-vhf-sart-es","42":"first","43":"instock","44":"taxable","45":"shipping-taxable","46":"purchasable","47":"product-type-simple"},"acf":[],"_links":{"self":[{"href":"https:\/\/www.acrartex.com\/es\/wp-json\/wp\/v2\/product\/154291","targetHints":{"allow":["GET"]}}],"collection":[{"href":"https:\/\/www.acrartex.com\/es\/wp-json\/wp\/v2\/product"}],"about":[{"href":"https:\/\/www.acrartex.com\/es\/wp-json\/wp\/v2\/types\/product"}],"wp:featuredmedia":[{"embeddable":true,"href":"https:\/\/www.acrartex.com\/es\/wp-json\/wp\/v2\/media\/164500"}],"wp:attachment":[{"href":"https:\/\/www.acrartex.com\/es\/wp-json\/wp\/v2\/media?parent=154291"}],"wp:term":[{"taxonomy":"product_brand","embeddable":true,"href":"https:\/\/www.acrartex.com\/es\/wp-json\/wp\/v2\/product_brand?post=154291"},{"taxonomy":"product_cat","embeddable":true,"href":"https:\/\/www.acrartex.com\/es\/wp-json\/wp\/v2\/product_cat?post=154291"},{"taxonomy":"product_tag","embeddable":true,"href":"https:\/\/www.acrartex.com\/es\/wp-json\/wp\/v2\/product_tag?post=154291"}],"curies":[{"name":"wp","href":"https:\/\/api.w.org\/{rel}","templated":true}]}}