{"id":154254,"date":"2021-03-16T08:21:51","date_gmt":"2021-03-16T13:21:51","guid":{"rendered":"https:\/\/www.acrartex.com\/products\/epirb-globalfix-pro\/"},"modified":"2021-03-16T08:21:51","modified_gmt":"2021-03-16T13:21:51","slug":"epirb-globalfix-pro","status":"publish","type":"product","link":"https:\/\/www.acrartex.com\/es\/products\/epirb-globalfix-pro\/","title":{"rendered":"EPIRB GlobalFix \u2122 PRO"},"content":{"rendered":"<p><a href=\"https:\/\/www.acrartex.com\/products\/globalfix-v5-ais-epirb\/\"><b><i>View la actualizaci\u00f3n de producto disponible<\/i><\/b><\/a><\/p>\n<p>El GlobalFix \u2122 PRO emite una se\u00f1al de socorro \u00fanica y registrada que no solo indica a los rescatistas d\u00f3nde se encuentra, sino tambi\u00e9n qui\u00e9n es. El GPS interno se activar\u00e1 autom\u00e1ticamente y adquirir\u00e1 su posici\u00f3n al activarse, utilizando una potente se\u00f1al de 406 MHz para transmitir su llamada de socorro a los sat\u00e9lites en \u00f3rbita. Durante el despliegue de b\u00fasqueda y rescate local, una se\u00f1al de localizaci\u00f3n independiente y una luz estrobosc\u00f3pica LED integrada gu\u00edan a los rescatistas a su ubicaci\u00f3n exacta.  <\/p>\n<p>&nbsp;<\/p>\n<p>El GlobalFix \u2122 PRO es peque\u00f1o y robusto, e incorpora m\u00e1s de 53 a\u00f1os de tecnolog\u00eda que salva vidas. Realizar una autoprueba completa del funcionamiento de los circuitos internos del GlobalFix \u2122 PRO, el voltaje y la potencia de la bater\u00eda, y la transmisi\u00f3n de 406 MHz le brinda la tranquilidad de saber que su EPIRB funcionar\u00e1 cuando m\u00e1s la necesite. Exclusivo de ACR : El modo de prueba de adquisici\u00f3n GPS integrado le permite comprobar el receptor GPS interno para garantizar su correcto funcionamiento.  <\/p>\n<p>&nbsp;<\/p>\n<p>Aproveche la misma tecnolog\u00eda de rescate probada en campo que utilizan las Fuerzas Armadas de EE. UU., la Guardia Costera, la OTAN, las Fuerzas Especiales y los exploradores del \u00c1rtico.<\/p>\n<p>&nbsp;<\/p>\n<p>GlobalFix \u2122 PRO ofrece lo \u00faltimo en tecnolog\u00eda electr\u00f3nica de salvamento marino:<\/p>\n<ul>\n<li>Luz estrobosc\u00f3pica LED de alta visibilidad \u2013 Eficiencia energ\u00e9tica<\/li>\n<li>GPS interno de 66 canales \u2013 Arranque r\u00e1pido en fr\u00edo<\/li>\n<li>Alta eficiencia: rendimiento en el que puede confiar<\/li>\n<li>Bater\u00edas no peligrosas \u2013 Sin problemas de env\u00edo<\/li>\n<li>Dise\u00f1o de calidad profesional: dise\u00f1ado, probado y construido para a\u00f1os de uso marino intensivo.<\/li>\n<li>Dise\u00f1o ergon\u00f3mico y compacto; EPIRB m\u00e1s peque\u00f1a y con m\u00e1s funciones disponible<\/li>\n<\/ul>\n<p>&nbsp;<\/p>\n<p>Si la usas, te la reemplazaremos <a href=\"http:\/\/www.survivorclub.com\/\">gratis<\/a> . Simplemente env\u00eda tu historia, devu\u00e9lvenos tu baliza usada para que la montemos en nuestro Muro de la Fama y te enviaremos una baliza nueva de igual o mayor valor. <\/p>\n","protected":false},"excerpt":{"rendered":"<p>#Mant\u00e9ngaseSeguroAh\u00edAfuera con la Radiobaliza de Posici\u00f3n de Emergencia ( EPIRB ) GlobalFix \u2122 PRO. Esta radiobaliza est\u00e1 equipada con un GPS interno que transmite su posici\u00f3n con rapidez y precisi\u00f3n a una red mundial de sat\u00e9lites de b\u00fasqueda y rescate, en caso de emergencia en su embarcaci\u00f3n. Disfrute de la tranquilidad cada vez que navegue en alta mar sabiendo que la EPIRB GlobalFix PRO simplifica la b\u00fasqueda y el rescate.  <\/p>\n<p><span style=\"color: #3366ff;\"><strong>Este producto ha sido actualizado. <a href=\"https:\/\/www.acrartex.com\/products\/globalfix-v5-ais-epirb\/\">Haga clic aqu\u00ed<\/a> para ver las actualizaciones disponibles.<\/strong><\/span><\/p>\n<p>&nbsp;<\/p>\n","protected":false},"featured_media":154256,"template":"","meta":{"_acf_changed":false,"om_disable_all_campaigns":false},"product_brand":[],"product_cat":[5775],"product_tag":[9462,9464,9460,5778,5782,6222,9456,9454,5776,9325,9458,5792],"class_list":{"0":"post-154254","1":"product","2":"type-product","3":"status-publish","4":"has-post-thumbnail","6":"product_cat-marina-es","7":"product_tag-2842-es","8":"product_tag-2844-es","9":"product_tag-acr-globalfix-pro-es","10":"product_tag-baliza-de-emergencia","11":"product_tag-correccion-global","12":"product_tag-faro-es","13":"product_tag-globalfix-pro-es","14":"product_tag-pro-es","15":"product_tag-radiobaliza-de-emergencia","16":"product_tag-radiobaliza-indicadora-de-posicion-de-emergencia","17":"product_tag-rlb-37-es","18":"product_tag-solucion-global","19":"pa_product-legado","21":"first","22":"outofstock","23":"taxable","24":"shipping-taxable","25":"product-type-variable"},"acf":[],"_links":{"self":[{"href":"https:\/\/www.acrartex.com\/es\/wp-json\/wp\/v2\/product\/154254","targetHints":{"allow":["GET"]}}],"collection":[{"href":"https:\/\/www.acrartex.com\/es\/wp-json\/wp\/v2\/product"}],"about":[{"href":"https:\/\/www.acrartex.com\/es\/wp-json\/wp\/v2\/types\/product"}],"wp:featuredmedia":[{"embeddable":true,"href":"https:\/\/www.acrartex.com\/es\/wp-json\/wp\/v2\/media\/154256"}],"wp:attachment":[{"href":"https:\/\/www.acrartex.com\/es\/wp-json\/wp\/v2\/media?parent=154254"}],"wp:term":[{"taxonomy":"product_brand","embeddable":true,"href":"https:\/\/www.acrartex.com\/es\/wp-json\/wp\/v2\/product_brand?post=154254"},{"taxonomy":"product_cat","embeddable":true,"href":"https:\/\/www.acrartex.com\/es\/wp-json\/wp\/v2\/product_cat?post=154254"},{"taxonomy":"product_tag","embeddable":true,"href":"https:\/\/www.acrartex.com\/es\/wp-json\/wp\/v2\/product_tag?post=154254"}],"curies":[{"name":"wp","href":"https:\/\/api.w.org\/{rel}","templated":true}]}}