{"id":154206,"date":"2021-03-16T08:12:35","date_gmt":"2021-03-16T08:12:35","guid":{"rendered":"https:\/\/www.acrartex.com\/products\/b406-4\/"},"modified":"2026-01-06T09:38:14","modified_gmt":"2026-01-06T14:38:14","slug":"b406-4","status":"publish","type":"product","link":"https:\/\/www.acrartex.com\/es\/products\/b406-4\/","title":{"rendered":"B406-4"},"content":{"rendered":"<p>El Artex B406-4 transmite en las tres frecuencias de emergencia (121,5\/243,0 y 406 MHz). El ELT se activa autom\u00e1ticamente durante un accidente y transmite el tono de barrido est\u00e1ndar en 121,5 y 243,0 MHz. Cada 50 segundos, durante 520 milisegundos (protocolo de mensaje largo), el transmisor de 406 MHz se activa y transmite un mensaje digital codificado al sistema satelital Cospas\/Sarsat. El ELT se puede programar con la direcci\u00f3n de 24 bits de la aeronave, as\u00ed como con la informaci\u00f3n de latitud y longitud del sistema de navegaci\u00f3n de la aeronave cuando se utiliza con la interfaz Artex ELT \/NAV -B (N.\u00b0 de pieza 453-6501). El B406-4 est\u00e1 dise\u00f1ado para interactuar con el Sistema de Precauci\u00f3n Maestro de Boeing junto con el panel remoto de cabina DZUS. El hardware de montaje del B406-4 es compatible con todas las versiones anteriores de los ELT Artex de 406 MHz.     <\/p>\n<p>&nbsp;<\/p>\n<p>Los ELT ARTEX son la elecci\u00f3n de los aviones comerciales, incluidos Boeing, Bombardier y Embraer.<\/p>\n","protected":false},"excerpt":{"rendered":"<p>El B406-4 ha sido modificado para interactuar con el Sistema Master Caution de Boeing junto con el panel remoto de cabina montado en DZUS (P\/N 453-0161) para el B737 y adem\u00e1s est\u00e1 aprobado para su uso en todos los modelos B747, B757, B767 y B777.<\/p>\n","protected":false},"featured_media":154211,"template":"","meta":{"_acf_changed":false,"om_disable_all_campaigns":false},"product_brand":[],"product_cat":[5527,8521],"product_tag":[8316,8312,8324,8124,8318,9436,9437,6579,6571,9431,8310,8320,8326,6567,6582,6575,8322,9433,9434,9438,6863,8328,9435,8330,8314,8332,9432,9439,6563],"class_list":{"0":"post-154206","1":"product","2":"type-product","3":"status-publish","4":"has-post-thumbnail","6":"product_cat-aviacion","7":"product_cat-aviones-comerciales","8":"product_tag-1215-elt-es","9":"product_tag-406-elt-es","10":"product_tag-406-mhz-elt-es","11":"product_tag-artex-es","12":"product_tag-artex-110-4-es","13":"product_tag-artex-b406-es","14":"product_tag-artex-b406-elt-es","15":"product_tag-artex-c406-es","16":"product_tag-artex-c406-1-es","17":"product_tag-artex-c406-2-es","18":"product_tag-artex-elt-es","19":"product_tag-artex-elt-110-4-es","20":"product_tag-artex-elt-406-es","21":"product_tag-artex-me-406-es","22":"product_tag-artex-me-406-elt-es","23":"product_tag-artex-me406-es","24":"product_tag-artex-net-es","25":"product_tag-b406-es","26":"product_tag-b406-elt-es","27":"product_tag-cospas-es","28":"product_tag-cospas-sarsat-es","29":"product_tag-elt-406-es","30":"product_tag-elt-b406-es","31":"product_tag-localizador-elt","32":"product_tag-nivel-121-5","33":"product_tag-probador-artex-elt","34":"product_tag-sarsat-es","35":"product_tag-sarsat-cospas-es","36":"product_tag-yo-406-elt","37":"pa_aircraft-type-avion-de-pasajeros","38":"pa_aircraft-type-aviones-de-pasajeros","39":"pa_aircraft-type-grandes-aviones","40":"pa_aircraft-type-jets-de-tamano-mediano","41":"pa_aircraft-type-jets-ligeros","42":"pa_product-soluciones-elt","44":"first","45":"instock","46":"taxable","47":"shipping-taxable","48":"product-type-simple"},"acf":[],"_links":{"self":[{"href":"https:\/\/www.acrartex.com\/es\/wp-json\/wp\/v2\/product\/154206","targetHints":{"allow":["GET"]}}],"collection":[{"href":"https:\/\/www.acrartex.com\/es\/wp-json\/wp\/v2\/product"}],"about":[{"href":"https:\/\/www.acrartex.com\/es\/wp-json\/wp\/v2\/types\/product"}],"wp:featuredmedia":[{"embeddable":true,"href":"https:\/\/www.acrartex.com\/es\/wp-json\/wp\/v2\/media\/154211"}],"wp:attachment":[{"href":"https:\/\/www.acrartex.com\/es\/wp-json\/wp\/v2\/media?parent=154206"}],"wp:term":[{"taxonomy":"product_brand","embeddable":true,"href":"https:\/\/www.acrartex.com\/es\/wp-json\/wp\/v2\/product_brand?post=154206"},{"taxonomy":"product_cat","embeddable":true,"href":"https:\/\/www.acrartex.com\/es\/wp-json\/wp\/v2\/product_cat?post=154206"},{"taxonomy":"product_tag","embeddable":true,"href":"https:\/\/www.acrartex.com\/es\/wp-json\/wp\/v2\/product_tag?post=154206"}],"curies":[{"name":"wp","href":"https:\/\/api.w.org\/{rel}","templated":true}]}}