{"id":154125,"date":"2021-03-16T08:12:46","date_gmt":"2021-03-16T13:12:46","guid":{"rendered":"https:\/\/www.acrartex.com\/products\/soporte-epirb-lowpro3-cat-ii\/"},"modified":"2021-03-16T08:12:46","modified_gmt":"2021-03-16T13:12:46","slug":"soporte-epirb-lowpro3-cat-ii","status":"publish","type":"product","link":"https:\/\/www.acrartex.com\/es\/products\/soporte-epirb-lowpro3-cat-ii\/","title":{"rendered":"Soporte EPIRB LowPro\u21223 Cat II"},"content":{"rendered":"<ul>\n<li>El montaje unidireccional elimina la posibilidad de instalar EPIRB al rev\u00e9s<\/li>\n<li>El im\u00e1n de desactivaci\u00f3n integral impide que la EPIRB transmita hasta que se despliegue<\/li>\n<li>El dise\u00f1o de dos partes permite que el im\u00e1n de desactivaci\u00f3n se desenganche del soporte para guardarlo en la EPIRB en una bolsa de zanja para evitar falsas alarmas<\/li>\n<\/ul>\n<p>Funciona con GlobalFix \u2122 iPRO (RLB-36), GlobalFix \u2122 PRO (RLB-37), SATELLITE 3 406\u2122 (RLB-38)<\/p>\n","protected":false},"excerpt":{"rendered":"<p>El LowPro\u21223 est\u00e1 hecho de material de alta densidad, que almacena de forma segura su GlobalFix \u2122 iPRO\/PRO incluso despu\u00e9s de haber soportado a\u00f1os de aventuras.<\/p>\n<p> Este soporte EPIRB funciona con los siguientes productos:<\/p>\n<p> \u2022 GlobalFix \u2122 iPRO<\/p>\n<p> \u2022 GlobalFix \u2122 PRO<\/p>\n<p> \u2022 SAT\u00c9LITE 3 406\u2122<\/p>\n<p>&nbsp;<\/p>\n<p>&nbsp;<\/p>\n","protected":false},"featured_media":154126,"template":"","meta":{"_acf_changed":false,"om_disable_all_campaigns":false},"product_brand":[],"product_cat":[5984,5986,5983,5775,5985],"product_tag":[9359,9360,9361,8123,8124,9365,5824,9364,5782,9362,9363,5776,5792],"class_list":{"0":"post-154125","1":"product","2":"type-product","3":"status-publish","4":"has-post-thumbnail","6":"product_cat-cerca-de-la-costa","7":"product_cat-comercial","8":"product_cat-interior","9":"product_cat-marina-es","10":"product_cat-off-shore-es","11":"product_tag-406-epirb-es","12":"product_tag-acr-globalfix-es","13":"product_tag-acr-globalfix-406-es","14":"product_tag-acre-es","15":"product_tag-artex-es","16":"product_tag-baja-profesionalidad","17":"product_tag-baliza-localizadora-personal","18":"product_tag-categoria-ii-es","19":"product_tag-correccion-global","20":"product_tag-globalfix-406-epirb-es","21":"product_tag-lowpro-3-es","22":"product_tag-radiobaliza-de-emergencia","23":"product_tag-solucion-global","24":"pa_boat-size-0-20-es","25":"pa_boat-size-21-40-es","26":"pa_boat-size-40-80-es","27":"pa_boat-size-80-es","28":"pa_boat-type-artesania-deportiva","29":"pa_boat-type-buque-de-carga","30":"pa_boat-type-lancha-fuera-borda","31":"pa_boat-type-pesca-comercial","32":"pa_boat-type-remolcador","33":"pa_boat-type-velero","34":"pa_boat-type-yate","35":"pa_boat-type-yate-de-alquiler","36":"pa_product-accesorios-de-seguridad","37":"pa_product-legado","38":"pa_product-rescue-beacons-es","39":"pa_product-rescue-beacons-vhf-sart-es","41":"first","42":"instock","43":"taxable","44":"shipping-taxable","45":"product-type-simple"},"acf":[],"_links":{"self":[{"href":"https:\/\/www.acrartex.com\/es\/wp-json\/wp\/v2\/product\/154125","targetHints":{"allow":["GET"]}}],"collection":[{"href":"https:\/\/www.acrartex.com\/es\/wp-json\/wp\/v2\/product"}],"about":[{"href":"https:\/\/www.acrartex.com\/es\/wp-json\/wp\/v2\/types\/product"}],"wp:featuredmedia":[{"embeddable":true,"href":"https:\/\/www.acrartex.com\/es\/wp-json\/wp\/v2\/media\/154126"}],"wp:attachment":[{"href":"https:\/\/www.acrartex.com\/es\/wp-json\/wp\/v2\/media?parent=154125"}],"wp:term":[{"taxonomy":"product_brand","embeddable":true,"href":"https:\/\/www.acrartex.com\/es\/wp-json\/wp\/v2\/product_brand?post=154125"},{"taxonomy":"product_cat","embeddable":true,"href":"https:\/\/www.acrartex.com\/es\/wp-json\/wp\/v2\/product_cat?post=154125"},{"taxonomy":"product_tag","embeddable":true,"href":"https:\/\/www.acrartex.com\/es\/wp-json\/wp\/v2\/product_tag?post=154125"}],"curies":[{"name":"wp","href":"https:\/\/api.w.org\/{rel}","templated":true}]}}