{"id":153884,"date":"2021-03-16T08:09:24","date_gmt":"2021-03-16T13:09:24","guid":{"rendered":"https:\/\/www.acrartex.com\/products\/epirb-globalfix-v4\/"},"modified":"2025-09-08T12:11:59","modified_gmt":"2025-09-08T17:11:59","slug":"epirb-globalfix-v4","status":"publish","type":"product","link":"https:\/\/www.acrartex.com\/es\/products\/epirb-globalfix-v4\/","title":{"rendered":"EPIRB GlobalFix \u2122 V4"},"content":{"rendered":"<p>La GlobalFIX\u2122 V4 es una radiobaliza de emergencia EPIRB completa con electr\u00f3nica de alta eficiencia para un rendimiento confiable, incluyendo un GPS interno de 66 canales para una adquisici\u00f3n m\u00e1s r\u00e1pida tras un arranque en fr\u00edo. Una cubierta protectora del teclado ayuda a prevenir activaciones falsas y la bater\u00eda reemplazable por el usuario tiene una vida \u00fatil de 10 a\u00f1os. <\/p>\n<p>Cuenta con dos autopruebas funcionales para monitorear la transmisi\u00f3n, la potencia y el rendimiento de la bater\u00eda de la baliza, y la adquisici\u00f3n de GPS . Combine estas pruebas con el portal de pruebas opcional 406Link.com de ACR (disponible solo para Am\u00e9rica) y reciba mensajes de confirmaci\u00f3n satelital directamente en su tel\u00e9fono celular o correo electr\u00f3nico. <\/p>\n<p>GlobalFIX\u2122 V4 ofrece lo \u00faltimo en tecnolog\u00eda electr\u00f3nica de salvamento marino:<\/p>\n<ul>\n<li>Luz estrobosc\u00f3pica LED de alta visibilidad \u2013 Eficiencia energ\u00e9tica<\/li>\n<li>GPS interno de 66 canales: adquisici\u00f3n m\u00e1s r\u00e1pida desde un arranque en fr\u00edo<\/li>\n<li>Electr\u00f3nica de alta eficiencia: rendimiento en el que puede confiar<\/li>\n<li>Bater\u00eda reemplazable por el usuario: duraci\u00f3n de la bater\u00eda de 10 a\u00f1os<\/li>\n<li>Dise\u00f1o de calidad profesional: dise\u00f1ado, probado y construido para a\u00f1os de uso en entornos hostiles.<\/li>\n<li>Activaci\u00f3n manual sencilla: teclado con cubierta protectora para evitar falsas alarmas<\/li>\n<\/ul>\n","protected":false},"excerpt":{"rendered":"<p>Al emprender una aventura en barco, es importante contar con un equipo de seguridad confiable. Dise\u00f1ada con electr\u00f3nica de alta eficiencia y dise\u00f1ada para un alto rendimiento, la radiobaliza de localizaci\u00f3n de emergencia ( EPIRB GlobalFix \u2122 V4 GP ofrece la protecci\u00f3n en la que puede confiar en caso de emergencia. En caso de imprevisto, esta EPIRB transmitir\u00e1 su ubicaci\u00f3n a una amplia red de sat\u00e9lites de b\u00fasqueda y rescate, lo que permitir\u00e1 a los servicios de emergencia locales llevarlo a casa con mayor facilidad.  <\/p>\n<p><strong>\u00a1Descubra estas soluciones EPIRB disponibles!<\/strong><\/p>\n<ul>\n<li><a href=\"https:\/\/www.acrartex.com\/products\/globalfix-v5-ais-epirb\/\">GlobalFix V5, EPIRB AIS de \u00faltima generaci\u00f3n<\/a><\/li>\n<li><a href=\"https:\/\/www.acrartex.com\/products\/rescueme-epirb1\/\">Ocean Signal EPIRB1, EPIRB de 406 MHz<\/a><\/li>\n<li><a href=\"https:\/\/www.acrartex.com\/products\/ocean-signal-epirb1-pro\/\">Ocean Signal EPIRB1 Pro, EPIRB de 406 MHz<\/a><\/li>\n<\/ul>\n<p>&nbsp;<\/p>\n<p><a href=\"https:\/\/www.dropbox.com\/s\/ya5dlsufoa2xsk9\/ACR%20-%20EPIRB%20-%20Comparison%20Chart.pdf?dl=1\" target=\"_blank\" rel=\"noopener\">\u00bfCu\u00e1l deber\u00eda comprar?<\/a><\/p>\n<p>&nbsp;<\/p>\n<p><a href=\"https:\/\/www.acrartex.com\/products\/406link-beacon-self-testing-service\/\"><img loading=\"lazy\" decoding=\"async\" class=\"alignnone\" style=\"width: 300px; height: 41px;\" src=\"\/\/dk2ztu5ooimmu.cloudfront.net\/ckeditor_assets\/pictures\/143\/406Link_with_desc_-_Tag.gif\" alt=\"\" width=\"641\" height=\"88\"><\/a><\/p>\n","protected":false},"featured_media":153891,"template":"","meta":{"_acf_changed":false,"om_disable_all_campaigns":false},"product_brand":[],"product_cat":[5984,5986,5995,5983,5775,5982,5985],"product_tag":[5778,9329,9330,5811,9328,5782,9327,9323,5780,9321,9331,9320,5776,9322,9324,9325,9326],"class_list":{"0":"post-153884","1":"product","2":"type-product","3":"status-publish","4":"has-post-thumbnail","6":"product_cat-cerca-de-la-costa","7":"product_cat-comercial","8":"product_cat-fuerzas-navales","9":"product_cat-interior","10":"product_cat-marina-es","11":"product_cat-militar-es","12":"product_cat-off-shore-es","13":"product_tag-baliza-de-emergencia","14":"product_tag-baliza-de-rescate","15":"product_tag-baliza-de-socorro","16":"product_tag-base-de-datos-de-referencia-de-productos-quimicos-gpirb","17":"product_tag-bateria-reemplazable-por-el-usuario-epirb","18":"product_tag-correccion-global","19":"product_tag-epirb-con-gps-es","20":"product_tag-epirbs-es","21":"product_tag-global-es","22":"product_tag-globalfix-v4-es","23":"product_tag-gpirb-es","24":"product_tag-marina-es","25":"product_tag-radiobaliza-de-emergencia","26":"product_tag-radiobaliza-globalfix","27":"product_tag-radiobaliza-gps","28":"product_tag-radiobaliza-indicadora-de-posicion-de-emergencia","29":"product_tag-radiobalizas-indicadoras-de-posicion-de-emergencia","30":"pa_activity-pesca","31":"pa_boat-size-0-20-es","32":"pa_boat-size-21-40-es","33":"pa_boat-size-40-80-es","34":"pa_boat-size-80-es","35":"pa_boat-type-artesania-deportiva","36":"pa_boat-type-buque-de-carga","37":"pa_boat-type-lancha-fuera-borda","38":"pa_boat-type-pesca-comercial","39":"pa_boat-type-remolcador","40":"pa_boat-type-velero","41":"pa_boat-type-yate","42":"pa_boat-type-yate-de-alquiler","43":"pa_product-legado","45":"first","46":"outofstock","47":"taxable","48":"shipping-taxable","49":"product-type-variable","50":"has-default-attributes"},"acf":[],"_links":{"self":[{"href":"https:\/\/www.acrartex.com\/es\/wp-json\/wp\/v2\/product\/153884","targetHints":{"allow":["GET"]}}],"collection":[{"href":"https:\/\/www.acrartex.com\/es\/wp-json\/wp\/v2\/product"}],"about":[{"href":"https:\/\/www.acrartex.com\/es\/wp-json\/wp\/v2\/types\/product"}],"wp:featuredmedia":[{"embeddable":true,"href":"https:\/\/www.acrartex.com\/es\/wp-json\/wp\/v2\/media\/153891"}],"wp:attachment":[{"href":"https:\/\/www.acrartex.com\/es\/wp-json\/wp\/v2\/media?parent=153884"}],"wp:term":[{"taxonomy":"product_brand","embeddable":true,"href":"https:\/\/www.acrartex.com\/es\/wp-json\/wp\/v2\/product_brand?post=153884"},{"taxonomy":"product_cat","embeddable":true,"href":"https:\/\/www.acrartex.com\/es\/wp-json\/wp\/v2\/product_cat?post=153884"},{"taxonomy":"product_tag","embeddable":true,"href":"https:\/\/www.acrartex.com\/es\/wp-json\/wp\/v2\/product_tag?post=153884"}],"curies":[{"name":"wp","href":"https:\/\/api.w.org\/{rel}","templated":true}]}}