{"id":153636,"date":"2021-03-16T08:09:00","date_gmt":"2021-03-16T13:09:00","guid":{"rendered":"https:\/\/www.acrartex.com\/products\/elt-345\/"},"modified":"2021-03-16T08:09:00","modified_gmt":"2021-03-16T13:09:00","slug":"elt-345","status":"publish","type":"product","link":"https:\/\/www.acrartex.com\/es\/products\/elt-345\/","title":{"rendered":"ELT 345"},"content":{"rendered":"<p><span style=\"font-size: 10pt;\">El ARTEX ELT 345 puede activarse manualmente (mediante el interruptor remoto de la cabina o el interruptor ELT ) o autom\u00e1ticamente (el G-Switch detecta un impacto de 2,3 G o superior). Transmite una se\u00f1al digital \u00fanica en la frecuencia de socorro de 406 MHz que alerta a la agencia de b\u00fasqueda y rescate m\u00e1s cercana sobre su emergencia. La se\u00f1al de 406 MHz, que contiene sus coordenadas GPS , se transmite a los sat\u00e9lites Cospas-Sarsat y se retransmite al Centro de Control de Misi\u00f3n, donde se env\u00eda inmediatamente a la agencia de b\u00fasqueda y rescate m\u00e1s cercana. El registro de su radiobaliza indicar\u00e1 a los servicios de emergencia <b><u>qui\u00e9n<\/u><\/b> es usted, y la propia radiobaliza les indicar\u00e1 su <b><u>ubicaci\u00f3n<\/u><\/b> en un radio de 100 metros. Finalmente, la se\u00f1al de localizaci\u00f3n local de 121,5 MHz ayuda a las agencias de b\u00fasqueda y rescate a identificar su ubicaci\u00f3n exacta.   <\/span><\/p>\n<p>&nbsp;<\/p>\n<p style=\"margin: 0in 0in 0.0001pt;\"><span style=\"font-size: 10pt;\"><b>Facilidad de instalaci\u00f3n<\/b><br \/>\n<\/span><\/p>\n<p>&nbsp;<\/p>\n<p style=\"margin: 0in 0in 0.0001pt;\"><span style=\"font-size: 10pt;\">El ARTEX ELT 345 ofrece una r\u00e1pida y sencilla actualizaci\u00f3n con opciones de instalaci\u00f3n flexibles, como nuestro interruptor remoto de dos cables, est\u00e1ndar o delgado, que no requiere alimentaci\u00f3n de la aeronave. ELT 345 utiliza la misma salida de RF con un solo cable coaxial para transmitir se\u00f1ales de 406 MHz y 121,5 MHz a trav\u00e9s de nuestras antenas de l\u00e1tigo de 15 o 23 pulgadas. La interfaz de navegaci\u00f3n integrada no requiere alimentaci\u00f3n de la aeronave, lo que reduce considerablemente el coste de instalaci\u00f3n. El soporte de montaje de acero inoxidable cuenta con una configuraci\u00f3n de m\u00faltiples orificios que facilita y agiliza la sustituci\u00f3n de los ELT ARTEX antiguos o los ELT ACK, Kannad y AmeriKing.   <\/span><\/p>\n<p>&nbsp;<\/p>\n<p style=\"margin: 0in 0in 0.0001pt;\"><span style=\"font-size: 10pt;\"><b>Kits ELT 345<\/b><\/span><\/p>\n<p>&nbsp;<\/p>\n<p style=\"margin: 0in 0in 0.0001pt;\"><span style=\"font-size: 10pt;\">Ahora hay tres opciones completas de kits disponibles que brindan a los usuarios acceso al ELT 345, el ELT m\u00e1s popular del mundo. Cada opci\u00f3n incluye un interruptor remoto de dos hilos, cable coaxial, antena y kit de instalaci\u00f3n ELT .  La principal diferencia entre los kits reside en la antena y\/o el interruptor. Nuestra opci\u00f3n m\u00e1s econ\u00f3mica (n\u00famero de pieza 8102) incluye nuestra antena de l\u00e1tigo negra est\u00e1ndar y un interruptor remoto de dos cables est\u00e1ndar. Los otros dos kits incluyen una opci\u00f3n de antena de perfil m\u00e1s bajo, con una antena de l\u00e1tigo negra dise\u00f1ada para instalaciones que requieren un formato m\u00e1s corto. Por \u00faltimo, mientras que los kits 8102 y 8107 incluyen el interruptor remoto de dos cables est\u00e1ndar, el kit 8108 incorpora un nuevo interruptor de perfil delgado. Este nuevo interruptor delgado es perfecto para las actualizaciones de ACK y Ameri-King ELT , ya que no requiere modificaciones en el recorte del panel de interruptores al reemplazar un interruptor de tipo cable telef\u00f3nico antiguo. Como ventaja adicional, el interruptor delgado no requiere bater\u00edas y funciona con conectividad de dos cables para un funcionamiento fiable en el panel de la cabina.     <\/span><\/p>\n<p>&nbsp;<\/p>\n<table class=\"Table\" style=\"border-collapse: collapse; border: solid windowtext 1.0pt;\">\n<tbody>\n<tr>\n<td style=\"border: solid windowtext 1.0pt; background: black; width: 99.9pt; padding: 0in 5.4pt 0in 5.4pt;\" width=\"133\">\n<p style=\"margin: 0in 0in 0.0001pt;\"><span style=\"font-size: 10pt;\"><span style=\"color: white;\">N\u00famero de pieza<\/span> ARTEX<\/span><\/p>\n<\/td>\n<td style=\"border: solid windowtext 1.0pt; background: black; width: 120.4pt; border-left: none; padding: 0in 5.4pt 0in 5.4pt;\" width=\"161\">\n<p style=\"margin: 0in 0in 0.0001pt;\"><span style=\"font-size: 10pt;\"><span style=\"color: white;\">Descripci\u00f3n del Producto<\/span><\/span><\/p>\n<\/td>\n<td style=\"border: solid windowtext 1.0pt; background: black; width: 110.15pt; border-left: none; padding: 0in 5.4pt 0in 5.4pt;\" width=\"147\">\n<p style=\"margin: 0in 0in 0.0001pt;\"><span style=\"font-size: 10pt;\"><span style=\"color: white;\">Antena incluida<\/span><\/span><\/p>\n<\/td>\n<td style=\"border: solid windowtext 1.0pt; background: black; width: 110.15pt; border-left: none; padding: 0in 5.4pt 0in 5.4pt;\" width=\"147\">\n<p style=\"margin: 0in 0in 0.0001pt;\"><span style=\"font-size: 10pt;\"><span style=\"color: white;\">Interruptor remoto incluido<\/span><\/span><\/p>\n<\/td>\n<\/tr>\n<tr>\n<td style=\"border: solid windowtext 1.0pt; width: 99.9pt; border-top: none; padding: 0in 5.4pt 0in 5.4pt;\" width=\"133\">\n<p style=\"margin: 0in 0in 0.0001pt;\"><span style=\"font-size: 10pt;\">8102 ( <a href=\"https:\/\/www.dropbox.com\/s\/zbhlmu7i6zokav2\/8102D.pdf?dl=1\">lista de paquetes<\/a> )<\/span><\/p>\n<\/td>\n<td style=\"border-bottom: solid windowtext 1.0pt; width: 120.4pt; border-top: none; border-left: none; border-right: solid windowtext 1.0pt; padding: 0in 5.4pt 0in 5.4pt;\" width=\"161\">\n<p style=\"margin: 0in 0in 0.0001pt;\"><span style=\"font-size: 10pt;\">Kit est\u00e1ndar ARTEX ELT 345 con kit de instalaci\u00f3n GA, antena de l\u00e1tigo negra e interruptor remoto est\u00e1ndar<\/span><\/p>\n<\/td>\n<td style=\"border-bottom: solid windowtext 1.0pt; width: 110.15pt; border-top: none; border-left: none; border-right: solid windowtext 1.0pt; padding: 0in 5.4pt 0in 5.4pt;\" width=\"147\">\n<p style=\"margin: 0in 0in 0.0001pt;\"><span style=\"font-size: 10pt;\">Antena de l\u00e1tigo negra de 23,4&#8243; de alto<\/span><\/p>\n<\/td>\n<td style=\"border-bottom: solid windowtext 1.0pt; width: 110.15pt; border-top: none; border-left: none; border-right: solid windowtext 1.0pt; padding: 0in 5.4pt 0in 5.4pt;\" width=\"147\">\n<p style=\"margin: 0in 0in 0.0001pt;\"><span style=\"font-size: 10pt;\">Interruptor remoto est\u00e1ndar de 2 cables ARTEX<\/span><br \/>\n <span style=\"font-size: 11pt;\"><span style=\"font-family: Calibri,sans-serif;\">(2,00 x 1,30 pulgadas)<\/span><\/span><\/p>\n<\/td>\n<\/tr>\n<tr>\n<td style=\"border: solid windowtext 1.0pt; width: 99.9pt; border-top: none; padding: 0in 5.4pt 0in 5.4pt;\" width=\"133\">\n<p style=\"margin: 0in 0in 0.0001pt;\"><span style=\"font-size: 10pt;\">8107 ( <a href=\"https:\/\/www.dropbox.com\/s\/1lrv6abtjdezrdd\/8107B.pdf?dl=1\">lista de paquetes<\/a> )<\/span><\/p>\n<\/td>\n<td style=\"border-bottom: solid windowtext 1.0pt; width: 120.4pt; border-top: none; border-left: none; border-right: solid windowtext 1.0pt; padding: 0in 5.4pt 0in 5.4pt;\" width=\"161\">\n<p style=\"margin: 0in 0in 0.0001pt;\"><span style=\"font-size: 10pt;\">Kit compacto ARTEX ELT 345 con kit de instalaci\u00f3n GA, antena de l\u00e1tigo negra compacta e interruptor remoto est\u00e1ndar<\/span><\/p>\n<\/td>\n<td style=\"border-bottom: solid windowtext 1.0pt; width: 110.15pt; border-top: none; border-left: none; border-right: solid windowtext 1.0pt; padding: 0in 5.4pt 0in 5.4pt;\" width=\"147\">\n<p style=\"margin: 0in 0in 0.0001pt;\"><span style=\"font-size: 10pt;\">Antena de l\u00e1tigo negra de 15&#8243; de alto<\/span><\/p>\n<\/td>\n<td style=\"border-bottom: solid windowtext 1.0pt; width: 110.15pt; border-top: none; border-left: none; border-right: solid windowtext 1.0pt; padding: 0in 5.4pt 0in 5.4pt;\" width=\"147\">\n<p style=\"margin: 0in 0in 0.0001pt;\"><span style=\"font-size: 10pt;\">Interruptor remoto est\u00e1ndar de 2 cables ARTEX<\/span><\/p>\n<p style=\"margin: 0in 0in 0.0001pt;\"><span style=\"font-size: 10pt;\">(2,00 x 1,30 pulgadas)<\/span><\/p>\n<\/td>\n<\/tr>\n<tr>\n<td style=\"border: solid windowtext 1.0pt; width: 99.9pt; border-top: none; padding: 0in 5.4pt 0in 5.4pt;\" width=\"133\">\n<p style=\"margin: 0in 0in 0.0001pt;\"><span style=\"font-size: 10pt;\">8108 ( <a href=\"https:\/\/www.dropbox.com\/s\/y3uphs2javap1qk\/8108B.pdf?dl=1\">lista de paquetes<\/a> )<\/span><\/p>\n<\/td>\n<td style=\"border-bottom: solid windowtext 1.0pt; width: 120.4pt; border-top: none; border-left: none; border-right: solid windowtext 1.0pt; padding: 0in 5.4pt 0in 5.4pt;\" width=\"161\">\n<p style=\"margin: 0in 0in 0.0001pt;\"><span style=\"font-size: 10pt;\">Kit ARTEX ELT 345 Slim con kit de instalaci\u00f3n GA, antena de l\u00e1tigo compacta negra e interruptor remoto delgado<\/span><\/p>\n<\/td>\n<td style=\"border-bottom: solid windowtext 1.0pt; width: 110.15pt; border-top: none; border-left: none; border-right: solid windowtext 1.0pt; padding: 0in 5.4pt 0in 5.4pt;\" width=\"147\">\n<p style=\"margin: 0in 0in 0.0001pt;\"><span style=\"font-size: 10pt;\">Antena de l\u00e1tigo negra de 15&#8243; de alto<\/span><\/p>\n<\/td>\n<td style=\"border-bottom: solid windowtext 1.0pt; width: 110.15pt; border-top: none; border-left: none; border-right: solid windowtext 1.0pt; padding: 0in 5.4pt 0in 5.4pt;\" width=\"147\">\n<p style=\"margin: 0in 0in 0.0001pt;\"><span style=\"font-size: 10pt;\">Interruptor remoto Slimline de 2 cables<br \/>\n (Compatible con ACK y Ameriking)<\/span><\/p>\n<p style=\"margin: 0in 0in 0.0001pt;\"><span style=\"font-size: 10pt;\">(2,08 x 0,75 pulgadas)<\/span><\/p>\n<\/td>\n<\/tr>\n<\/tbody>\n<\/table>\n<p>&nbsp;<\/p>\n<p>\u00bfTe interesa un kit completo de seguridad y supervivencia? El nuevo <a href=\"https:\/\/www.acrartex.com\/fr\/products\/kit-pilote-artex-elt-345\/\">kit de piloto ARTEX ELT 345\u2122<\/a> es la combinaci\u00f3n perfecta de productos de seguridad y supervivencia, dise\u00f1ados para proteger a los aviadores en caso de emergencia.  El kit de piloto proporciona a los aviadores un kit conveniente para equipar sus aeronaves con el \u00faltimo Emergency Locator Transmitter ( ELT ) de 406 MHz junto con equipo de supervivencia personal para proporcionar un sistema redundante para alertar a B\u00fasqueda y Rescate de su ubicaci\u00f3n.<\/p>\n<p>Este kit incluye los siguientes productos esenciales de supervivencia:<\/p>\n<ul>\n<li>ELT 345\u2122 (incluye antena, interruptor remoto y hardware de instalaci\u00f3n)<\/li>\n<li>Personal Locator Beacon ResQLink +\u2122<\/li>\n<li>Luz de emergencia C-Light H\u2082O\u2122<\/li>\n<li>Espejo de se\u00f1ales<\/li>\n<li>Silbato Res-Q\u2122 de la Tercera Guerra Mundial<\/li>\n<\/ul>\n<p>&nbsp;<\/p>\n<p>Hay una raz\u00f3n por la que los ELT ARTEX son la elecci\u00f3n de m\u00e1s fabricantes de aeronaves que cualquier otro: conf\u00edan en ARTEX para construir productos de la m\u00e1s alta calidad sabiendo que se utilizan para salvar vidas.<\/p>\n","protected":false},"excerpt":{"rendered":"<p>Surque los cielos con confianza con el ELT 345. En caso de emergencia, conf\u00ede en la misma marca que los principales fabricantes de aeronaves comerciales consideran confiable por su calidad de primera clase, tecnolog\u00eda superior y un servicio al cliente excepcional. ARTEX ELT 345, el m\u00e1s vendido, est\u00e1 fabricado seg\u00fan los est\u00e1ndares de gesti\u00f3n de calidad m\u00e1s estrictos de la industria para garantizar ELT funcionamiento a la primera y siempre. El ARTEX ELT 345 transmite en frecuencias de 406 MHz y 121,5 MHz, a la vez que proporciona precisi\u00f3n de posicionamiento gracias a su interfaz de navegaci\u00f3n GPS integrada. El ELT 345 ofrece un precio bajo para un ELT , ofreciendo la misma calidad y rendimiento que caracterizaron la marca ARTEX .    <\/p>\n<p>&nbsp;<\/p>\n<p><a href=\"https:\/\/www.acrartex.com\/canada-elt-mandate\/\">Haga clic aqu\u00ed para obtener informaci\u00f3n sobre el mandato canadiense ELT<\/a><\/p>\n","protected":false},"featured_media":12137,"template":"","meta":{"_acf_changed":false,"om_disable_all_campaigns":false},"product_brand":[],"product_cat":[5527,5991],"product_tag":[8324,8123,8972,8124,5778,5532,9242,5828,8971,5540],"class_list":{"0":"post-153636","1":"product","2":"type-product","3":"status-publish","4":"has-post-thumbnail","6":"product_cat-aviacion","7":"product_cat-aviacion-general","8":"product_tag-406-mhz-elt-es","9":"product_tag-acre-es","10":"product_tag-actualizacion-elt-121-5","11":"product_tag-artex-es","12":"product_tag-baliza-de-emergencia","13":"product_tag-elt-es","14":"product_tag-elt-345-es","15":"product_tag-gps-es","16":"product_tag-transmisor-de-ubicacion-de-emergencia","17":"product_tag-transmisor-localizador-de-emergencia","18":"pa_aircraft-type-experimental-es","19":"pa_aircraft-type-multimotor","20":"pa_aircraft-type-turbohelice","21":"pa_aircraft-type-un-solo-motor","22":"pa_product-soluciones-elt","24":"first","25":"instock","26":"taxable","27":"shipping-taxable","28":"product-type-simple"},"acf":[],"_links":{"self":[{"href":"https:\/\/www.acrartex.com\/es\/wp-json\/wp\/v2\/product\/153636","targetHints":{"allow":["GET"]}}],"collection":[{"href":"https:\/\/www.acrartex.com\/es\/wp-json\/wp\/v2\/product"}],"about":[{"href":"https:\/\/www.acrartex.com\/es\/wp-json\/wp\/v2\/types\/product"}],"wp:featuredmedia":[{"embeddable":true,"href":"https:\/\/www.acrartex.com\/es\/wp-json\/wp\/v2\/media\/12137"}],"wp:attachment":[{"href":"https:\/\/www.acrartex.com\/es\/wp-json\/wp\/v2\/media?parent=153636"}],"wp:term":[{"taxonomy":"product_brand","embeddable":true,"href":"https:\/\/www.acrartex.com\/es\/wp-json\/wp\/v2\/product_brand?post=153636"},{"taxonomy":"product_cat","embeddable":true,"href":"https:\/\/www.acrartex.com\/es\/wp-json\/wp\/v2\/product_cat?post=153636"},{"taxonomy":"product_tag","embeddable":true,"href":"https:\/\/www.acrartex.com\/es\/wp-json\/wp\/v2\/product_tag?post=153636"}],"curies":[{"name":"wp","href":"https:\/\/api.w.org\/{rel}","templated":true}]}}