{"id":153532,"date":"2021-03-16T08:09:37","date_gmt":"2021-03-16T13:09:37","guid":{"rendered":"https:\/\/www.acrartex.com\/products\/bolsa-expres-rapidditch\/"},"modified":"2025-11-26T03:24:50","modified_gmt":"2025-11-26T08:24:50","slug":"bolsa-expres-rapidditch","status":"publish","type":"product","link":"https:\/\/www.acrartex.com\/es\/products\/bolsa-expres-rapidditch\/","title":{"rendered":"Bolsa expr\u00e9s RapidDitch"},"content":{"rendered":"<p>Guarde todos sus art\u00edculos personales importantes y equipo de supervivencia en la nueva bolsa de abandono de buque ACR RapidDitch \u2122 Express. Esta herramienta de seguridad compacta y flotante mantiene todo su equipo de seguridad esencial organizado y organizado, permitiendo un acceso r\u00e1pido en caso de emergencia. Esta robusta bolsa cuenta con todos los bolsillos, correas y presillas que necesita para tener su equipo de seguridad a mano.  <\/p>\n<p>Con mayor flotabilidad, el RapidDitch flota hasta 7 kg de equipo y el nuevo material reflectante facilita su detecci\u00f3n por parte de las fuerzas de b\u00fasqueda y rescate. Su resistente tela impermeable y sus cremalleras autorreparables y resistentes a la corrosi\u00f3n resisten las inclemencias del tiempo. El RapidDitch Express permite transportar todo su equipo de seguridad f\u00e1cilmente de un barco a otro.  <\/p>\n<p>Mant\u00e9nganse unidos y a una distancia prudencial del RapidDitch Express con el innovador sistema de anclaje de correas para hombros. Simplemente desenganchen las correas y se transformar\u00e1n r\u00e1pidamente en dos arneses de seguridad de 1,2 metros, dise\u00f1ados para mantener a todos conectados en el agua. <\/p>\n","protected":false},"excerpt":{"rendered":"<p>Prep\u00e1rese para lo inesperado con la bolsa RapidDitch Express. Esta compacta bolsa de supervivencia cuenta con bolsillos, correas y presillas para organizar y guardar c\u00f3modamente todo su equipo de seguridad esencial en un solo lugar. <\/p>\n<p>Fabricada con material reflectante y resistente al agua, esta bolsa est\u00e1 dise\u00f1ada para resistir las inclemencias del tiempo y facilitar que los equipos de b\u00fasqueda y rescate la localicen en momentos dif\u00edciles. Adem\u00e1s, gracias a su dise\u00f1o flotante, la RapidDitch Express flotar\u00e1 con hasta 7 kg de equipo en caso de que este caiga al agua. <\/p>\n<p>La innovadora correa de hombro del bolso se desengancha y se transforma f\u00e1cilmente en dos arneses de seguridad de 4 pies que se pueden sujetar a su chaleco salvavidas y usar para mantener a todos conectados mientras est\u00e1n en el agua.<\/p>\n<p style=\"margin-left: 0in; margin-right: 0in;\"><span style=\"font-size: 11pt;\"><span style=\"font-family: Calibri,sans-serif;\"><a style=\"color: blue; text-decoration: underline;\" href=\"https:\/\/www.dropbox.com\/s\/fk04stqsp2hgk5f\/Prop%2065%20-%20DEHP.pdf?dl=0\"><span style=\"color: #000000;\">ADVERTENCIA: PROP 65<\/span><\/a><\/span><\/span><\/p>\n","protected":false},"featured_media":164302,"template":"","meta":{"_acf_changed":false,"om_disable_all_campaigns":false},"product_brand":[],"product_cat":[6733,5984,5819,5983,5775,5985],"product_tag":[9085,9098,9109,9089,9096,9111,9105,9115,9107,9087,9083],"class_list":{"0":"post-153532","1":"product","2":"type-product","3":"status-publish","4":"has-post-thumbnail","6":"product_cat-accesorios-de-seguridad","7":"product_cat-cerca-de-la-costa","8":"product_cat-exterior","9":"product_cat-interior","10":"product_cat-marina-es","11":"product_cat-off-shore-es","12":"product_tag-bolsa","13":"product_tag-bolsa-de-emergencia","14":"product_tag-bolsa-de-equipo-de-supervivencia","15":"product_tag-bolsa-de-supervivencia","16":"product_tag-bolsa-de-zanja","17":"product_tag-bolsa-de-zanja-marina","18":"product_tag-bolsa-expres","19":"product_tag-bolsa-flotante","20":"product_tag-equipo-de-supervivencia","21":"product_tag-supervivencia","22":"product_tag-zanja-rapida","23":"pa_activity-pesca","24":"pa_boat-size-0-20-es","25":"pa_boat-size-21-40-es","26":"pa_boat-size-40-80-es","27":"pa_boat-size-80-es","28":"pa_boat-type-artesania-deportiva","29":"pa_boat-type-lancha-fuera-borda","30":"pa_boat-type-pesca-comercial","31":"pa_boat-type-remolcador","32":"pa_boat-type-velero","33":"pa_boat-type-yate","34":"pa_boat-type-yate-de-alquiler","35":"pa_product-accesorios-de-seguridad","36":"pa_terrain-rios-humedales-lagos","38":"first","39":"instock","40":"taxable","41":"shipping-taxable","42":"purchasable","43":"product-type-simple"},"acf":[],"_links":{"self":[{"href":"https:\/\/www.acrartex.com\/es\/wp-json\/wp\/v2\/product\/153532","targetHints":{"allow":["GET"]}}],"collection":[{"href":"https:\/\/www.acrartex.com\/es\/wp-json\/wp\/v2\/product"}],"about":[{"href":"https:\/\/www.acrartex.com\/es\/wp-json\/wp\/v2\/types\/product"}],"wp:featuredmedia":[{"embeddable":true,"href":"https:\/\/www.acrartex.com\/es\/wp-json\/wp\/v2\/media\/164302"}],"wp:attachment":[{"href":"https:\/\/www.acrartex.com\/es\/wp-json\/wp\/v2\/media?parent=153532"}],"wp:term":[{"taxonomy":"product_brand","embeddable":true,"href":"https:\/\/www.acrartex.com\/es\/wp-json\/wp\/v2\/product_brand?post=153532"},{"taxonomy":"product_cat","embeddable":true,"href":"https:\/\/www.acrartex.com\/es\/wp-json\/wp\/v2\/product_cat?post=153532"},{"taxonomy":"product_tag","embeddable":true,"href":"https:\/\/www.acrartex.com\/es\/wp-json\/wp\/v2\/product_tag?post=153532"}],"curies":[{"name":"wp","href":"https:\/\/api.w.org\/{rel}","templated":true}]}}