{"id":153529,"date":"2021-03-16T08:09:42","date_gmt":"2021-03-16T13:09:42","guid":{"rendered":"https:\/\/www.acrartex.com\/products\/bolsa-rapidditch\/"},"modified":"2021-03-16T08:09:42","modified_gmt":"2021-03-16T13:09:42","slug":"bolsa-rapidditch","status":"publish","type":"product","link":"https:\/\/www.acrartex.com\/es\/products\/bolsa-rapidditch\/","title":{"rendered":"Bolsa RapidDitch"},"content":{"rendered":"<p>La resistente tela impermeable y las cremalleras autorreparables y resistentes a la corrosi\u00f3n resisten las inclemencias del tiempo. Gracias a su flotabilidad adicional, el RapidDitch puede flotar hasta 11 kg de equipo, y el nuevo material reflectante facilita su detecci\u00f3n por parte de las fuerzas de b\u00fasqueda y rescate. <\/p>\n<p>Mant\u00e9nganse unidos con el innovador sistema de correas de hombro que se desengancha y se transforma f\u00e1cilmente en dos arneses de seguridad de 1,2 metros, dise\u00f1ados para engancharse a los chalecos salvavidas y mantener a todos conectados en el agua. Mant\u00e9nganse a una distancia prudencial de la bolsa RapidDitch para asegurar que todo su equipo de seguridad y se\u00f1alizaci\u00f3n est\u00e9 disponible en cualquier momento. <\/p>\n","protected":false},"excerpt":{"rendered":"<p>Sea cual sea tu aventura, prep\u00e1rate con la bolsa RapidDitch . Esta resistente bolsa de supervivencia cuenta con bolsillos, correas y presillas que organizan y guardan c\u00f3modamente todo tu equipo de seguridad esencial en un solo lugar. Si la bolsa RapidDitch se hunde en el agua, flotar\u00e1 con hasta 11 kg de equipo.  <\/p>\n<p>&nbsp;<\/p>\n<p>Fabricada con material reflectante y resistente al agua, esta bolsa est\u00e1 dise\u00f1ada para resistir las inclemencias del tiempo y facilitar que los equipos de b\u00fasqueda y rescate te localicen en momentos dif\u00edciles. Adem\u00e1s, su innovadora correa para el hombro se desengancha y se transforma f\u00e1cilmente en dos arneses de seguridad de 1,2 metros que se pueden enganchar al chaleco salvavidas para mantener a todos conectados mientras est\u00e1n en el agua. <\/p>\n<p>&nbsp;<\/p>\n<p style=\"margin-left: 0in; margin-right: 0in;\"><span style=\"font-size: 11pt;\"><span style=\"font-family: Calibri,sans-serif;\"><a style=\"color: blue; text-decoration: underline;\" href=\"https:\/\/www.dropbox.com\/s\/fk04stqsp2hgk5f\/Prop%2065%20-%20DEHP.pdf?dl=0\"><span style=\"color: #000000;\">ADVERTENCIA: PROP 65<\/span><\/a><\/span><\/span><\/p>\n","protected":false},"featured_media":12152,"template":"","meta":{"_acf_changed":false,"om_disable_all_campaigns":false},"product_brand":[],"product_cat":[6733,5984,5986,5819,5983,5775,5985],"product_tag":[9101,9085,9100,9098,9103,9089,9096,9093,9087,9083,9091],"class_list":{"0":"post-153529","1":"product","2":"type-product","3":"status-publish","4":"has-post-thumbnail","6":"product_cat-accesorios-de-seguridad","7":"product_cat-cerca-de-la-costa","8":"product_cat-comercial","9":"product_cat-exterior","10":"product_cat-interior","11":"product_cat-marina-es","12":"product_cat-off-shore-es","13":"product_tag-abandonar-el-barco","14":"product_tag-bolsa","15":"product_tag-bolsa-de-abandono-del-barco","16":"product_tag-bolsa-de-emergencia","17":"product_tag-bolsa-de-seguridad-para-navegacion","18":"product_tag-bolsa-de-supervivencia","19":"product_tag-bolsa-de-zanja","20":"product_tag-bolsa-de-zanja-rapida","21":"product_tag-supervivencia","22":"product_tag-zanja-rapida","23":"product_tag-zanja-rapida-es","24":"pa_activity-pesca","25":"pa_boat-size-0-20-es","26":"pa_boat-size-21-40-es","27":"pa_boat-size-40-80-es","28":"pa_boat-size-80-es","29":"pa_boat-type-artesania-deportiva","30":"pa_boat-type-lancha-fuera-borda","31":"pa_boat-type-pesca-comercial","32":"pa_boat-type-remolcador","33":"pa_boat-type-velero","34":"pa_boat-type-yate","35":"pa_boat-type-yate-de-alquiler","36":"pa_product-accesorios-de-seguridad","37":"pa_terrain-rios-humedales-lagos","39":"first","40":"instock","41":"taxable","42":"shipping-taxable","43":"purchasable","44":"product-type-simple"},"acf":[],"_links":{"self":[{"href":"https:\/\/www.acrartex.com\/es\/wp-json\/wp\/v2\/product\/153529","targetHints":{"allow":["GET"]}}],"collection":[{"href":"https:\/\/www.acrartex.com\/es\/wp-json\/wp\/v2\/product"}],"about":[{"href":"https:\/\/www.acrartex.com\/es\/wp-json\/wp\/v2\/types\/product"}],"wp:featuredmedia":[{"embeddable":true,"href":"https:\/\/www.acrartex.com\/es\/wp-json\/wp\/v2\/media\/12152"}],"wp:attachment":[{"href":"https:\/\/www.acrartex.com\/es\/wp-json\/wp\/v2\/media?parent=153529"}],"wp:term":[{"taxonomy":"product_brand","embeddable":true,"href":"https:\/\/www.acrartex.com\/es\/wp-json\/wp\/v2\/product_brand?post=153529"},{"taxonomy":"product_cat","embeddable":true,"href":"https:\/\/www.acrartex.com\/es\/wp-json\/wp\/v2\/product_cat?post=153529"},{"taxonomy":"product_tag","embeddable":true,"href":"https:\/\/www.acrartex.com\/es\/wp-json\/wp\/v2\/product_tag?post=153529"}],"curies":[{"name":"wp","href":"https:\/\/api.w.org\/{rel}","templated":true}]}}