{"id":153418,"date":"2021-03-16T08:11:37","date_gmt":"2021-03-16T13:11:37","guid":{"rendered":"https:\/\/www.acrartex.com\/products\/elt-portatil-me406\/"},"modified":"2021-03-16T08:11:37","modified_gmt":"2021-03-16T13:11:37","slug":"elt-portatil-me406","status":"publish","type":"product","link":"https:\/\/www.acrartex.com\/es\/products\/elt-portatil-me406\/","title":{"rendered":"ELT port\u00e1til ME406"},"content":{"rendered":"<p>Si las circunstancias requieren un traslado a un \u00e1rea m\u00e1s protegida o accesible, la antena auxiliar envolvente permite continuar la transmisi\u00f3n de la se\u00f1al de socorro, despu\u00e9s de retirar el ELT de una aeronave derribada.<\/p>\n<p>Un cord\u00f3n conectado al ME406P permite al usuario asegurar el ELT a una persona u objeto para evitar p\u00e9rdidas o posibles da\u00f1os a la unidad.<\/p>\n<p>Los ELT ARTEX son la elecci\u00f3n de las aeronaves de aviaci\u00f3n general, incluidas Cessna, Piper, Cirrus, Beechcraft, Diamond y Quest.<\/p>\n<p>La compatibilidad simplifica la instalaci\u00f3n<\/p>\n<p>La bandeja de montaje de la serie ME406P es compatible con todos los modelos anteriores de ELT Artex de 406 MHz, as\u00ed como con las series ELT -200, Pointer modelo 3000, Narco y ELT ACK E-01.<\/p>\n<p>&nbsp;<\/p>\n<p>Lista de paquetes de ELT<\/p>\n<table style=\"border-collapse: collapse; width: 745pt; border: none;\" width=\"994\">\n<colgroup>\n<col style=\"width: 140pt;\" width=\"187\">\n<col style=\"width: 219pt;\" width=\"292\">\n<col style=\"width: 197pt;\" width=\"263\">\n<col style=\"width: 189pt;\" width=\"252\"> <\/colgroup>\n<tbody>\n<tr style=\"height: 20.0pt;\">\n<td class=\"xl66\" style=\"border: none; height: 20.0pt; width: 140pt; text-align: center; vertical-align: middle; padding-top: 1px; padding-right: 1px; padding-left: 1px;\" width=\"187\" height=\"27\"><\/td>\n<td class=\"xl69\" style=\"border: none; border-bottom: 0.5pt solid gray; background: #3c404a; width: 219pt; text-align: center; vertical-align: middle; border-top: none; border-right: 0.5pt solid gray; border-left: none; padding-top: 1px; padding-right: 1px; padding-left: 1px;\" width=\"292\"><span style=\"font-size: 11pt;\"><span style=\"color: #b0e40a;\"><span style=\"font-weight: bold;\"><span style=\"font-style: normal;\"><span style=\"text-decoration: none;\"><span style=\"font-family: Calibri,sans-serif;\">Antena<\/span><\/span><\/span><\/span><\/span><\/span><\/td>\n<td class=\"xl67\" style=\"border: none; border-bottom: 0.5pt solid gray; background: #3c404a; border-left: none; width: 197pt; text-align: center; vertical-align: middle; border-top: none; border-right: 0.5pt solid gray; padding-top: 1px; padding-right: 1px; padding-left: 1px;\" width=\"263\"><span style=\"font-size: 11pt;\"><span style=\"color: #b0e40a;\"><span style=\"font-weight: bold;\"><span style=\"font-style: normal;\"><span style=\"text-decoration: none;\"><span style=\"font-family: Calibri,sans-serif;\">Interruptor remoto y accesorios<\/span><\/span><\/span><\/span><\/span><\/span><\/td>\n<td class=\"xl68\" style=\"border: none; border-bottom: 0.5pt solid gray; background: #3c404a; border-left: none; width: 189pt; text-align: center; vertical-align: middle; border-top: none; border-right: 0.5pt solid windowtext; padding-top: 1px; padding-right: 1px; padding-left: 1px;\" width=\"252\"><span style=\"font-size: 11pt;\"><span style=\"color: #b0e40a;\"><span style=\"font-weight: bold;\"><span style=\"font-style: normal;\"><span style=\"text-decoration: none;\"><span style=\"font-family: Calibri,sans-serif;\">Manuales\/Aprobaciones\/Descargas<\/span><\/span><\/span><\/span><\/span><\/span><\/td>\n<\/tr>\n<tr style=\"height: 39.75pt;\">\n<td class=\"xl72\" style=\"border: none; border-bottom: 0.5pt solid gray; background: #b0e40a; height: 39.75pt; text-align: center; vertical-align: middle; border-top: none; border-right: 0.5pt solid gray; border-left: 0.5pt solid gray; padding-top: 1px; padding-right: 1px; padding-left: 1px;\" height=\"52\"><span style=\"font-size: 11pt;\"><span style=\"font-weight: 400;\"><span style=\"font-style: normal;\"><span style=\"text-decoration: none;\"><span style=\"font-family: Calibri,sans-serif;\">ELT ME406\/P 455-6613<\/span><\/span><\/span><\/span><\/span><\/td>\n<td class=\"xl71\" style=\"border: none; width: 219pt; text-align: center; vertical-align: middle; padding-top: 1px; padding-right: 1px; padding-left: 1px;\" width=\"292\"><span style=\"font-size: 11pt;\"><span style=\"font-weight: 400;\"><span style=\"font-style: normal;\"><span style=\"text-decoration: none;\"><span style=\"font-family: Calibri,sans-serif;\">110-775<br \/>\n 110-338 (blanco) y 110-338-01 (negro)<\/span><\/span><\/span><\/span><\/span><\/td>\n<td class=\"xl70\" style=\"border: none; text-align: center; vertical-align: middle; padding-top: 1px; padding-right: 1px; padding-left: 1px;\"><span style=\"font-size: 11pt;\"><span style=\"font-weight: 400;\"><span style=\"font-style: normal;\"><span style=\"text-decoration: none;\"><span style=\"font-family: Calibri,sans-serif;\"> <\/span><\/span><\/span><\/span><\/span><\/td>\n<td class=\"xl66\" style=\"border: none; text-align: center; vertical-align: middle; padding-top: 1px; padding-right: 1px; padding-left: 1px;\"><a href=\"https:\/\/www.dropbox.com\/s\/skdagnjv9xfq4y1\/455-6613_Packlist.pdf?dl=1\"><span style=\"font-size: 11pt;\"><span style=\"font-weight: 400;\"><span style=\"font-style: normal;\"><span style=\"text-decoration: none;\"><span style=\"font-family: Calibri,sans-serif;\">Lista de paquetes<\/span><\/span><\/span><\/span><\/span><\/a><\/td>\n<\/tr>\n<tr style=\"height: 20.0pt;\">\n<td class=\"xl72\" style=\"border: none; border-bottom: 0.5pt solid gray; background: #b0e40a; height: 20.0pt; text-align: center; vertical-align: middle; border-top: none; border-right: 0.5pt solid gray; border-left: 0.5pt solid gray; padding-top: 1px; padding-right: 1px; padding-left: 1px;\" height=\"27\"><span style=\"font-size: 11pt;\"><span style=\"font-weight: 400;\"><span style=\"font-style: normal;\"><span style=\"text-decoration: none;\"><span style=\"font-family: Calibri,sans-serif;\">ELT ME406\/P 455-6615<\/span><\/span><\/span><\/span><\/span><\/td>\n<td class=\"xl66\" style=\"border: none; text-align: center; vertical-align: middle; padding-top: 1px; padding-right: 1px; padding-left: 1px;\"><span style=\"font-size: 11pt;\"><span style=\"font-weight: 400;\"><span style=\"font-style: normal;\"><span style=\"text-decoration: none;\"><span style=\"font-family: Calibri,sans-serif;\">110-775<\/span><\/span><\/span><\/span><\/span><\/td>\n<td class=\"xl66\" style=\"border: none; text-align: center; vertical-align: middle; padding-top: 1px; padding-right: 1px; padding-left: 1px;\"><span style=\"font-size: 11pt;\"><span style=\"font-weight: 400;\"><span style=\"font-style: normal;\"><span style=\"text-decoration: none;\"><span style=\"font-family: Calibri,sans-serif;\">455-6196<\/span><\/span><\/span><\/span><\/span><\/td>\n<td class=\"xl66\" style=\"border: none; text-align: center; vertical-align: middle; padding-top: 1px; padding-right: 1px; padding-left: 1px;\"><a href=\"https:\/\/www.dropbox.com\/s\/bd9nsn31iw9d7js\/455-6615_Packlist.pdf?dl=1\"><span style=\"font-size: 11pt;\"><span style=\"font-weight: 400;\"><span style=\"font-style: normal;\"><span style=\"text-decoration: none;\"><span style=\"font-family: Calibri,sans-serif;\">Lista de paquetes<\/span><\/span><\/span><\/span><\/span><\/a><\/td>\n<\/tr>\n<\/tbody>\n<\/table>\n","protected":false},"excerpt":{"rendered":"<p>Vuele con seguridad por los cielos con el ELT port\u00e1til ME406 de una sola salida a su lado. Si alguna vez necesita activar este ELT , el transmisor de 406 MHz env\u00eda una se\u00f1al codificada cada 50 segundos para alertar a los equipos de b\u00fasqueda y rescate de su situaci\u00f3n. Adem\u00e1s, si las circunstancias le obligan a alejarse de su aeronave y dirigirse a una zona m\u00e1s protegida o accesible, la antena auxiliar envolvente seguir\u00e1 transmitiendo su se\u00f1al de socorro, incluso despu\u00e9s de retirar el ELT de la aeronave.  <\/p>\n<p><span style=\"color: #3366ff;\"><strong>Este producto ha sido descontinuado.<\/strong><\/span><\/p>\n<p><img decoding=\"async\" style=\"width: 300px; height: 41px;\" src=\"https:\/\/dk2ztu5ooimmu.cloudfront.net\/ckeditor_assets\/pictures\/146\/406Test_with_desc_-_Tag.gif\" alt=\"\"><\/p>\n","protected":false},"featured_media":153420,"template":"","meta":{"_acf_changed":false,"om_disable_all_campaigns":false},"product_brand":[],"product_cat":[5527,5530],"product_tag":[5536,8312,5532,8875,8874,8825],"class_list":{"0":"post-153418","1":"product","2":"type-product","3":"status-publish","4":"has-post-thumbnail","6":"product_cat-aviacion","7":"product_cat-rotocraft-es","8":"product_tag-406-es","9":"product_tag-406-elt-es","10":"product_tag-elt-es","11":"product_tag-elt-portatil","12":"product_tag-transmisor-localizador-electronico-es","13":"product_tag-yo406","14":"pa_product-legado","16":"first","17":"instock","18":"taxable","19":"shipping-taxable","20":"product-type-simple"},"acf":[],"_links":{"self":[{"href":"https:\/\/www.acrartex.com\/es\/wp-json\/wp\/v2\/product\/153418","targetHints":{"allow":["GET"]}}],"collection":[{"href":"https:\/\/www.acrartex.com\/es\/wp-json\/wp\/v2\/product"}],"about":[{"href":"https:\/\/www.acrartex.com\/es\/wp-json\/wp\/v2\/types\/product"}],"wp:featuredmedia":[{"embeddable":true,"href":"https:\/\/www.acrartex.com\/es\/wp-json\/wp\/v2\/media\/153420"}],"wp:attachment":[{"href":"https:\/\/www.acrartex.com\/es\/wp-json\/wp\/v2\/media?parent=153418"}],"wp:term":[{"taxonomy":"product_brand","embeddable":true,"href":"https:\/\/www.acrartex.com\/es\/wp-json\/wp\/v2\/product_brand?post=153418"},{"taxonomy":"product_cat","embeddable":true,"href":"https:\/\/www.acrartex.com\/es\/wp-json\/wp\/v2\/product_cat?post=153418"},{"taxonomy":"product_tag","embeddable":true,"href":"https:\/\/www.acrartex.com\/es\/wp-json\/wp\/v2\/product_tag?post=153418"}],"curies":[{"name":"wp","href":"https:\/\/api.w.org\/{rel}","templated":true}]}}