{"id":153403,"date":"2021-03-16T08:11:41","date_gmt":"2021-03-16T13:11:41","guid":{"rendered":"https:\/\/www.acrartex.com\/products\/elt-ace-me406\/"},"modified":"2021-03-16T08:11:41","modified_gmt":"2021-03-16T13:11:41","slug":"elt-ace-me406","status":"publish","type":"product","link":"https:\/\/www.acrartex.com\/es\/products\/elt-ace-me406\/","title":{"rendered":"ELT ACE ME406"},"content":{"rendered":"<p>Instalaci\u00f3n sencilla<br \/>\n El hardware de montaje de la serie ME406 es compatible con todos los modelos anteriores de productos ELT de 406 MHz de Artex, as\u00ed como con los ELT de ELT serie ELT -200, ACK, Pointer modelo 3000 y Narco. El interruptor remoto aut\u00f3nomo funciona con una bater\u00eda de litio de 6 a\u00f1os de duraci\u00f3n, lo que lo hace independiente de la alimentaci\u00f3n de la aeronave. <\/p>\n<p>Los ELT ARTEX son la elecci\u00f3n de las aeronaves de aviaci\u00f3n general, incluidas Cessna, Piper, Cirrus, Beechcraft, Diamond y Quest.<\/p>\n<p>&nbsp;<\/p>\n<p>Actualizaci\u00f3n rentable a la tecnolog\u00eda Artex<br \/>\n El nuevo interruptor remoto reemplaza el antiguo interruptor ACK en el panel de instrumentos, eliminando as\u00ed la necesidad de modificaciones. Un adaptador especial, montado en el ELT ME406 ACE, recibe el conector del lado del ELT del cableado. El tiempo de instalaci\u00f3n se reduce a\u00fan m\u00e1s al reutilizar el arn\u00e9s de cableado existente para conectar el interruptor remoto al ELT .  <\/p>\n<ul>\n<li>&#8220;ACE&#8221; \u2013 Eficiencia de Costo Absoluta<\/li>\n<li>Actualizaci\u00f3n de ACK y ELT de 2 frecuencias a la tecnolog\u00eda Artex de 406 MHz<\/li>\n<li>Reemplaza el interruptor remoto ACK en forma, ajuste y funci\u00f3n.<\/li>\n<li>Reutilice el arn\u00e9s de cableado existente desde el interruptor remoto hasta ELT<\/li>\n<li>Interruptor remoto independiente de la alimentaci\u00f3n de la aeronave<\/li>\n<li>Duraci\u00f3n de la bater\u00eda de 6 a\u00f1os, n\u00famero de pieza de bater\u00eda de repuesto 455-0012<\/li>\n<li>Si la usas, te la reemplazaremos <a href=\"http:\/\/www.survivorclub.com\/\">gratis<\/a> . Simplemente env\u00eda tu historia, devu\u00e9lvenos tu baliza usada para que la montemos en nuestro Muro de la Fama y te enviaremos una baliza nueva de igual o mayor valor. <\/li>\n<\/ul>\n<p>Certificaciones<\/p>\n<ul>\n<li>GRT C126<\/li>\n<li>ETSO 2C126<\/li>\n<li>Aprobado por Cospas\/Sarsat<\/li>\n<li>Aprobado por Transporte e Industria de Canad\u00e1<\/li>\n<\/ul>\n<p>Modernizaci\u00f3n<\/p>\n<p>El Artex ME406 ELT combinado con el sistema de actualizaci\u00f3n de interruptor remoto ACK permite reutilizar el arn\u00e9s de cableado existente entre ELT y el interruptor remoto de la cabina.<\/p>\n<p>&nbsp;<\/p>\n<p>Lista de paquetes de ELT<\/p>\n<table style=\"border-collapse: collapse; width: 745pt; border: none;\" width=\"994\">\n<colgroup>\n<col style=\"width: 140pt;\" width=\"187\">\n<col style=\"width: 219pt;\" width=\"292\">\n<col style=\"width: 197pt;\" width=\"263\">\n<col style=\"width: 189pt;\" width=\"252\"> <\/colgroup>\n<tbody>\n<tr style=\"height: 20.0pt;\">\n<td class=\"xl66\" style=\"border: none; height: 20.0pt; width: 140pt; text-align: center; vertical-align: middle; padding-top: 1px; padding-right: 1px; padding-left: 1px;\" width=\"187\" height=\"27\"><\/td>\n<td class=\"xl69\" style=\"border: none; border-bottom: 0.5pt solid gray; background: #3c404a; width: 219pt; text-align: center; vertical-align: middle; border-top: none; border-right: 0.5pt solid gray; border-left: none; padding-top: 1px; padding-right: 1px; padding-left: 1px;\" width=\"292\"><span style=\"font-size: 11pt;\"><span style=\"color: #b0e40a;\"><span style=\"font-weight: bold;\"><span style=\"font-style: normal;\"><span style=\"text-decoration: none;\"><span style=\"font-family: Calibri,sans-serif;\">Antena<\/span><\/span><\/span><\/span><\/span><\/span><\/td>\n<td class=\"xl67\" style=\"border: none; border-bottom: 0.5pt solid gray; background: #3c404a; border-left: none; width: 197pt; text-align: center; vertical-align: middle; border-top: none; border-right: 0.5pt solid gray; padding-top: 1px; padding-right: 1px; padding-left: 1px;\" width=\"263\"><span style=\"font-size: 11pt;\"><span style=\"color: #b0e40a;\"><span style=\"font-weight: bold;\"><span style=\"font-style: normal;\"><span style=\"text-decoration: none;\"><span style=\"font-family: Calibri,sans-serif;\">Interruptor remoto y accesorios<\/span><\/span><\/span><\/span><\/span><\/span><\/td>\n<td class=\"xl68\" style=\"border: none; border-bottom: 0.5pt solid gray; background: #3c404a; border-left: none; width: 189pt; text-align: center; vertical-align: middle; border-top: none; border-right: 0.5pt solid windowtext; padding-top: 1px; padding-right: 1px; padding-left: 1px;\" width=\"252\"><span style=\"font-size: 11pt;\"><span style=\"color: #b0e40a;\"><span style=\"font-weight: bold;\"><span style=\"font-style: normal;\"><span style=\"text-decoration: none;\"><span style=\"font-family: Calibri,sans-serif;\">Manuales\/Aprobaciones\/Descargas<\/span><\/span><\/span><\/span><\/span><\/span><\/td>\n<\/tr>\n<tr style=\"height: 20.0pt;\">\n<td class=\"xl72\" style=\"border: none; border-bottom: 0.5pt solid gray; background: #b0e40a; height: 20.0pt; text-align: center; vertical-align: middle; border-top: none; border-right: 0.5pt solid gray; border-left: 0.5pt solid gray; padding-top: 1px; padding-right: 1px; padding-left: 1px;\" height=\"27\"><span style=\"font-size: 11pt;\"><span style=\"font-weight: 400;\"><span style=\"font-style: normal;\"><span style=\"text-decoration: none;\"><span style=\"font-family: Calibri,sans-serif;\">ELT ME406 ACE 455-6614<\/span><\/span><\/span><\/span><\/span><\/td>\n<td class=\"xl70\" style=\"border: none; text-align: center; vertical-align: middle; padding-top: 1px; padding-right: 1px; padding-left: 1px;\"><span style=\"font-size: 11pt;\"><span style=\"font-weight: 400;\"><span style=\"font-style: normal;\"><span style=\"text-decoration: none;\"><span style=\"font-family: Calibri,sans-serif;\">110-773<\/span><\/span><\/span><\/span><\/span><\/td>\n<td class=\"xl71\" style=\"border: none; text-align: center; vertical-align: middle; padding-top: 1px; padding-right: 1px; padding-left: 1px;\"><span style=\"font-size: 11pt;\"><span style=\"font-weight: 400;\"><span style=\"font-style: normal;\"><span style=\"text-decoration: none;\"><span style=\"font-family: Calibri,sans-serif;\">455-0023<\/span><\/span><\/span><\/span><\/span><\/td>\n<td class=\"xl66\" style=\"border: none; text-align: center; vertical-align: middle; padding-top: 1px; padding-right: 1px; padding-left: 1px;\"><a href=\"https:\/\/www.dropbox.com\/s\/kbp9y4ygk4pzhpj\/455-6614_packlist.pdf?dl=1\"><span style=\"font-size: 11pt;\"><span style=\"font-weight: 400;\"><span style=\"font-style: normal;\"><span style=\"text-decoration: none;\"><span style=\"font-family: Calibri,sans-serif;\">Lista de paquetes<\/span><\/span><\/span><\/span><\/span><\/a><\/td>\n<\/tr>\n<tr style=\"height: 20.0pt;\">\n<td class=\"xl73\" style=\"border: none; border-bottom: none; background: #b0e40a; height: 20.0pt; text-align: center; vertical-align: middle; border-top: none; border-right: 0.5pt solid gray; border-left: 0.5pt solid gray; padding-top: 1px; padding-right: 1px; padding-left: 1px;\" height=\"27\"><span style=\"font-size: 11pt;\"><span style=\"font-weight: 400;\"><span style=\"font-style: normal;\"><span style=\"text-decoration: none;\"><span style=\"font-family: Calibri,sans-serif;\">ELT ME406 ACE 455-6608<\/span><\/span><\/span><\/span><\/span><\/td>\n<td class=\"xl66\" style=\"border: none; text-align: center; vertical-align: middle; padding-top: 1px; padding-right: 1px; padding-left: 1px;\"><\/td>\n<td class=\"xl66\" style=\"border: none; text-align: center; vertical-align: middle; padding-top: 1px; padding-right: 1px; padding-left: 1px;\"><\/td>\n<td class=\"xl66\" style=\"border: none; text-align: center; vertical-align: middle; padding-top: 1px; padding-right: 1px; padding-left: 1px;\"><a href=\"https:\/\/www.dropbox.com\/s\/7zi1f60khftihqz\/455-6608_packlist.pdf?dl=1\"><span style=\"font-size: 11pt;\"><span style=\"font-weight: 400;\"><span style=\"font-style: normal;\"><span style=\"text-decoration: none;\"><span style=\"font-family: Calibri,sans-serif;\">Lista de paquetes<\/span><\/span><\/span><\/span><\/span><\/a><\/td>\n<\/tr>\n<\/tbody>\n<\/table>\n","protected":false},"excerpt":{"rendered":"<p>Disfrute de la tranquilidad de contar con un Emergency Locator Transmitter ( ELT ) a su lado. El ME406 ACE es un ELT de una sola salida, dise\u00f1ado para simplificar su instalaci\u00f3n. Con una bater\u00eda de 6 a\u00f1os de duraci\u00f3n, el ME406 ACE es un ELT con el que puede contar para protegerse en caso de emergencia. Si alguna vez necesita activar el ELT , el transmisor de 406 MHz env\u00eda una se\u00f1al codificada cada 50 segundos para alertar a los equipos de b\u00fasqueda y rescate sobre su ubicaci\u00f3n, para que puedan llevarlo a casa m\u00e1s f\u00e1cilmente.   <\/p>\n<p>&nbsp;<\/p>\n<p>&nbsp;<\/p>\n<p><img decoding=\"async\" style=\"width: 300px; height: 41px;\" src=\"https:\/\/dk2ztu5ooimmu.cloudfront.net\/ckeditor_assets\/pictures\/146\/406Test_with_desc_-_Tag.gif\" alt=\"\"><\/p>\n","protected":false},"featured_media":153406,"template":"","meta":{"_acf_changed":false,"om_disable_all_campaigns":false},"product_brand":[],"product_cat":[5527,5991],"product_tag":[8849,8850,5532,8851,8848,8846,8826,6563],"class_list":{"0":"post-153403","1":"product","2":"type-product","3":"status-publish","4":"has-post-thumbnail","6":"product_cat-aviacion","7":"product_cat-aviacion-general","8":"product_tag-as-es","9":"product_tag-as-elt","10":"product_tag-elt-es","11":"product_tag-m406-elt-ace-es","12":"product_tag-me406-elt-es","13":"product_tag-transmisor-localizador-electronico","14":"product_tag-yo-406","15":"product_tag-yo-406-elt","16":"pa_product-legado","18":"first","19":"outofstock","20":"taxable","21":"shipping-taxable","22":"product-type-simple"},"acf":[],"_links":{"self":[{"href":"https:\/\/www.acrartex.com\/es\/wp-json\/wp\/v2\/product\/153403","targetHints":{"allow":["GET"]}}],"collection":[{"href":"https:\/\/www.acrartex.com\/es\/wp-json\/wp\/v2\/product"}],"about":[{"href":"https:\/\/www.acrartex.com\/es\/wp-json\/wp\/v2\/types\/product"}],"wp:featuredmedia":[{"embeddable":true,"href":"https:\/\/www.acrartex.com\/es\/wp-json\/wp\/v2\/media\/153406"}],"wp:attachment":[{"href":"https:\/\/www.acrartex.com\/es\/wp-json\/wp\/v2\/media?parent=153403"}],"wp:term":[{"taxonomy":"product_brand","embeddable":true,"href":"https:\/\/www.acrartex.com\/es\/wp-json\/wp\/v2\/product_brand?post=153403"},{"taxonomy":"product_cat","embeddable":true,"href":"https:\/\/www.acrartex.com\/es\/wp-json\/wp\/v2\/product_cat?post=153403"},{"taxonomy":"product_tag","embeddable":true,"href":"https:\/\/www.acrartex.com\/es\/wp-json\/wp\/v2\/product_tag?post=153403"}],"curies":[{"name":"wp","href":"https:\/\/api.w.org\/{rel}","templated":true}]}}