{"id":153340,"date":"2021-03-16T08:11:52","date_gmt":"2021-03-16T13:11:52","guid":{"rendered":"https:\/\/www.acrartex.com\/products\/interfaz-elt-a-nav-boeing\/"},"modified":"2021-03-16T08:11:52","modified_gmt":"2021-03-16T13:11:52","slug":"interfaz-elt-a-nav-boeing","status":"publish","type":"product","link":"https:\/\/www.acrartex.com\/es\/products\/interfaz-elt-a-nav-boeing\/","title":{"rendered":"Interfaz ELT a Nav Boeing"},"content":{"rendered":"<p>La interfaz ELT \/NAV B de Artex est\u00e1 dise\u00f1ada para la conexi\u00f3n entre la computadora de gesti\u00f3n de vuelo (FMC) de Boeing y el ELT Artex B406-4. Su funci\u00f3n es recibir actualizaciones continuas de la posici\u00f3n del sistema de navegaci\u00f3n de la aeronave y traducirlas al formato adecuado para su uso por el ELT . Al activarse, el ELT transmite la latitud y longitud de la aeronave al sistema satelital COSPAS\/SARSAT. Conocer la informaci\u00f3n de posici\u00f3n permite a las fuerzas de b\u00fasqueda y rescate lanzar una misi\u00f3n inmediata a la \u00faltima posici\u00f3n conocida de la aeronave. La interfaz ELT \/NAV B tambi\u00e9n ha sido probada para cumplir con los estrictos requisitos de Boeing para su uso en sus aeronaves, as\u00ed como con los requisitos TSO C126 y JTSO-2C126 como componente del sistema ELT B406-4. La interfaz ELT \/NAV B est\u00e1 disponible como kit completo (N.\u00b0 de pieza 455-6501). El kit incluye todo el hardware de instalaci\u00f3n necesario (tornillos, arandelas, etc.), conectores de cable con clavijas\/enchufes y un manual.      <\/p>\n<p>Cuando se registra correctamente, el uso de esta tecnolog\u00eda puede proporcionar la siguiente informaci\u00f3n a los equipos de b\u00fasqueda y rescate: 1) Tipo de aeronave, 2) Propietario(s), 3) Contacto(s) de emergencia, 4) C\u00f3digo de pa\u00eds, 5) ID de aeronave o n\u00famero de serie del ELT , 6) Fabricante ELT , 7) Posici\u00f3n de latitud\/longitud.       <\/p>\n<p>Otra caracter\u00edstica avanzada de la interfaz es la posibilidad de programar el ELT a la direcci\u00f3n de 24 bits (n\u00famero de Modo S) asignada a la aeronave. Esto resulta sumamente \u00fatil para los operadores de flotas que necesiten cambiar ELT de la aeronave por mantenimiento, ya que elimina la necesidad de ELT cada vez que se traslada. <\/p>\n","protected":false},"excerpt":{"rendered":"<p>En caso de emergencia, tenga la tranquilidad de saber que con la interfaz ELT a Nav-B, los equipos de b\u00fasqueda y rescate conocer\u00e1n su posici\u00f3n (en un radio de 100 metros). La interfaz ELT a Nav-B est\u00e1 dise\u00f1ada para conectarse entre la computadora de gesti\u00f3n de vuelo (FMC) o el receptor GPS de la aeronave y el ELT B406-4 (Boeing). Este dispositivo recibe actualizaciones continuas de la posici\u00f3n del sistema de navegaci\u00f3n de la aeronave y las traduce para que las utilice el ELT . Si necesita activar su ELT , la latitud y longitud de su aeronave se transmitir\u00e1n a una red mundial de sat\u00e9lites de b\u00fasqueda y rescate.   <\/p>\n","protected":false},"featured_media":153345,"template":"","meta":{"_acf_changed":false,"om_disable_all_campaigns":false},"product_brand":[],"product_cat":[5527],"product_tag":[8810,5532,8658,8806,8809,8660,8808],"class_list":{"0":"post-153340","1":"product","2":"type-product","3":"status-publish","4":"has-post-thumbnail","6":"product_cat-aviacion","7":"product_tag-boeing-es","8":"product_tag-elt-es","9":"product_tag-elt-para-navegar","10":"product_tag-elttonav-es","11":"product_tag-interfaz-de-navegacion-es","12":"product_tag-navegacion","13":"product_tag-navegador-elt-2","15":"first","16":"instock","17":"taxable","18":"shipping-taxable","19":"product-type-simple"},"acf":[],"_links":{"self":[{"href":"https:\/\/www.acrartex.com\/es\/wp-json\/wp\/v2\/product\/153340","targetHints":{"allow":["GET"]}}],"collection":[{"href":"https:\/\/www.acrartex.com\/es\/wp-json\/wp\/v2\/product"}],"about":[{"href":"https:\/\/www.acrartex.com\/es\/wp-json\/wp\/v2\/types\/product"}],"wp:featuredmedia":[{"embeddable":true,"href":"https:\/\/www.acrartex.com\/es\/wp-json\/wp\/v2\/media\/153345"}],"wp:attachment":[{"href":"https:\/\/www.acrartex.com\/es\/wp-json\/wp\/v2\/media?parent=153340"}],"wp:term":[{"taxonomy":"product_brand","embeddable":true,"href":"https:\/\/www.acrartex.com\/es\/wp-json\/wp\/v2\/product_brand?post=153340"},{"taxonomy":"product_cat","embeddable":true,"href":"https:\/\/www.acrartex.com\/es\/wp-json\/wp\/v2\/product_cat?post=153340"},{"taxonomy":"product_tag","embeddable":true,"href":"https:\/\/www.acrartex.com\/es\/wp-json\/wp\/v2\/product_tag?post=153340"}],"curies":[{"name":"wp","href":"https:\/\/api.w.org\/{rel}","templated":true}]}}