{"id":153301,"date":"2021-03-16T08:11:56","date_gmt":"2021-03-16T13:11:56","guid":{"rendered":"https:\/\/www.acrartex.com\/products\/interfaz-elt-rswt-de-2-cables\/"},"modified":"2021-03-16T08:11:56","modified_gmt":"2021-03-16T13:11:56","slug":"interfaz-elt-rswt-de-2-cables","status":"publish","type":"product","link":"https:\/\/www.acrartex.com\/es\/products\/interfaz-elt-rswt-de-2-cables\/","title":{"rendered":"Interfaz ELT \/RSWT de 2 cables"},"content":{"rendered":"<p>Muchas de las instalaciones TSO C91a existentes con ELT Joliet, Pointer y Narco de 121,5 MHz utilizan solo dos cables entre el interruptor remoto de cabina y el ELT . Otros fabricantes de ELT de 121,5 MHz utilizan tres o cuatro cables. La interfaz remota de dos cables Artex utiliza solo dos de los cables existentes del mazo de cables para conectar el nuevo interruptor remoto de cabina a un ELT Artex de 406 MHz, lo que permite una actualizaci\u00f3n sencilla y econ\u00f3mica.  <\/p>\n<ul>\n<li>Actualice cualquier instalaci\u00f3n ELT C91a existente a la tecnolog\u00eda Artex de 406 MHz<\/li>\n<li>Se conecta entre el nuevo interruptor remoto de la cabina y ELT de 406 MHz<\/li>\n<li>Simplifique la instalaci\u00f3n y reduzca los costos utilizando configuraciones existentes de 2, 3 o 4 cables<\/li>\n<li>Un paquete incluye todas las piezas necesarias para la instalaci\u00f3n.<\/li>\n<li>TSO C-126 aprobado<\/li>\n<li>Otra soluci\u00f3n de modernizaci\u00f3n de Artex Products, que demuestra nuestro compromiso de reducir los costos de instalaci\u00f3n para los propietarios de aeronaves.<\/li>\n<\/ul>\n","protected":false},"excerpt":{"rendered":"<p>La interfaz remota de 2 cables es una actualizaci\u00f3n del ELT de localizaci\u00f3n de emergencia ME406 ACE. Este transmisor reemplaza los transmisores de localizaci\u00f3n de emergencia ACK o Ameri-King de 121,5 MHz actuales e incluye un interruptor remoto y adaptadores para aprovechar el cableado existente. La interfaz ELT \/RSWT de 2 cables utiliza solo dos de los cables existentes del arn\u00e9s de cableado para conectar el nuevo interruptor remoto de cabina a cualquier transmisor de localizaci\u00f3n de emergencia de 406 MHz.  <\/p>\n","protected":false},"featured_media":153308,"template":"","meta":{"_acf_changed":false,"om_disable_all_campaigns":false},"product_brand":[],"product_cat":[5527],"product_tag":[8771,8778,8776,8777,8773,8779],"class_list":{"0":"post-153301","1":"product","2":"type-product","3":"status-publish","4":"has-post-thumbnail","6":"product_cat-aviacion","7":"product_tag-2-cables","8":"product_tag-2-cables-es","9":"product_tag-2-cables-elt","10":"product_tag-2-cables-rswt","11":"product_tag-dos-cables","12":"product_tag-interfaz-rswt","14":"first","15":"instock","16":"taxable","17":"shipping-taxable","18":"product-type-simple"},"acf":[],"_links":{"self":[{"href":"https:\/\/www.acrartex.com\/es\/wp-json\/wp\/v2\/product\/153301","targetHints":{"allow":["GET"]}}],"collection":[{"href":"https:\/\/www.acrartex.com\/es\/wp-json\/wp\/v2\/product"}],"about":[{"href":"https:\/\/www.acrartex.com\/es\/wp-json\/wp\/v2\/types\/product"}],"wp:featuredmedia":[{"embeddable":true,"href":"https:\/\/www.acrartex.com\/es\/wp-json\/wp\/v2\/media\/153308"}],"wp:attachment":[{"href":"https:\/\/www.acrartex.com\/es\/wp-json\/wp\/v2\/media?parent=153301"}],"wp:term":[{"taxonomy":"product_brand","embeddable":true,"href":"https:\/\/www.acrartex.com\/es\/wp-json\/wp\/v2\/product_brand?post=153301"},{"taxonomy":"product_cat","embeddable":true,"href":"https:\/\/www.acrartex.com\/es\/wp-json\/wp\/v2\/product_cat?post=153301"},{"taxonomy":"product_tag","embeddable":true,"href":"https:\/\/www.acrartex.com\/es\/wp-json\/wp\/v2\/product_tag?post=153301"}],"curies":[{"name":"wp","href":"https:\/\/api.w.org\/{rel}","templated":true}]}}