{"id":153223,"date":"2021-03-16T08:12:00","date_gmt":"2021-03-16T13:12:00","guid":{"rendered":"https:\/\/www.acrartex.com\/products\/interfaz-elt-a-nav\/"},"modified":"2021-03-16T08:12:00","modified_gmt":"2021-03-16T13:12:00","slug":"interfaz-elt-a-nav","status":"publish","type":"product","link":"https:\/\/www.acrartex.com\/es\/products\/interfaz-elt-a-nav\/","title":{"rendered":"Interfaz ELT a Nav"},"content":{"rendered":"<p>El conocimiento de la posici\u00f3n (con una precisi\u00f3n de 1 metro) permite a las fuerzas de b\u00fasqueda y rescate lanzar una misi\u00f3n inmediata a la \u00faltima posici\u00f3n conocida de la aeronave. La interfaz ELT \/NAV cumple con los requisitos TSO C126 y JTSO-2C126 como componente del sistema ELT de 406 MHz. Una vez registrada correctamente, esta tecnolog\u00eda puede proporcionar la siguiente informaci\u00f3n a los equipos de b\u00fasqueda y rescate: 1) Tipo de aeronave, 2) Propietario(s), 3) Contacto(s) de emergencia, 4) C\u00f3digo de pa\u00eds, 5) ID de la aeronave o n\u00famero de serie del ELT , 6) Fabricante ELT y 7) Latitud\/Longitud.         <\/p>\n<p>Una funci\u00f3n avanzada de la interfaz de navegaci\u00f3n es la posibilidad de programar el ELT a la direcci\u00f3n de 24 bits (N\u00famero de Modo S) asignada a una aeronave. Esto resulta extremadamente \u00fatil para los operadores de flotas que cambian los ELT, ya que elimina la necesidad de ELT antes de instalarlos en otra aeronave. <\/p>\n<ul>\n<li>Permite que el ELT transmita la latitud y longitud de la aeronave.<\/li>\n<li>Conecta los ELT de las series C406 y G406 a la computadora de gesti\u00f3n de vuelo de la aeronave o al receptor GPS<\/li>\n<li>Programa ELT con la direcci\u00f3n de 24 bits de la aeronave<\/li>\n<li>Compatible con sistemas como: Garmin, UNSD, ARNAV, IIMorrow, Bendix King<\/li>\n<\/ul>\n","protected":false},"excerpt":{"rendered":"<p>En caso de emergencia, tenga la tranquilidad de saber que con la interfaz ELT a Nav, los equipos de b\u00fasqueda y rescate conocer\u00e1n su posici\u00f3n en un radio de 100 metros. La interfaz ELT a Nav est\u00e1 dise\u00f1ada para conectarse entre la computadora de gesti\u00f3n de vuelo (FMC) o el receptor GPS de la aeronave y cualquier ELT de la serie de 406 MHz. Esto permite transmitir su posici\u00f3n junto con la se\u00f1al de socorro.  <\/p>\n","protected":false},"featured_media":153231,"template":"","meta":{"_acf_changed":false,"om_disable_all_campaigns":false},"product_brand":[],"product_cat":[5527,5992,8521,5530],"product_tag":[8664,5532,8658,8662,8663,8660,8665],"class_list":{"0":"post-153223","1":"product","2":"type-product","3":"status-publish","4":"has-post-thumbnail","6":"product_cat-aviacion","7":"product_cat-avion-de-negocios","8":"product_cat-aviones-comerciales","9":"product_cat-rotocraft-es","10":"product_tag-avion","11":"product_tag-elt-es","12":"product_tag-elt-para-navegar","13":"product_tag-interfaz-de-elt-a-navegacion","14":"product_tag-interfaz-de-navegacion","15":"product_tag-navegacion","16":"product_tag-vuelo","17":"pa_aircraft-type-avion-de-pasajeros","18":"pa_aircraft-type-aviones-de-pasajeros","19":"pa_aircraft-type-grandes-aviones","20":"pa_aircraft-type-rotocraft-es","21":"pa_product-soluciones-elt","23":"first","24":"instock","25":"taxable","26":"shipping-taxable","27":"product-type-simple"},"acf":[],"_links":{"self":[{"href":"https:\/\/www.acrartex.com\/es\/wp-json\/wp\/v2\/product\/153223","targetHints":{"allow":["GET"]}}],"collection":[{"href":"https:\/\/www.acrartex.com\/es\/wp-json\/wp\/v2\/product"}],"about":[{"href":"https:\/\/www.acrartex.com\/es\/wp-json\/wp\/v2\/types\/product"}],"wp:featuredmedia":[{"embeddable":true,"href":"https:\/\/www.acrartex.com\/es\/wp-json\/wp\/v2\/media\/153231"}],"wp:attachment":[{"href":"https:\/\/www.acrartex.com\/es\/wp-json\/wp\/v2\/media?parent=153223"}],"wp:term":[{"taxonomy":"product_brand","embeddable":true,"href":"https:\/\/www.acrartex.com\/es\/wp-json\/wp\/v2\/product_brand?post=153223"},{"taxonomy":"product_cat","embeddable":true,"href":"https:\/\/www.acrartex.com\/es\/wp-json\/wp\/v2\/product_cat?post=153223"},{"taxonomy":"product_tag","embeddable":true,"href":"https:\/\/www.acrartex.com\/es\/wp-json\/wp\/v2\/product_tag?post=153223"}],"curies":[{"name":"wp","href":"https:\/\/api.w.org\/{rel}","templated":true}]}}