{"id":152881,"date":"2021-03-16T08:12:57","date_gmt":"2021-03-16T13:12:57","guid":{"rendered":"https:\/\/www.acrartex.com\/products\/soporte-para-epirb-sea-shelter-4-cat-i\/"},"modified":"2025-07-29T14:59:08","modified_gmt":"2025-07-29T19:59:08","slug":"soporte-para-epirb-sea-shelter-4-cat-i","status":"publish","type":"product","link":"https:\/\/www.acrartex.com\/es\/products\/soporte-para-epirb-sea-shelter-4-cat-i\/","title":{"rendered":"Soporte para EPIRB Sea Shelter \u2122 4 Cat I"},"content":{"rendered":"<ul>\n<li>Mecanismo de liberaci\u00f3n hidrost\u00e1tica innovador y de cambio r\u00e1pido<\/li>\n<li>El montaje unidireccional elimina la posibilidad de instalar EPIRB al rev\u00e9s<\/li>\n<li>El im\u00e1n de desactivaci\u00f3n integral impide que la EPIRB transmita hasta que se despliegue<\/li>\n<li>Despliega EPIRB cuando se sumerge en agua a una profundidad de entre 1,5 y 4 m (4,9 y 13,1 pies). Se adapta \u00fanicamente a las EPIRB GlobalFix \u2122 V4 (modelo RLB-41).<\/li>\n<\/ul>\n","protected":false},"excerpt":{"rendered":"<p>Las condiciones m\u00e1s adversas no tienen ninguna posibilidad contra el Sea Shelter \u2122 4 Cat I. Este soporte EPIRB est\u00e1 completamente cerrado, lo que proporciona protecci\u00f3n incluso durante las aventuras m\u00e1s audaces. Si su embarcaci\u00f3n empieza a hacer agua, el Sea Shelter activar\u00e1 autom\u00e1ticamente su EPIRB y enviar\u00e1 una se\u00f1al a una red mundial de sat\u00e9lites de b\u00fasqueda y rescate. Este soporte es compatible \u00fanicamente con las EPIRB GlobalFix \u2122 V4, GlobalFix \u2122 V5 y GlobalFix \u2122 V6.  <\/p>\n<p>NOTA: El soporte de repuesto Sea Shelter \u2122 (n.\u00b0 de pieza 2832) no incluye la unidad de liberaci\u00f3n hidrost\u00e1tica (HRU). La HRU (n.\u00b0 de pieza 9490.1) deber\u00e1 pedirse por separado. <\/p>\n","protected":false},"featured_media":152882,"template":"","meta":{"_acf_changed":false,"om_disable_all_campaigns":false},"product_brand":[],"product_cat":[6733,5984,5986,5983,5775,5985],"product_tag":[8123,8124,8126,8125,8129,8130,5776,8131,6735,6738,8132,8127,8128],"class_list":{"0":"post-152881","1":"product","2":"type-product","3":"status-publish","4":"has-post-thumbnail","6":"product_cat-accesorios-de-seguridad","7":"product_cat-cerca-de-la-costa","8":"product_cat-comercial","9":"product_cat-interior","10":"product_cat-marina-es","11":"product_cat-off-shore-es","12":"product_tag-acre-es","13":"product_tag-artex-es","14":"product_tag-categoria-1-es","15":"product_tag-el-sea-shelter","16":"product_tag-gato-1","17":"product_tag-mar","18":"product_tag-radiobaliza-de-emergencia","19":"product_tag-refugio-marino","20":"product_tag-rlb-41-es","21":"product_tag-soporte","22":"product_tag-soporte-de-despliegue-automatico","23":"product_tag-soporte-de-radiobaliza","24":"product_tag-soporte-para-radiobaliza-de-epirb-cat-i","25":"pa_boat-size-0-20-es","26":"pa_boat-size-21-40-es","27":"pa_boat-size-40-80-es","28":"pa_boat-size-80-es","29":"pa_boat-type-artesania-deportiva","30":"pa_boat-type-buque-de-carga","31":"pa_boat-type-lancha-fuera-borda","32":"pa_boat-type-pesca-comercial","33":"pa_boat-type-remolcador","34":"pa_boat-type-velero","35":"pa_boat-type-yate","36":"pa_boat-type-yate-de-alquiler","37":"pa_product-accesorios-de-seguridad","38":"pa_product-rescue-beacons-es","39":"pa_product-rescue-beacons-vhf-sart-es","41":"first","42":"instock","43":"taxable","44":"shipping-taxable","45":"purchasable","46":"product-type-simple"},"acf":[],"_links":{"self":[{"href":"https:\/\/www.acrartex.com\/es\/wp-json\/wp\/v2\/product\/152881","targetHints":{"allow":["GET"]}}],"collection":[{"href":"https:\/\/www.acrartex.com\/es\/wp-json\/wp\/v2\/product"}],"about":[{"href":"https:\/\/www.acrartex.com\/es\/wp-json\/wp\/v2\/types\/product"}],"wp:featuredmedia":[{"embeddable":true,"href":"https:\/\/www.acrartex.com\/es\/wp-json\/wp\/v2\/media\/152882"}],"wp:attachment":[{"href":"https:\/\/www.acrartex.com\/es\/wp-json\/wp\/v2\/media?parent=152881"}],"wp:term":[{"taxonomy":"product_brand","embeddable":true,"href":"https:\/\/www.acrartex.com\/es\/wp-json\/wp\/v2\/product_brand?post=152881"},{"taxonomy":"product_cat","embeddable":true,"href":"https:\/\/www.acrartex.com\/es\/wp-json\/wp\/v2\/product_cat?post=152881"},{"taxonomy":"product_tag","embeddable":true,"href":"https:\/\/www.acrartex.com\/es\/wp-json\/wp\/v2\/product_tag?post=152881"}],"curies":[{"name":"wp","href":"https:\/\/api.w.org\/{rel}","templated":true}]}}