{"id":152843,"date":"2021-03-16T08:14:44","date_gmt":"2021-03-16T13:14:44","guid":{"rendered":"https:\/\/www.acrartex.com\/products\/luz-para-chaleco-salvavidas-hemilight-3-med-y-solas\/"},"modified":"2025-12-17T14:34:15","modified_gmt":"2025-12-17T19:34:15","slug":"luz-para-chaleco-salvavidas-hemilight-3-med-y-solas","status":"publish","type":"product","link":"https:\/\/www.acrartex.com\/es\/products\/luz-para-chaleco-salvavidas-hemilight-3-med-y-solas\/","title":{"rendered":"Luz para chaleco salvavidas HemiLight \u21223 MED y SOLAS"},"content":{"rendered":"<p>M\u00e1s peque\u00f1a que otras luces para chalecos salvavidas homologadas SOLAS y MED, la HemiLight3 presenta bordes redondeados para mantener la integridad de los chalecos salvavidas inflables. Su clip de fijaci\u00f3n, f\u00e1cil de instalar, admite correas de hasta 5 cm (2 pulgadas) de ancho, y su dise\u00f1o resistente para uso marino garantiza a\u00f1os de servicio \u00fatil, superando a otras luces SOLAS y MED. <\/p>\n<p>Esta luz LED intermitente de ultraalta intensidad para dispositivos de flotaci\u00f3n personal (PFD) se activa autom\u00e1ticamente durante m\u00e1s de 20 horas al entrar en contacto con agua salada o dulce, y se desactiva simplemente pulsando el bot\u00f3n rojo. La HemiLight se instala en casi cualquier chaleco salvavidas en cuesti\u00f3n de segundos, lo que facilita y agiliza las modificaciones de grandes cantidades. <\/p>\n<p>Disponible en dos configuraciones: el HemiLight \u21223 ofrece un modo estrobosc\u00f3pico b\u00e1sico que se puede activar de forma manual o autom\u00e1tica.<\/p>\n<p><iframe loading=\"lazy\" title=\"ACR GMDSS Suite: Hemilight 3 Life Jacket Lights\" width=\"500\" height=\"281\" src=\"https:\/\/www.youtube.com\/embed\/yniYx7MjkrA?feature=oembed\" frameborder=\"0\" allow=\"accelerometer; autoplay; clipboard-write; encrypted-media; gyroscope; picture-in-picture; web-share\" referrerpolicy=\"strict-origin-when-cross-origin\" allowfullscreen><\/iframe><\/p>\n","protected":false},"excerpt":{"rendered":"<p>La luz de supervivencia intermitente ACR Auto HemiLight \u21223 se instala r\u00e1pida y f\u00e1cilmente en casi cualquier chaleco salvavidas. M\u00e1s peque\u00f1a que otras luces homologadas, la HemiLight \u2122\u025c cuenta con bordes redondeados para mantener la integridad de los chalecos salvavidas inflables y cumple con los requisitos de la Guardia Costera de EE. UU., el MED y el SOLAS. La luz LED intermitente de alta intensidad se activa autom\u00e1ticamente durante m\u00e1s de 20 horas al entrar en contacto con agua salada o dulce, y se desactiva simplemente pulsando el bot\u00f3n rojo. Las presillas de sujeci\u00f3n admiten correas de hasta 5 cm (2 pulgadas) de ancho, y su dise\u00f1o resistente a la intemperie garantiza a\u00f1os de uso.   <\/p>\n<p>&nbsp;<\/p>\n<p><span style=\"font-size: 11.0pt;\"><a style=\"color: blue; text-decoration: underline;\" href=\"https:\/\/www.dropbox.com\/s\/0ezw0kexbm120vv\/Prop%2065%20-%20Lead%20and%20Lead%20Compounds.pdf?dl=0\">ADVERTENCIA: PROP 65<\/a><\/span><\/p>\n<p>&nbsp;<\/p>\n<p>&nbsp;<\/p>\n","protected":false},"featured_media":12237,"template":"","meta":{"_acf_changed":false,"om_disable_all_campaigns":false},"product_brand":[],"product_cat":[6733,5984,5986,5988,5990,5989,5819,5983,5775,5985,5987],"product_tag":[8070,8064,8066,8068,8074,8073,8072],"class_list":{"0":"post-152843","1":"product","2":"type-product","3":"status-publish","4":"has-post-thumbnail","6":"product_cat-accesorios-de-seguridad","7":"product_cat-cerca-de-la-costa","8":"product_cat-comercial","9":"product_cat-deporte-de-accion-todoterreno","10":"product_cat-deportes-de-remo-pesca","11":"product_cat-equipo-de-viaje","12":"product_cat-exterior","13":"product_cat-interior","14":"product_cat-marina-es","15":"product_cat-off-shore-es","16":"product_cat-senderismo-escalada-campamento","17":"product_tag-hemicrepusculo","18":"product_tag-luces-estroboscopicas","19":"product_tag-luz-de-sobreviviente","20":"product_tag-luz-del-chaleco-salvavidas","21":"product_tag-medicina","22":"product_tag-smssm","23":"product_tag-solas-es","24":"pa_boat-size-0-20-es","25":"pa_boat-size-21-40-es","26":"pa_boat-size-40-80-es","27":"pa_boat-size-80-es","28":"pa_boat-type-artesania-deportiva","29":"pa_boat-type-buque-de-carga","30":"pa_boat-type-lancha-fuera-borda","31":"pa_boat-type-pesca-comercial","32":"pa_boat-type-remolcador","33":"pa_boat-type-velero","34":"pa_boat-type-yate","35":"pa_boat-type-yate-de-alquiler","36":"pa_product-accesorios-de-seguridad","37":"pa_product-luces-de-rescate","39":"first","40":"instock","41":"sale","42":"taxable","43":"shipping-taxable","44":"purchasable","45":"product-type-variable"},"acf":[],"_links":{"self":[{"href":"https:\/\/www.acrartex.com\/es\/wp-json\/wp\/v2\/product\/152843","targetHints":{"allow":["GET"]}}],"collection":[{"href":"https:\/\/www.acrartex.com\/es\/wp-json\/wp\/v2\/product"}],"about":[{"href":"https:\/\/www.acrartex.com\/es\/wp-json\/wp\/v2\/types\/product"}],"wp:featuredmedia":[{"embeddable":true,"href":"https:\/\/www.acrartex.com\/es\/wp-json\/wp\/v2\/media\/12237"}],"wp:attachment":[{"href":"https:\/\/www.acrartex.com\/es\/wp-json\/wp\/v2\/media?parent=152843"}],"wp:term":[{"taxonomy":"product_brand","embeddable":true,"href":"https:\/\/www.acrartex.com\/es\/wp-json\/wp\/v2\/product_brand?post=152843"},{"taxonomy":"product_cat","embeddable":true,"href":"https:\/\/www.acrartex.com\/es\/wp-json\/wp\/v2\/product_cat?post=152843"},{"taxonomy":"product_tag","embeddable":true,"href":"https:\/\/www.acrartex.com\/es\/wp-json\/wp\/v2\/product_tag?post=152843"}],"curies":[{"name":"wp","href":"https:\/\/api.w.org\/{rel}","templated":true}]}}