{"id":152831,"date":"2021-03-16T08:14:31","date_gmt":"2021-03-16T13:14:31","guid":{"rendered":"https:\/\/www.acrartex.com\/products\/interruptor-remoto-estandar-455-6196\/"},"modified":"2021-03-16T08:14:31","modified_gmt":"2021-03-16T13:14:31","slug":"interruptor-remoto-estandar-455-6196","status":"publish","type":"product","link":"https:\/\/www.acrartex.com\/es\/products\/interruptor-remoto-estandar-455-6196\/","title":{"rendered":"Interruptor remoto, est\u00e1ndar 455-6196"},"content":{"rendered":"","protected":false},"excerpt":{"rendered":"<p>Este interruptor remoto es est\u00e1ndar en todos los paquetes de ELT TSO C91a y TSO C126, excepto en los ELT de las series ME406 ACE y B406. Si un cliente OEM requiere un modelo espec\u00edfico de interruptor remoto, o si el ELT se suministra espec\u00edficamente para aplicaciones militares, este interruptor remoto tampoco ser\u00e1 est\u00e1ndar. <\/p>\n<p>&nbsp;<\/p>\n","protected":false},"featured_media":152834,"template":"","meta":{"_acf_changed":false,"om_disable_all_campaigns":false},"product_brand":[],"product_cat":[2926],"product_tag":[8047,8043,6888,8040],"class_list":{"0":"post-152831","1":"product","2":"type-product","3":"status-publish","4":"has-post-thumbnail","6":"product_cat-sin-categoria","7":"product_tag-455-6196-es","8":"product_tag-estandar","9":"product_tag-interruptor-remoto","10":"product_tag-norma-455-6196","12":"first","13":"instock","14":"taxable","15":"shipping-taxable","16":"product-type-simple"},"acf":[],"_links":{"self":[{"href":"https:\/\/www.acrartex.com\/es\/wp-json\/wp\/v2\/product\/152831","targetHints":{"allow":["GET"]}}],"collection":[{"href":"https:\/\/www.acrartex.com\/es\/wp-json\/wp\/v2\/product"}],"about":[{"href":"https:\/\/www.acrartex.com\/es\/wp-json\/wp\/v2\/types\/product"}],"wp:featuredmedia":[{"embeddable":true,"href":"https:\/\/www.acrartex.com\/es\/wp-json\/wp\/v2\/media\/152834"}],"wp:attachment":[{"href":"https:\/\/www.acrartex.com\/es\/wp-json\/wp\/v2\/media?parent=152831"}],"wp:term":[{"taxonomy":"product_brand","embeddable":true,"href":"https:\/\/www.acrartex.com\/es\/wp-json\/wp\/v2\/product_brand?post=152831"},{"taxonomy":"product_cat","embeddable":true,"href":"https:\/\/www.acrartex.com\/es\/wp-json\/wp\/v2\/product_cat?post=152831"},{"taxonomy":"product_tag","embeddable":true,"href":"https:\/\/www.acrartex.com\/es\/wp-json\/wp\/v2\/product_tag?post=152831"}],"curies":[{"name":"wp","href":"https:\/\/api.w.org\/{rel}","templated":true}]}}