{"id":152783,"date":"2021-03-16T08:16:33","date_gmt":"2021-03-16T13:16:33","guid":{"rendered":"https:\/\/www.acrartex.com\/products\/luces-c\/"},"modified":"2026-04-06T09:39:23","modified_gmt":"2026-04-06T14:39:23","slug":"luces-c","status":"publish","type":"product","link":"https:\/\/www.acrartex.com\/es\/products\/luces-c\/","title":{"rendered":"Luces C"},"content":{"rendered":"<p>La C-Light se activa manualmente con un sencillo giro de encendido y apagado y el modelo C-Light H2O incluye dos m\u00e9todos de activaci\u00f3n; la luz se puede activar f\u00e1cilmente con un simple empuj\u00f3n del bot\u00f3n de encendido y apagado o cuando est\u00e1 en la posici\u00f3n armada, se puede activar autom\u00e1ticamente cuando se sumerge en agua.<\/p>\n<p>&nbsp;<\/p>\n<p>Su dise\u00f1o delgado, ligero y vers\u00e1til cabe f\u00e1cilmente en un bolsillo o se cuelga discretamente al sujetarlo a un chaleco salvavidas o una mochila. Las presillas de amarre flexibles en el lateral del producto permiten m\u00faltiples opciones de montaje, incluyendo la cinta de la mochila o las correas del chaleco salvavidas. La correa de <sup>Velcro\u00ae<\/sup> se fija alrededor de las presillas de amarre y ofrece innumerables posibilidades de montaje adicionales. La luz tambi\u00e9n incluye un clip dise\u00f1ado para deslizarse c\u00f3modamente sobre el tubo de inflado oral del chaleco salvavidas inflable, lo que permite guardar la luz dentro del mismo.   <\/p>\n<p>&nbsp;<\/p>\n<p><strong>Caracter\u00edsticas:<\/strong><\/p>\n<ul>\n<li>Para obtener asistencia de ubicaci\u00f3n durante emergencias con poca luz<\/li>\n<li>LED blanco de 20 l\u00famenes extremadamente brillante<\/li>\n<li>Amplia vida \u00fatil continua de m\u00e1s de 30 horas<\/li>\n<li>Resistente al agua: probado durante 24 horas a 1 m (3,3 pies)<\/li>\n<li>Activaci\u00f3n y desactivaci\u00f3n mediante giro f\u00e1cil<\/li>\n<li>Estuche resistente a impactos<\/li>\n<li>Utiliza dos pilas \u201cAA\u201d de 1,5 V (no incluidas)<\/li>\n<li>Aprobado por USCG\/SOLAS<\/li>\n<li>Ideal para chalecos salvavidas, camping, ciclismo, autom\u00f3vil, etc.<\/li>\n<li>Correa de Velcro\u00ae incluida (con versi\u00f3n en tarjeta) que se utiliza junto con bucles de amarre integrados para mayor flexibilidad de montaje.<\/li>\n<li>Clip PFD incluido (con versi\u00f3n en tarjeta) para una f\u00e1cil conexi\u00f3n al tubo de inflado oral<\/li>\n<li>Sensores de activaci\u00f3n por agua: activaci\u00f3n autom\u00e1tica al entrar en contacto con el agua (Exclusivo de C-Light H20 \u2013 3962.1)<\/li>\n<\/ul>\n","protected":false},"excerpt":{"rendered":"<p>Las compactas, robustas e impermeables C-Light (no se activan con agua) y C-Light H\u2082O (se activan con agua) cuentan con la aprobaci\u00f3n de USCG\/SOLAS y un LED de 20 l\u00famenes que suele funcionar durante 30 horas continuas. Estas luces de emergencia personales de encendido fijo cuentan con una carcasa resistente a impactos, lo que las convierte en luces fiables y multiusos cuando se necesita una iluminaci\u00f3n de emergencia eficiente. <\/p>\n<p>&nbsp;<\/p>\n<p style=\"margin-left: 0in; margin-right: 0in;\"><span style=\"font-size: 11pt;\"><span style=\"font-family: Calibri,sans-serif;\"><a style=\"color: blue; text-decoration: underline;\" href=\"https:\/\/www.dropbox.com\/s\/8343nj28z0d7bxa\/Prop%2065%20-%20BPA.pdf?dl=0\"><span style=\"color: #000000;\">ADVERTENCIA: PROP 65<\/span><\/a><\/span><\/span><\/p>\n<p style=\"margin-left: 0in; margin-right: 0in;\">\n","protected":false},"featured_media":152790,"template":"","meta":{"_acf_changed":false,"om_disable_all_campaigns":false},"product_brand":[],"product_cat":[5984,5986,5988,5990,5989,5819,5983,5775,5985,7956,5987],"product_tag":[7975,7717,7961,7958,7965,7983,7979,7972,7968],"class_list":{"0":"post-152783","1":"product","2":"type-product","3":"status-publish","4":"has-post-thumbnail","6":"product_cat-cerca-de-la-costa","7":"product_cat-comercial","8":"product_cat-deporte-de-accion-todoterreno","9":"product_cat-deportes-de-remo-pesca","10":"product_cat-equipo-de-viaje","11":"product_cat-exterior","12":"product_cat-interior","13":"product_cat-marina-es","14":"product_cat-off-shore-es","15":"product_cat-productos-de-senalizacion","16":"product_cat-senderismo-escalada-campamento","17":"product_tag-luces-de-socorro","18":"product_tag-luz","19":"product_tag-luz-acr-c","20":"product_tag-luz-c","21":"product_tag-luz-c-es","22":"product_tag-luz-de-dfp","23":"product_tag-luz-led-acr","24":"product_tag-luz-led-c-acr","25":"product_tag-luz-led-de-emergencia","26":"pa_activity-a-campo-traviesa","27":"pa_activity-bicicleta","28":"pa_activity-camping-es","29":"pa_activity-deportes-de-remo","30":"pa_activity-escalada","31":"pa_activity-esqui-snowboard","32":"pa_activity-motonieve","33":"pa_activity-pesca","34":"pa_activity-senderismo","35":"pa_activity-todoterreno-4x4","36":"pa_boat-size-0-20-es","37":"pa_boat-size-21-40-es","38":"pa_boat-size-40-80-es","39":"pa_boat-size-80-es","40":"pa_boat-type-artesania-deportiva","41":"pa_boat-type-buque-de-carga","42":"pa_boat-type-lancha-fuera-borda","43":"pa_boat-type-pesca-comercial","44":"pa_boat-type-remolcador","45":"pa_boat-type-velero","46":"pa_boat-type-yate","47":"pa_boat-type-yate-de-alquiler","48":"pa_product-accesorios-de-seguridad","49":"pa_product-luces-de-rescate","50":"pa_product-productos-de-senalizacion","51":"pa_terrain-bosque-y-jungla","52":"pa_terrain-colina-y-montana","53":"pa_terrain-rios-humedales-lagos","54":"pa_terrain-tundra-es","56":"first","57":"instock","58":"taxable","59":"shipping-taxable","60":"purchasable","61":"product-type-variable"},"acf":[],"_links":{"self":[{"href":"https:\/\/www.acrartex.com\/es\/wp-json\/wp\/v2\/product\/152783","targetHints":{"allow":["GET"]}}],"collection":[{"href":"https:\/\/www.acrartex.com\/es\/wp-json\/wp\/v2\/product"}],"about":[{"href":"https:\/\/www.acrartex.com\/es\/wp-json\/wp\/v2\/types\/product"}],"wp:featuredmedia":[{"embeddable":true,"href":"https:\/\/www.acrartex.com\/es\/wp-json\/wp\/v2\/media\/152790"}],"wp:attachment":[{"href":"https:\/\/www.acrartex.com\/es\/wp-json\/wp\/v2\/media?parent=152783"}],"wp:term":[{"taxonomy":"product_brand","embeddable":true,"href":"https:\/\/www.acrartex.com\/es\/wp-json\/wp\/v2\/product_brand?post=152783"},{"taxonomy":"product_cat","embeddable":true,"href":"https:\/\/www.acrartex.com\/es\/wp-json\/wp\/v2\/product_cat?post=152783"},{"taxonomy":"product_tag","embeddable":true,"href":"https:\/\/www.acrartex.com\/es\/wp-json\/wp\/v2\/product_tag?post=152783"}],"curies":[{"name":"wp","href":"https:\/\/api.w.org\/{rel}","templated":true}]}}