{"id":152588,"date":"2021-03-16T08:16:09","date_gmt":"2021-03-16T13:16:09","guid":{"rendered":"https:\/\/www.acrartex.com\/products\/ms-2000m2-doble-vuelo\/"},"modified":"2021-03-16T08:16:09","modified_gmt":"2021-03-16T13:16:09","slug":"ms-2000m2-doble-vuelo","status":"publish","type":"product","link":"https:\/\/www.acrartex.com\/es\/products\/ms-2000m2-doble-vuelo\/","title":{"rendered":"MS-2000(M2) Doble vuelo"},"content":{"rendered":"<p>Al igual que nuestros confiables y muy valorados SDU-5E y MS-2000(M), el MS-2000(M2) est\u00e1 dise\u00f1ado para cumplir o superar las especificaciones militares, incluidas MIL-L-38217D y CID AA-59176, y tiene muchas funciones mejoradas para salvar vidas y cumplir con la capacidad de m\u00faltiples misiones.<\/p>\n<ul>\n<li>La nueva funci\u00f3n de vibraci\u00f3n le avisa de la activaci\u00f3n y los cambios de modo de forma encubierta cuando usa el protector IR<\/li>\n<li>3 modos de activaci\u00f3n para elegir: estrobosc\u00f3pico, SOS o encendido fijo<\/li>\n<li>Cumple con los requisitos militares m\u00e1s actualizados y se adapta pr\u00e1cticamente a cualquier aplicaci\u00f3n.<\/li>\n<li>El nuevo retenedor de acero trenzado mantiene la cubierta de la bater\u00eda sujeta<\/li>\n<li>El revestimiento de silicona en los componentes electr\u00f3nicos protege contra la humedad.<\/li>\n<li>El filtro azul direccional alerta a las fuerzas amigas y distingue el flash del fuego terrestre.<\/li>\n<li>Hasta 56 horas de funcionamiento con 2 pilas alcalinas AA est\u00e1ndar (use pilas de litio para entornos de fr\u00edo extremo o almacenamiento a largo plazo)<\/li>\n<li>Filtro infrarrojo (IR) adjunto para visualizaci\u00f3n con gafas de visi\u00f3n nocturna (NVG) con revestimiento de fieltro para evitar fugas de luz evidentes<\/li>\n<li>Tecnolog\u00eda LED de \u00faltima generaci\u00f3n<\/li>\n<li>Los indicadores de polaridad elevados permiten la colocaci\u00f3n correcta de la bater\u00eda<\/li>\n<li>Supera el est\u00e1ndar SOLAS<\/li>\n<\/ul>\n","protected":false},"excerpt":{"rendered":"<p>Presentamos la nueva versi\u00f3n M2: una luz de marcador estrobosc\u00f3pica m\u00e1s brillante y f\u00e1cil de usar que su predecesora. Cuando se trata de salvar vidas, no hay nada que no sea lo mejor. La MS-2000(M2) Doublefly est\u00e1 dise\u00f1ada para cumplir, e incluso superar, las especificaciones militares, y est\u00e1 dise\u00f1ada para usarse en m\u00faltiples misiones.  <\/p>\n","protected":false},"featured_media":152589,"template":"","meta":{"_acf_changed":false,"om_disable_all_campaigns":false},"product_brand":[],"product_cat":[5995,5996,5982,5994,5993],"product_tag":[7572,7573,7568,7535,7569,7534,7567,7533,7529,7530,7528,7531,7570,7571,7527,7526,7532],"class_list":{"0":"post-152588","1":"product","2":"type-product","3":"status-publish","4":"has-post-thumbnail","6":"product_cat-fuerzas-navales","7":"product_cat-fuerzas-terrestres-especiales","8":"product_cat-militar-es","9":"product_cat-patrulla-aerea","10":"product_cat-policia-municipio","11":"product_tag-3994-es","12":"product_tag-3994-2-es","13":"product_tag-llamada-de-socorro","14":"product_tag-luz-de-emergencia-militar","15":"product_tag-luz-de-posicion-fija","16":"product_tag-luz-de-rescate-militar","17":"product_tag-luz-estroboscopica-de-especificacion-militar","18":"product_tag-luz-ms2000","19":"product_tag-ms-2000-es","20":"product_tag-ms-2000-m-es","21":"product_tag-ms-2000m-es","22":"product_tag-ms-2000r-es","23":"product_tag-ms-2000m-es-2","24":"product_tag-ms-2000m2-es","25":"product_tag-ms2000-es","26":"product_tag-ms2000m-es","27":"product_tag-ms2000r-es","29":"first","30":"instock","31":"taxable","32":"shipping-taxable","33":"product-type-simple"},"acf":[],"_links":{"self":[{"href":"https:\/\/www.acrartex.com\/es\/wp-json\/wp\/v2\/product\/152588","targetHints":{"allow":["GET"]}}],"collection":[{"href":"https:\/\/www.acrartex.com\/es\/wp-json\/wp\/v2\/product"}],"about":[{"href":"https:\/\/www.acrartex.com\/es\/wp-json\/wp\/v2\/types\/product"}],"wp:featuredmedia":[{"embeddable":true,"href":"https:\/\/www.acrartex.com\/es\/wp-json\/wp\/v2\/media\/152589"}],"wp:attachment":[{"href":"https:\/\/www.acrartex.com\/es\/wp-json\/wp\/v2\/media?parent=152588"}],"wp:term":[{"taxonomy":"product_brand","embeddable":true,"href":"https:\/\/www.acrartex.com\/es\/wp-json\/wp\/v2\/product_brand?post=152588"},{"taxonomy":"product_cat","embeddable":true,"href":"https:\/\/www.acrartex.com\/es\/wp-json\/wp\/v2\/product_cat?post=152588"},{"taxonomy":"product_tag","embeddable":true,"href":"https:\/\/www.acrartex.com\/es\/wp-json\/wp\/v2\/product_tag?post=152588"}],"curies":[{"name":"wp","href":"https:\/\/api.w.org\/{rel}","templated":true}]}}