{"id":152566,"date":"2021-03-16T08:15:52","date_gmt":"2021-03-16T13:15:52","guid":{"rendered":"https:\/\/www.acrartex.com\/products\/luz-de-posicion-estroboscopica-ms-2000-m2\/"},"modified":"2021-03-16T08:15:52","modified_gmt":"2021-03-16T13:15:52","slug":"luz-de-posicion-estroboscopica-ms-2000-m2","status":"publish","type":"product","link":"https:\/\/www.acrartex.com\/es\/products\/luz-de-posicion-estroboscopica-ms-2000-m2\/","title":{"rendered":"Luz de posici\u00f3n estrobosc\u00f3pica MS-2000 (M2)"},"content":{"rendered":"<p>Al igual que nuestros confiables y muy valorados SDU-5E y MS-2000(M), el MS-2000(M2) est\u00e1 dise\u00f1ado para cumplir o superar las especificaciones militares, incluidas MIL-L-38217D y CID AA-59176, y tiene muchas funciones mejoradas para salvar vidas y cumplir con la capacidad de m\u00faltiples misiones.<\/p>\n<ul>\n<li>Cumple con los requisitos m\u00e1s actualizados del \u00e1mbito militar y se adapta pr\u00e1cticamente a cualquier aplicaci\u00f3n.<\/li>\n<li>El nuevo retenedor de acero trenzado mantiene la cubierta de la bater\u00eda sujeta<\/li>\n<li>El revestimiento de silicona en los componentes electr\u00f3nicos protege contra la humedad.<\/li>\n<li>El filtro azul direccional alerta a las fuerzas amigas y distingue el flash del fuego terrestre.<\/li>\n<li>Funciona con 2 pilas alcalinas AA est\u00e1ndar (use pilas de litio para entornos de fr\u00edo extremo o almacenamiento a largo plazo)<\/li>\n<li>Filtro infrarrojo (IR) adjunto para visualizaci\u00f3n con gafas de visi\u00f3n nocturna (NVG) con revestimiento de fieltro para evitar fugas de luz evidentes<\/li>\n<li>Tecnolog\u00eda LED de \u00faltima generaci\u00f3n<\/li>\n<li>Los indicadores de polaridad elevados permiten la colocaci\u00f3n correcta de la bater\u00eda incluso<\/li>\n<li>La nueva funci\u00f3n de vibraci\u00f3n le avisa de la activaci\u00f3n y los cambios de modo de forma encubierta cuando usa el protector IR cuando la visibilidad es baja u oscura.<\/li>\n<li>Supera el est\u00e1ndar SOLAS<\/li>\n<\/ul>\n","protected":false},"excerpt":{"rendered":"<p>Cuando se trata de salvar vidas, no hay nada que no sea lo mejor. Desde la introducci\u00f3n del MS-2000 original, esta luz estrobosc\u00f3pica se ha convertido en la principal luz de b\u00fasqueda y rescate en combate (C-SAR) que utilizan las fuerzas militares de \u00e9lite de todo el mundo. Al igual que nuestros confiables SDU-5E y MS-2000(M), el MS-2000(M2) est\u00e1 dise\u00f1ado para cumplir, e incluso superar, las especificaciones militares. Prep\u00e1rese para lo impredecible: \u2013 Tecnolog\u00eda LED de vanguardia \u2013 La funci\u00f3n de vibraci\u00f3n le avisa de su activaci\u00f3n \u2013 Funciona con 2 pilas alcalinas AA est\u00e1ndar \u2013 Supera la norma SOLAS \u2013 Retenedor de acero trenzado \u2013 El filtro azul direccional alerta a las fuerzas aliadas.   <\/p>\n","protected":false},"featured_media":152567,"template":"","meta":{"_acf_changed":false,"om_disable_all_campaigns":false},"product_brand":[],"product_cat":[5995,5996,5982,5994,5993],"product_tag":[7541,7542,7538,7539,7536,7537,7535,7534,7533,7529,7530,7528,7531,7527,7526,7532,7540],"class_list":{"0":"post-152566","1":"product","2":"type-product","3":"status-publish","4":"has-post-thumbnail","6":"product_cat-fuerzas-navales","7":"product_cat-fuerzas-terrestres-especiales","8":"product_cat-militar-es","9":"product_cat-patrulla-aerea","10":"product_cat-policia-municipio","11":"product_tag-3990-es","12":"product_tag-3990-2-es","13":"product_tag-acr-ms-2000-es","14":"product_tag-acr-ms-2000m-es","15":"product_tag-acr-ms2000-es","16":"product_tag-acr-ms2000m-es","17":"product_tag-luz-de-emergencia-militar","18":"product_tag-luz-de-rescate-militar","19":"product_tag-luz-ms2000","20":"product_tag-ms-2000-es","21":"product_tag-ms-2000-m-es","22":"product_tag-ms-2000m-es","23":"product_tag-ms-2000r-es","24":"product_tag-ms2000-es","25":"product_tag-ms2000m-es","26":"product_tag-ms2000r-es","27":"product_tag-numero-de-pieza-3990-2","29":"first","30":"instock","31":"taxable","32":"shipping-taxable","33":"product-type-simple"},"acf":[],"_links":{"self":[{"href":"https:\/\/www.acrartex.com\/es\/wp-json\/wp\/v2\/product\/152566","targetHints":{"allow":["GET"]}}],"collection":[{"href":"https:\/\/www.acrartex.com\/es\/wp-json\/wp\/v2\/product"}],"about":[{"href":"https:\/\/www.acrartex.com\/es\/wp-json\/wp\/v2\/types\/product"}],"wp:featuredmedia":[{"embeddable":true,"href":"https:\/\/www.acrartex.com\/es\/wp-json\/wp\/v2\/media\/152567"}],"wp:attachment":[{"href":"https:\/\/www.acrartex.com\/es\/wp-json\/wp\/v2\/media?parent=152566"}],"wp:term":[{"taxonomy":"product_brand","embeddable":true,"href":"https:\/\/www.acrartex.com\/es\/wp-json\/wp\/v2\/product_brand?post=152566"},{"taxonomy":"product_cat","embeddable":true,"href":"https:\/\/www.acrartex.com\/es\/wp-json\/wp\/v2\/product_cat?post=152566"},{"taxonomy":"product_tag","embeddable":true,"href":"https:\/\/www.acrartex.com\/es\/wp-json\/wp\/v2\/product_tag?post=152566"}],"curies":[{"name":"wp","href":"https:\/\/api.w.org\/{rel}","templated":true}]}}