{"id":152517,"date":"2021-03-16T08:15:33","date_gmt":"2021-03-16T13:15:33","guid":{"rendered":"https:\/\/www.acrartex.com\/products\/reflector-rcl-75\/"},"modified":"2021-03-16T08:15:33","modified_gmt":"2021-03-16T13:15:33","slug":"reflector-rcl-75","status":"publish","type":"product","link":"https:\/\/www.acrartex.com\/es\/products\/reflector-rcl-75\/","title":{"rendered":"Reflector RCL -75"},"content":{"rendered":"<p><strong><span style=\"color: #e74c3c;\"><a href=\"https:\/\/www.acrartex.com\/products\/rcl-95-wireless-led-searchlight\/\">El RCL -75 ha sido descontinuado.<\/a>  El soporte de garant\u00eda a\u00fan est\u00e1 accesible.<\/span><\/strong><\/p>\n<p>La electr\u00f3nica se encuentra en el cabezal de la l\u00e1mpara resistente al agua, en lugar de en la base, para mayor protecci\u00f3n. El innovador sistema de accionamiento directo elimina el movimiento incontrolado de la luz en condiciones de poca luz. <\/p>\n<p>Aplicaci\u00f3n: Embarcaciones de recreo, yates deportivos, embarcaciones de pesca deportiva y embarcaciones comerciales.<\/p>\n<ul>\n<li>El dise\u00f1o de l\u00e1mpara dual proporciona redundancia y confiabilidad: funciona cuando lo necesita<\/li>\n<li>Bombillas hal\u00f3genas potentes y brillantes de 55 vatios con una distribuci\u00f3n del haz de 3\u00b0 de alto x 5\u00b0 de ancho.<\/li>\n<li>Control de joystick estilo Point Pad\u2122 f\u00e1cil de instalar<\/li>\n<li>Proyector robusto, rico en funciones y caracter\u00edsticas, f\u00e1cil de instalar<\/li>\n<li>Arn\u00e9s de cableado de 7 cables, 17 pies de longitud<\/li>\n<li>Electr\u00f3nica ubicada en el cabezal de la luz resistente al agua, en lugar de la ubicaci\u00f3n tradicional en la base de la luz, para proteger contra la acumulaci\u00f3n de agua<\/li>\n<li>El dise\u00f1o ocular con una inclinaci\u00f3n de 45\u00b0 hacia abajo proporciona una mejor visibilidad al acoplar<\/li>\n<li>Inclinaci\u00f3n de 18\u00b0 hacia arriba para iluminar torres de puentes levadizos, etc.<\/li>\n<li>Las l\u00e1mparas se reemplazan f\u00e1cilmente quitando la tapa superior para acceder al conjunto de luz trasera<\/li>\n<li>El filtro desecante seca el aire; protege el reflector y el conjunto de luz<\/li>\n<li>El innovador sistema de &#8220;transmisi\u00f3n directa&#8221; elimina el movimiento incontrolado de la luz en condiciones de viento agitado.<\/li>\n<li>Dientes de engranajes de alta resistencia y motores el\u00e9ctricos<\/li>\n<li>Agregue un adaptador y otro Point Pad\u2122 para operaci\u00f3n remota de una segunda estaci\u00f3n<\/li>\n<\/ul>\n<p>Etiquetas: reflectores, reflector, reflector RCL , RCL 75, reflector para barco, reflector marino, reflectores marinos, reflector ACR , 1946, N\/P 1946<\/p>\n","protected":false},"excerpt":{"rendered":"<p><strong><span style=\"color: #e74c3c;\"><a href=\"https:\/\/www.acrartex.com\/products\/rcl-95-wireless-led-searchlight\/\">El RCL -75 ha sido descontinuado.<\/a>  El soporte de garant\u00eda a\u00fan est\u00e1 accesible.<\/span><\/strong><\/p>\n<p>El reflector RCL -75 est\u00e1 dise\u00f1ado espec\u00edficamente para embarcaciones de recreo, yates deportivos, pesca deportiva y embarcaciones comerciales. Su dise\u00f1o de doble l\u00e1mpara proporciona redundancia y fiabilidad, por lo que puede confiar en que funcionar\u00e1 cuando m\u00e1s lo necesite. Adem\u00e1s, el innovador sistema de accionamiento directo elimina el movimiento incontrolado de la luz en condiciones de mar gruesa, as\u00ed que si se encuentra con un mal tiempo inesperado, puede estar seguro de que su luz seguir\u00e1 brillando como lo necesita.  <\/p>\n<p>&nbsp;<\/p>\n<p style=\"margin-left: 0in; margin-right: 0in;\"><span style=\"font-size: 11pt;\"><span style=\"font-family: Calibri,sans-serif;\"><a style=\"color: blue; text-decoration: underline;\" href=\"https:\/\/www.dropbox.com\/s\/fk04stqsp2hgk5f\/Prop%2065%20-%20DEHP.pdf?dl=0\"><span style=\"color: #000000;\">ADVERTENCIA: PROP 65<\/span><\/a><\/span><\/span><\/p>\n<p style=\"margin-left: 0in; margin-right: 0in;\">\n","protected":false},"featured_media":152518,"template":"","meta":{"_acf_changed":false,"om_disable_all_campaigns":false},"product_brand":[],"product_cat":[5984,5983,5775],"product_tag":[7464,7183,7458,7462,7460,7202,7191,7194,7196],"class_list":{"0":"post-152517","1":"product","2":"type-product","3":"status-publish","4":"has-post-thumbnail","6":"product_cat-cerca-de-la-costa","7":"product_cat-interior","8":"product_cat-marina-es","9":"product_tag-1946-es","10":"product_tag-rcl-es","11":"product_tag-rcl-75-es","12":"product_tag-rcl-75-es-2","13":"product_tag-rcl75-es","14":"product_tag-reflector-acr","15":"product_tag-reflector-de-barco","16":"product_tag-reflector-marino","17":"product_tag-reflectores-marinos","18":"pa_product-legado","20":"first","21":"outofstock","22":"taxable","23":"shipping-taxable","24":"product-type-simple"},"acf":[],"_links":{"self":[{"href":"https:\/\/www.acrartex.com\/es\/wp-json\/wp\/v2\/product\/152517","targetHints":{"allow":["GET"]}}],"collection":[{"href":"https:\/\/www.acrartex.com\/es\/wp-json\/wp\/v2\/product"}],"about":[{"href":"https:\/\/www.acrartex.com\/es\/wp-json\/wp\/v2\/types\/product"}],"wp:featuredmedia":[{"embeddable":true,"href":"https:\/\/www.acrartex.com\/es\/wp-json\/wp\/v2\/media\/152518"}],"wp:attachment":[{"href":"https:\/\/www.acrartex.com\/es\/wp-json\/wp\/v2\/media?parent=152517"}],"wp:term":[{"taxonomy":"product_brand","embeddable":true,"href":"https:\/\/www.acrartex.com\/es\/wp-json\/wp\/v2\/product_brand?post=152517"},{"taxonomy":"product_cat","embeddable":true,"href":"https:\/\/www.acrartex.com\/es\/wp-json\/wp\/v2\/product_cat?post=152517"},{"taxonomy":"product_tag","embeddable":true,"href":"https:\/\/www.acrartex.com\/es\/wp-json\/wp\/v2\/product_tag?post=152517"}],"curies":[{"name":"wp","href":"https:\/\/api.w.org\/{rel}","templated":true}]}}