{"id":152483,"date":"2021-03-16T08:15:06","date_gmt":"2021-03-16T13:15:06","guid":{"rendered":"https:\/\/www.acrartex.com\/products\/proyector-rcl-100d\/"},"modified":"2021-03-16T08:15:06","modified_gmt":"2021-03-16T13:15:06","slug":"proyector-rcl-100d","status":"publish","type":"product","link":"https:\/\/www.acrartex.com\/es\/products\/proyector-rcl-100d\/","title":{"rendered":"Proyector RCL -100D"},"content":{"rendered":"<p>El dise\u00f1o resistente al agua salada incluye una construcci\u00f3n sellada y con triple imprimaci\u00f3n, arandelas de nailon y fen\u00f3licas y tornillos de acero inoxidable aluminizado con lubricante aislante.<\/p>\n<p>&nbsp;<\/p>\n<p>Aplicaci\u00f3n: Yates deportivos, megayates, barcos de pesca deportiva y comerciales.<\/p>\n<ul>\n<li>Dos bombillas hal\u00f3genas de alta intensidad de 55 vatios<\/li>\n<li>El controlador tiene electr\u00f3nica de \u00faltima generaci\u00f3n para proteger la luz de la mayor\u00eda de las sobrecargas de energ\u00eda.<\/li>\n<li>El encendido y apagado suave aumenta la vida \u00fatil de la bombilla<\/li>\n<li>Mecanismo de elevaci\u00f3n interno para un control preciso de la inclinaci\u00f3n de la viga; protege el mecanismo de elevaci\u00f3n de las inclemencias del tiempo.<\/li>\n<li>Carcasa robusta de aluminio de grado marino, sellada y con triple imprimaci\u00f3n<\/li>\n<li>Incluye control remoto con punta de dedo Point Pad; se pueden instalar hasta tres unidades Point Pad remotas en el sistema; opciones de montaje en superficie\/empotrado incluidas<\/li>\n<li>La funci\u00f3n exclusiva XRCiZ\u2122 gira y mueve el conjunto de luces cada 30 d\u00edas desde la activaci\u00f3n para mantener todas las superficies de los cojinetes libres de corrosi\u00f3n y todos los contactos el\u00e9ctricos funcionales.<\/li>\n<li>Arn\u00e9s de cableado de 15 pies (4,57 m)<\/li>\n<\/ul>\n<p>Etiquetas: reflectores, reflector, reflector RCL , RCL 100, reflector para barcos, reflector marino, reflectores marinos, reflector ACR, 1930, N\/P 1930, 1931, N\/P 1931<\/p>\n","protected":false},"excerpt":{"rendered":"<p>La robusta carcasa de aluminio de grado marino del RCL -100D es perfecta tanto para yates deportivos de tama\u00f1o mediano como para embarcaciones comerciales. Su dise\u00f1o resistente al agua salada incluye una construcci\u00f3n sellada con triple imprimaci\u00f3n, arandelas de nailon y fen\u00f3lico, y tornillos de acero inoxidable aluminizado. <\/p>\n<p>&nbsp;<\/p>\n<p style=\"margin-left: 0in; margin-right: 0in;\"><span style=\"font-size: 11pt;\"><span style=\"font-family: Calibri,sans-serif;\"><a style=\"color: blue; text-decoration: underline;\" href=\"https:\/\/www.dropbox.com\/s\/ezakylsa2478sav\/Prop%2065%20-%20DINP%20and%20BPA.pdf?dl=0\"><span style=\"color: #000000;\">ADVERTENCIA: PROP 65<\/span><\/a><\/span><\/span><\/p>\n<p style=\"margin-left: 0in; margin-right: 0in;\">\n","protected":false},"featured_media":152484,"template":"","meta":{"_acf_changed":false,"om_disable_all_campaigns":false},"product_brand":[],"product_cat":[5984,5986,5983,5775,5985,7182],"product_tag":[7183,7407,7405,7202,7409,7411,7191,7194,7184,7206,7204],"class_list":{"0":"post-152483","1":"product","2":"type-product","3":"status-publish","4":"has-post-thumbnail","6":"product_cat-cerca-de-la-costa","7":"product_cat-comercial","8":"product_cat-interior","9":"product_cat-marina-es","10":"product_cat-off-shore-es","11":"product_cat-reflectores","12":"product_tag-rcl-es","13":"product_tag-rcl-100-es","14":"product_tag-rcl100-es","15":"product_tag-reflector-acr","16":"product_tag-reflector-de-12-v","17":"product_tag-reflector-de-24-v","18":"product_tag-reflector-de-barco","19":"product_tag-reflector-marino","20":"product_tag-reflectores","21":"product_tag-reflectores-acr","22":"product_tag-reflectores-de-xenon","23":"pa_product-legado","25":"first","26":"outofstock","27":"taxable","28":"shipping-taxable","29":"product-type-simple"},"acf":[],"_links":{"self":[{"href":"https:\/\/www.acrartex.com\/es\/wp-json\/wp\/v2\/product\/152483","targetHints":{"allow":["GET"]}}],"collection":[{"href":"https:\/\/www.acrartex.com\/es\/wp-json\/wp\/v2\/product"}],"about":[{"href":"https:\/\/www.acrartex.com\/es\/wp-json\/wp\/v2\/types\/product"}],"wp:featuredmedia":[{"embeddable":true,"href":"https:\/\/www.acrartex.com\/es\/wp-json\/wp\/v2\/media\/152484"}],"wp:attachment":[{"href":"https:\/\/www.acrartex.com\/es\/wp-json\/wp\/v2\/media?parent=152483"}],"wp:term":[{"taxonomy":"product_brand","embeddable":true,"href":"https:\/\/www.acrartex.com\/es\/wp-json\/wp\/v2\/product_brand?post=152483"},{"taxonomy":"product_cat","embeddable":true,"href":"https:\/\/www.acrartex.com\/es\/wp-json\/wp\/v2\/product_cat?post=152483"},{"taxonomy":"product_tag","embeddable":true,"href":"https:\/\/www.acrartex.com\/es\/wp-json\/wp\/v2\/product_tag?post=152483"}],"curies":[{"name":"wp","href":"https:\/\/api.w.org\/{rel}","templated":true}]}}