{"id":152472,"date":"2021-03-16T08:15:18","date_gmt":"2021-03-16T13:15:18","guid":{"rendered":"https:\/\/www.acrartex.com\/products\/reflector-led-rcl-100\/"},"modified":"2026-03-06T08:33:17","modified_gmt":"2026-03-06T13:33:17","slug":"reflector-led-rcl-100","status":"publish","type":"product","link":"https:\/\/www.acrartex.com\/es\/products\/reflector-led-rcl-100\/","title":{"rendered":"Reflector LED RCL -100"},"content":{"rendered":"<p>El reflector LED RCL -100 conserva el mismo dise\u00f1o robusto del RCL -100D original, pero incorpora un nuevo y eficiente conjunto de 9 LED que produce m\u00e1s de 220.000 candelas de luz. Su robusta y ligera carcasa de aluminio, junto con su lente de vidrio, est\u00e1 sellada contra la intemperie para garantizar a\u00f1os de funcionamiento sin problemas. Otras caracter\u00edsticas incluyen un control remoto con cable que permite una rotaci\u00f3n continua de 360 grados a alta o baja velocidad sin la molestia de un frenado brusco. Con un \u00e1ngulo de haz de 7 grados, la luz tambi\u00e9n ofrece \u00e1ngulos de elevaci\u00f3n de 9 grados hacia arriba y 17 grados hacia abajo para facilitar la iluminaci\u00f3n de puentes levadizos, boyas y muelles.   <\/p>\n<p>No todos los reflectores son iguales, y su cuerpo cuenta con triple imprimaci\u00f3n y pintura con estabilizador UV para resistir a\u00f1os en el duro entorno marino. El reflector LED RCL -100 cuenta con un interior completamente cerrado que proporciona un control preciso de la inclinaci\u00f3n del haz, manteni\u00e9ndolo protegido. Su eficiente dise\u00f1o de matriz LED proporciona m\u00e1s de 40.000 horas de vida \u00fatil. La luz tambi\u00e9n incluye nuestra exclusiva funci\u00f3n XRCiZ\u2122, que rota de forma independiente cada 30 d\u00edas desde su activaci\u00f3n para garantizar que todas las superficies de apoyo est\u00e9n libres de corrosi\u00f3n y que todos los contactos el\u00e9ctricos funcionen correctamente. El LED RCL -100 es resistente a la intemperie y funciona con 12 o 24 V CC.    <\/p>\n<p>La nueva luz LED ACR RCL -100 se vende en un c\u00f3modo kit configurado de la siguiente manera.<\/p>\n<ul>\n<li>Kit con cable: reflector LED RCL -100 con controlador maestro y controlador de punto con cable (P\/N 1951 o 1951.B)<\/li>\n<\/ul>\n<p>&nbsp;<\/p>\n<h3>Caracter\u00edsticas principales del nuevo LED RCL -100:<\/h3>\n<ul>\n<li>Un conjunto de 9 LED ultrabrillantes genera m\u00e1s de 220 000 candelas de pico<\/li>\n<li>LED eficientes y de larga duraci\u00f3n: 40.000 horas de funcionamiento<\/li>\n<li>Reducci\u00f3n de la demanda de consumo de energ\u00eda hasta en un 50% en embarcaciones de 12 V<\/li>\n<li>El controlador tiene electr\u00f3nica de \u00faltima generaci\u00f3n para proteger la luz de la mayor\u00eda de las sobrecargas de energ\u00eda.<\/li>\n<li>Mecanismo de elevaci\u00f3n interno para un control preciso de la inclinaci\u00f3n de la viga; protege el mecanismo de elevaci\u00f3n de las inclemencias del tiempo.<\/li>\n<li>Carcasa robusta de aluminio de grado marino, sellada y con triple imprimaci\u00f3n<\/li>\n<li>Incluye control remoto con punta de dedo Point Pad; se pueden instalar hasta tres unidades Point Pad remotas en el sistema; opciones de montaje en superficie\/empotrado incluidas<\/li>\n<li>La funci\u00f3n exclusiva XRCiZ\u2122 gira y mueve el conjunto de luces cada 30 d\u00edas desde la activaci\u00f3n para mantener todas las superficies de los cojinetes libres de corrosi\u00f3n y todos los contactos el\u00e9ctricos funcionales.<\/li>\n<li>El arn\u00e9s de cableado de 15 pies (4,57 m)<\/li>\n<li>Motor de dos velocidades<\/li>\n<\/ul>\n<p>&nbsp;<\/p>\n<h3>Configuraciones disponibles:<\/h3>\n<p>El LED RCL-100 est\u00e1 disponible en varias configuraciones convenientes diferentes como se enumeran a continuaci\u00f3n.<\/p>\n<p>&nbsp;<\/p>\n<p><em><strong>N\u00fameros de piezas para kits de reflectores que utilizan el panel de puntero URP-102 y el controlador maestro URC-103:<\/strong><\/em><\/p>\n<table>\n<tbody>\n<tr>\n<td width=\"103\"><strong>N\u00daMERO DE PIEZA<\/strong><\/td>\n<td width=\"619\"><strong>DESCRIPCI\u00d3N<\/strong><\/td>\n<\/tr>\n<tr>\n<td width=\"103\">1951<\/td>\n<td width=\"619\">LED RCL-100, blanco, con controlador maestro URC-103 y panel de puntos URP-102<\/td>\n<\/tr>\n<tr>\n<td width=\"103\">1951.B<\/td>\n<td width=\"619\">LED RCL-100, negro, con controlador maestro URC-103 y pad de puntos URP-102<\/td>\n<\/tr>\n<\/tbody>\n<\/table>\n<p>&nbsp;<\/p>\n<p><em><strong>N\u00fameros de piezas para kits de reflectores que utilizan el panel de puntero URP-103 mejorado y el controlador maestro URC-104:<\/strong><\/em><\/p>\n<table>\n<tbody>\n<tr>\n<td width=\"103\"><strong>N\u00daMERO DE PIEZA<\/strong><\/td>\n<td width=\"619\"><strong>DESCRIPCI\u00d3N<\/strong><\/td>\n<\/tr>\n<tr>\n<td width=\"103\">1976<\/td>\n<td width=\"619\">LED RCL-100, blanco, con nuevo controlador maestro URC-104, almohadilla de puntero URP-103 y control remoto inal\u00e1mbrico port\u00e1til URH-103<\/td>\n<\/tr>\n<tr>\n<td width=\"103\">1977<\/td>\n<td width=\"619\">LED RCL-100, negro, con nuevo controlador maestro URC-104, almohadilla de puntero URP-103 y control remoto inal\u00e1mbrico port\u00e1til URH-103<\/td>\n<\/tr>\n<tr>\n<td width=\"103\">1978<\/td>\n<td width=\"619\">LED RCL-100, blanco, con nuevo controlador maestro URC-104 y pad de puntos URP-103<\/td>\n<\/tr>\n<tr>\n<td width=\"103\">1979<\/td>\n<td width=\"619\">LED RCL-100, negro, con nuevo controlador maestro URC-104 y pad de puntos URP-103<\/td>\n<\/tr>\n<\/tbody>\n<\/table>\n<h3><\/h3>\n<p>&nbsp;<\/p>\n<p>&nbsp;<\/p>\n<h3>Instrucciones de instalaci\u00f3n de la aplicaci\u00f3n m\u00f3vil:<\/h3>\n<p>&nbsp;<\/p>\n<p><strong>NOTA: El m\u00f3dulo WiFi del reflector, necesario para usar las aplicaciones de iOS o Android, ha sido descontinuado. La informaci\u00f3n a continuaci\u00f3n es para clientes anteriores que ya poseen el m\u00f3dulo WiFi y, por lo tanto, podr\u00edan necesitar acceder a la aplicaci\u00f3n. <\/strong><\/p>\n<p>&nbsp;<\/p>\n<p><em><strong>iOS: visita la App Store de Apple, busca &#8221; ACR Searchlight&#8221; y descarga la aplicaci\u00f3n gratuita.<\/strong><\/em><\/p>\n<p><em><strong>Android: como se muestra en la captura de pantalla a continuaci\u00f3n, acceda a la configuraci\u00f3n de &#8220;Pantalla de bloqueo y seguridad&#8221; en el dispositivo m\u00f3vil que desea usar para controlar el reflector, seleccione la opci\u00f3n para permitir la instalaci\u00f3n de aplicaciones de &#8220;Fuentes desconocidas&#8221; y haga clic en &#8220;Aceptar&#8221;. Despu\u00e9s de completar estos pasos, <a href=\"https:\/\/www.dropbox.com\/scl\/fi\/7vf72mbbatofnee3bw3mx\/ACR_searchlight_release.apk?rlkey=codcu1zvl5yhy7bryqn29e8pv&amp;dl=1\">haga clic aqu\u00ed<\/a> para instalar la aplicaci\u00f3n m\u00f3vil ACR Searchlight en su dispositivo. <\/strong><\/em><\/p>\n<p><a href=\"https:\/\/www.acrartex.com\/wp-content\/uploads\/2021\/03\/Android-Searchlight-App_Download-Instructions.png\"><img loading=\"lazy\" decoding=\"async\" class=\" wp-image-83080 aligncenter\" src=\"https:\/\/www.acrartex.com\/wp-content\/uploads\/2021\/03\/Android-Searchlight-App_Download-Instructions-300x265.png\" alt=\"\" width=\"317\" height=\"280\" srcset=\"https:\/\/www.acrartex.com\/wp-content\/uploads\/2021\/03\/Android-Searchlight-App_Download-Instructions-300x265.png 300w, https:\/\/www.acrartex.com\/wp-content\/uploads\/2021\/03\/Android-Searchlight-App_Download-Instructions.png 446w\" sizes=\"auto, (max-width: 317px) 100vw, 317px\" \/><\/a><\/p>\n","protected":false},"excerpt":{"rendered":"<p>La versi\u00f3n LED de nuestro reflector m\u00e1s popular, RCL -100D, ofrece un rendimiento LED de alta intensidad que brilla en la noche y en condiciones de poca luz con sus impresionantes 220.000 candelas. El dise\u00f1o elegante RCL -100 LED lo convierte en una opci\u00f3n atractiva y econ\u00f3mica para yates deportivos, megayates, embarcaciones de pesca deportiva y embarcaciones comerciales ligeras. Gracias a sus LED m\u00e1s eficientes, el RCL -100 LED ha reducido el consumo de energ\u00eda hasta en un 50 % en embarcaciones de 12 V.  <\/p>\n<p>Los propietarios del reflector LED RCL -100 y del reflector hal\u00f3geno RCL -100D, de dise\u00f1o m\u00e1s antiguo, pueden adquirir el <a href=\"https:\/\/www.acrartex.com\/es\/products\/modulo-de-control-remoto-wi-fi\/\">m\u00f3dulo de control remoto wifi<\/a> , que ofrece la flexibilidad de controlar sus RCL -100 LED y RCL -100D mediante la aplicaci\u00f3n gratuita ACR Searchlight. <a href=\"https:\/\/www.dropbox.com\/s\/68k95jlvicbgmgy\/Privacy%20Policy_ACR%20Searchlight%20App.pdf?dl=1\">Puede acceder a la Pol\u00edtica de Privacidad de la aplicaci\u00f3n ACR Searchlight a trav\u00e9s de este enlace<\/a> .<\/p>\n<p>&nbsp;<\/p>\n<p style=\"margin-left: 0in; margin-right: 0in;\"><span style=\"font-size: 11pt;\"><span style=\"font-family: Calibri,sans-serif;\"><a style=\"color: blue; text-decoration: underline;\" href=\"https:\/\/www.dropbox.com\/s\/ezakylsa2478sav\/Prop%2065%20-%20DINP%20and%20BPA.pdf?dl=0\"><span style=\"color: #000000;\">ADVERTENCIA: PROP 65<\/span><\/a><\/span><\/span><\/p>\n","protected":false},"featured_media":36738,"template":"","meta":{"_acf_changed":false,"om_disable_all_campaigns":false},"product_brand":[],"product_cat":[5984,5986,5983,5775,5985,7182],"product_tag":[7384,7386,7200,7373,7377,7382,7380,7375,7370,7185,7202,7191,7371,7374,7378,7376,7194,7188,7372,7196],"class_list":{"0":"post-152472","1":"product","2":"type-product","3":"status-publish","4":"has-post-thumbnail","6":"product_cat-cerca-de-la-costa","7":"product_cat-comercial","8":"product_cat-interior","9":"product_cat-marina-es","10":"product_cat-off-shore-es","11":"product_cat-reflectores","12":"product_tag-1951-es","13":"product_tag-1951-b-es","14":"product_tag-empresa-de-reflectores","15":"product_tag-led-acr-rcl-100","16":"product_tag-led-rcl-100","17":"product_tag-n-o-de-pieza-1951","18":"product_tag-numero-de-pieza-1951","19":"product_tag-proyectores-led","20":"product_tag-proyectores-led-para-barcos","21":"product_tag-reflector","22":"product_tag-reflector-acr","23":"product_tag-reflector-de-barco","24":"product_tag-reflector-led","25":"product_tag-reflector-led-marino","26":"product_tag-reflector-led-para-barco","27":"product_tag-reflector-led-rcl-100","28":"product_tag-reflector-marino","29":"product_tag-reflectores-en-venta","30":"product_tag-reflectores-led-marinos","31":"product_tag-reflectores-marinos","32":"pa_product-luces-de-busqueda","34":"first","35":"instock","36":"taxable","37":"shipping-taxable","38":"purchasable","39":"product-type-variable"},"acf":[],"_links":{"self":[{"href":"https:\/\/www.acrartex.com\/es\/wp-json\/wp\/v2\/product\/152472","targetHints":{"allow":["GET"]}}],"collection":[{"href":"https:\/\/www.acrartex.com\/es\/wp-json\/wp\/v2\/product"}],"about":[{"href":"https:\/\/www.acrartex.com\/es\/wp-json\/wp\/v2\/types\/product"}],"wp:featuredmedia":[{"embeddable":true,"href":"https:\/\/www.acrartex.com\/es\/wp-json\/wp\/v2\/media\/36738"}],"wp:attachment":[{"href":"https:\/\/www.acrartex.com\/es\/wp-json\/wp\/v2\/media?parent=152472"}],"wp:term":[{"taxonomy":"product_brand","embeddable":true,"href":"https:\/\/www.acrartex.com\/es\/wp-json\/wp\/v2\/product_brand?post=152472"},{"taxonomy":"product_cat","embeddable":true,"href":"https:\/\/www.acrartex.com\/es\/wp-json\/wp\/v2\/product_cat?post=152472"},{"taxonomy":"product_tag","embeddable":true,"href":"https:\/\/www.acrartex.com\/es\/wp-json\/wp\/v2\/product_tag?post=152472"}],"curies":[{"name":"wp","href":"https:\/\/api.w.org\/{rel}","templated":true}]}}