{"id":152422,"date":"2021-03-16T08:14:56","date_gmt":"2021-03-16T13:14:56","guid":{"rendered":"https:\/\/www.acrartex.com\/products\/proyector-rcl-600a\/"},"modified":"2026-02-03T14:10:32","modified_gmt":"2026-02-03T19:10:32","slug":"proyector-rcl-600a","status":"publish","type":"product","link":"https:\/\/www.acrartex.com\/es\/products\/proyector-rcl-600a\/","title":{"rendered":"Proyector RCL -600A"},"content":{"rendered":"<p>El robusto reflector de aluminio con recubrimiento en polvo con todos los motores internos\/protegidos y mecanismos de elevaci\u00f3n resistir\u00e1 el duro entorno marino durante a\u00f1os de servicio \u00fatil.<\/p>\n<ul>\n<li>El retorno autom\u00e1tico devuelve la luz a una posici\u00f3n preestablecida<\/li>\n<li>La l\u00e1mpara de xen\u00f3n y el reflector parab\u00f3lico proporcionan un haz de luz hiperintenso de 6.000.000 de candelas.<\/li>\n<li>La carcasa gira 360\u00b0, lo que permite una iluminaci\u00f3n integral.<\/li>\n<li>Las arandelas de hombro de nailon en la base eliminan la reacci\u00f3n galv\u00e1nica.<\/li>\n<li>Carcasa de aluminio de calidad marina para a\u00f1os de servicio confiable y resistente a la intemperie<\/li>\n<li>Dise\u00f1ado est\u00e9ticamente para satisfacer los requisitos de rendimiento de los grandes yates de recreo.<\/li>\n<li>El mecanismo de elevaci\u00f3n interno proporciona control de inclinaci\u00f3n del foco y al mismo tiempo protege el mecanismo de elevaci\u00f3n de las inclemencias del tiempo.<\/li>\n<\/ul>\n<p>Etiquetas: reflectores, reflector, reflector RCL , RCL 600, reflector para barcos, reflector marino, reflectores marinos, reflector ACR , 1941, N\/P 1941<\/p>\n","protected":false},"excerpt":{"rendered":"<p>Con 6 millones de candelas, este reflector de alta gama ilumina incluso la noche m\u00e1s oscura. Su bombilla de xen\u00f3n de alta intensidad de 150 vatios y su reflector parab\u00f3lico proporcionan potencia de alta potencia para embarcaciones comerciales, mientras que su dise\u00f1o est\u00e9tico satisface todas las necesidades de los grandes yates de recreo. Cambie f\u00e1cilmente de foco a foco y apunte con precisi\u00f3n con el joystick remoto integrado.  <\/p>\n","protected":false},"featured_media":152424,"template":"","meta":{"_acf_changed":false,"om_disable_all_campaigns":false},"product_brand":[],"product_cat":[5984,5986,5775,5985,7182],"product_tag":[7200,7183,7185,7202,7191,7268,7198,7267,7194,7266,7184,7206,7204,7188,7196],"class_list":{"0":"post-152422","1":"product","2":"type-product","3":"status-publish","4":"has-post-thumbnail","6":"product_cat-cerca-de-la-costa","7":"product_cat-comercial","8":"product_cat-marina-es","9":"product_cat-off-shore-es","10":"product_cat-reflectores","11":"product_tag-empresa-de-reflectores","12":"product_tag-rcl-es","13":"product_tag-reflector","14":"product_tag-reflector-acr","15":"product_tag-reflector-de-barco","16":"product_tag-reflector-de-control-remoto","17":"product_tag-reflector-de-xenon","18":"product_tag-reflector-jabsco","19":"product_tag-reflector-marino","20":"product_tag-reflector-rcl","21":"product_tag-reflectores","22":"product_tag-reflectores-acr","23":"product_tag-reflectores-de-xenon","24":"product_tag-reflectores-en-venta","25":"product_tag-reflectores-marinos","26":"pa_boat-type-buque-de-carga","27":"pa_boat-type-pesca-comercial","28":"pa_boat-type-yate","29":"pa_boat-type-yate-de-alquiler","30":"pa_product-luces-de-busqueda","32":"first","33":"instock","34":"taxable","35":"shipping-taxable","36":"purchasable","37":"product-type-simple"},"acf":[],"_links":{"self":[{"href":"https:\/\/www.acrartex.com\/es\/wp-json\/wp\/v2\/product\/152422","targetHints":{"allow":["GET"]}}],"collection":[{"href":"https:\/\/www.acrartex.com\/es\/wp-json\/wp\/v2\/product"}],"about":[{"href":"https:\/\/www.acrartex.com\/es\/wp-json\/wp\/v2\/types\/product"}],"wp:featuredmedia":[{"embeddable":true,"href":"https:\/\/www.acrartex.com\/es\/wp-json\/wp\/v2\/media\/152424"}],"wp:attachment":[{"href":"https:\/\/www.acrartex.com\/es\/wp-json\/wp\/v2\/media?parent=152422"}],"wp:term":[{"taxonomy":"product_brand","embeddable":true,"href":"https:\/\/www.acrartex.com\/es\/wp-json\/wp\/v2\/product_brand?post=152422"},{"taxonomy":"product_cat","embeddable":true,"href":"https:\/\/www.acrartex.com\/es\/wp-json\/wp\/v2\/product_cat?post=152422"},{"taxonomy":"product_tag","embeddable":true,"href":"https:\/\/www.acrartex.com\/es\/wp-json\/wp\/v2\/product_tag?post=152422"}],"curies":[{"name":"wp","href":"https:\/\/api.w.org\/{rel}","templated":true}]}}