{"id":152390,"date":"2021-03-16T08:15:01","date_gmt":"2021-03-16T13:15:01","guid":{"rendered":"https:\/\/www.acrartex.com\/products\/proyector-rcl-300a\/"},"modified":"2026-02-03T14:08:48","modified_gmt":"2026-02-03T19:08:48","slug":"proyector-rcl-300a","status":"publish","type":"product","link":"https:\/\/www.acrartex.com\/es\/products\/proyector-rcl-300a\/","title":{"rendered":"Proyector RCL -300A"},"content":{"rendered":"<p>Est\u00e1 sellado y acabado para resistir el entorno marino, y todas las funciones se pueden operar utilizando el Point Pad\u2122 y el controlador maestro suministrados (se pueden instalar hasta tres controladores remotos).<\/p>\n<ul>\n<li>El mecanismo de elevaci\u00f3n interno proporciona control de inclinaci\u00f3n del haz del foco; protege el mecanismo de elevaci\u00f3n del clima<\/li>\n<li>Incluye control remoto con punta de dedo Point Pad\u2122; se pueden instalar hasta tres unidades remotas Point Pad\u2122 en el sistema; opciones de montaje en superficie\/empotrado incluidas<\/li>\n<li>Carcasa robusta de aluminio de grado marino, sellada y con triple imprimaci\u00f3n<\/li>\n<li>La funci\u00f3n XRCiZ\u2122 gira y mueve el conjunto de luces cada 30 d\u00edas desde la activaci\u00f3n para mantener todas las superficies de los cojinetes libres de corrosi\u00f3n y todos los contactos el\u00e9ctricos funcionales.<\/li>\n<li>Construcci\u00f3n resistente al agua salada con arandelas de nailon y fen\u00f3licas, tornillos de acero inoxidable aluminizado con lubricante aislante.<\/li>\n<li>Arn\u00e9s de cableado incluido<\/li>\n<li>* Las l\u00e1mparas de halogenuros met\u00e1licos HID gemelas de 35 W proporcionan m\u00e1s de 500 000 CD cada una y 1 mill\u00f3n de CD efectivos cuando se combinan.<\/li>\n<\/ul>\n<p>Etiquetas: reflectores, reflector, reflector RCL , RCL 300, reflector para barcos, reflector marino, reflectores marinos, reflector ACR, 1933, N.\u00ba de pieza 1933<\/p>\n","protected":false},"excerpt":{"rendered":"<p>Las l\u00e1mparas HID de halogenuros met\u00e1licos dobles de 35 vatios crean un reflector de haz estrecho, ideal para grandes yates deportivos y megayates, as\u00ed como para embarcaciones de pesca deportiva y comerciales de gran tama\u00f1o. El reflector RCL -300A est\u00e1 dise\u00f1ado para mejorar la seguridad en el mar durante la operaci\u00f3n nocturna. Adem\u00e1s, es f\u00e1cil de usar con un joystick de calidad comercial con clasificaci\u00f3n IP 69K e iluminaci\u00f3n.  <\/p>\n<p><a href=\"https:\/\/www.dropbox.com\/s\/8343nj28z0d7bxa\/Prop%2065%20-%20BPA.pdf?dl=0\">ADVERTENCIA: PROP 65<\/a><\/p>\n","protected":false},"featured_media":152393,"template":"","meta":{"_acf_changed":false,"om_disable_all_campaigns":false},"product_brand":[],"product_cat":[5775,7182],"product_tag":[7200,7183,7208,7185,7202,7191,7198,7194,7184,7206,7204,7188,7196],"class_list":{"0":"post-152390","1":"product","2":"type-product","3":"status-publish","4":"has-post-thumbnail","6":"product_cat-marina-es","7":"product_cat-reflectores","8":"product_tag-empresa-de-reflectores","9":"product_tag-rcl-es","10":"product_tag-rcl-300a-es","11":"product_tag-reflector","12":"product_tag-reflector-acr","13":"product_tag-reflector-de-barco","14":"product_tag-reflector-de-xenon","15":"product_tag-reflector-marino","16":"product_tag-reflectores","17":"product_tag-reflectores-acr","18":"product_tag-reflectores-de-xenon","19":"product_tag-reflectores-en-venta","20":"product_tag-reflectores-marinos","21":"pa_product-luces-de-busqueda","23":"first","24":"instock","25":"taxable","26":"shipping-taxable","27":"purchasable","28":"product-type-simple"},"acf":[],"_links":{"self":[{"href":"https:\/\/www.acrartex.com\/es\/wp-json\/wp\/v2\/product\/152390","targetHints":{"allow":["GET"]}}],"collection":[{"href":"https:\/\/www.acrartex.com\/es\/wp-json\/wp\/v2\/product"}],"about":[{"href":"https:\/\/www.acrartex.com\/es\/wp-json\/wp\/v2\/types\/product"}],"wp:featuredmedia":[{"embeddable":true,"href":"https:\/\/www.acrartex.com\/es\/wp-json\/wp\/v2\/media\/152393"}],"wp:attachment":[{"href":"https:\/\/www.acrartex.com\/es\/wp-json\/wp\/v2\/media?parent=152390"}],"wp:term":[{"taxonomy":"product_brand","embeddable":true,"href":"https:\/\/www.acrartex.com\/es\/wp-json\/wp\/v2\/product_brand?post=152390"},{"taxonomy":"product_cat","embeddable":true,"href":"https:\/\/www.acrartex.com\/es\/wp-json\/wp\/v2\/product_cat?post=152390"},{"taxonomy":"product_tag","embeddable":true,"href":"https:\/\/www.acrartex.com\/es\/wp-json\/wp\/v2\/product_tag?post=152390"}],"curies":[{"name":"wp","href":"https:\/\/api.w.org\/{rel}","templated":true}]}}