{"id":152272,"date":"2021-03-16T08:14:18","date_gmt":"2021-03-16T13:14:18","guid":{"rendered":"https:\/\/www.acrartex.com\/products\/interruptor-remoto-me406-ace-455-0023\/"},"modified":"2021-03-16T08:14:18","modified_gmt":"2021-03-16T13:14:18","slug":"interruptor-remoto-me406-ace-455-0023","status":"publish","type":"product","link":"https:\/\/www.acrartex.com\/es\/products\/interruptor-remoto-me406-ace-455-0023\/","title":{"rendered":"Interruptor remoto, ME406 ACE 455-0023"},"content":{"rendered":"<p>El interruptor remoto contiene una peque\u00f1a bater\u00eda de litio de 5 a\u00f1os de duraci\u00f3n que alimenta su LED, lo que permite que el sistema ELT sea independiente de la alimentaci\u00f3n de la aeronave. La parte posterior del interruptor remoto contiene el conector para el cable telef\u00f3nico ya instalado y reutilizado de la instalaci\u00f3n ACK o Ameri-King ELT . <\/p>\n","protected":false},"excerpt":{"rendered":"<p>Este interruptor remoto contiene una peque\u00f1a bater\u00eda de litio de 5 a\u00f1os de duraci\u00f3n, dise\u00f1ada para alimentar el LED del interruptor remoto, lo que permite que el sistema ELT sea independiente de la alimentaci\u00f3n de la aeronave. La parte posterior del interruptor remoto contiene el conector para el cable telef\u00f3nico ya instalado y reutilizado de la instalaci\u00f3n ACK o Ameri-King ELT El interruptor remoto para el ME406 ACE encaja perfectamente en el recorte del interruptor remoto ACK ELT del panel de instrumentos de la aeronave. Sin embargo, para las actualizaciones del sistema Ameri-King ELT , el recorte debe adaptarse ligeramente.  <\/p>\n<p>&nbsp;<\/p>\n","protected":false},"featured_media":152275,"template":"","meta":{"_acf_changed":false,"om_disable_all_campaigns":false},"product_brand":[],"product_cat":[5527],"product_tag":[6899,6896,6888,6425,6424,6305,6901,6897,6904,6900,6902,6320],"class_list":{"0":"post-152272","1":"product","2":"type-product","3":"status-publish","4":"has-post-thumbnail","6":"product_cat-aviacion","7":"product_tag-453-0023-es","8":"product_tag-interruptor-de-prueba-remoto","9":"product_tag-interruptor-remoto","10":"product_tag-interruptor-remoto-de-vision-nocturna","11":"product_tag-interruptor-remoto-nvg","12":"product_tag-interruptores-remotos-elt","13":"product_tag-n-o-de-pieza-453-0023","14":"product_tag-numero-de-pieza-453-0023","15":"product_tag-p-n453-0023-es","16":"product_tag-pn-453-0023-es","17":"product_tag-pn453-0023-es","18":"product_tag-remoto-es","20":"first","21":"instock","22":"taxable","23":"shipping-taxable","24":"product-type-simple"},"acf":[],"_links":{"self":[{"href":"https:\/\/www.acrartex.com\/es\/wp-json\/wp\/v2\/product\/152272","targetHints":{"allow":["GET"]}}],"collection":[{"href":"https:\/\/www.acrartex.com\/es\/wp-json\/wp\/v2\/product"}],"about":[{"href":"https:\/\/www.acrartex.com\/es\/wp-json\/wp\/v2\/types\/product"}],"wp:featuredmedia":[{"embeddable":true,"href":"https:\/\/www.acrartex.com\/es\/wp-json\/wp\/v2\/media\/152275"}],"wp:attachment":[{"href":"https:\/\/www.acrartex.com\/es\/wp-json\/wp\/v2\/media?parent=152272"}],"wp:term":[{"taxonomy":"product_brand","embeddable":true,"href":"https:\/\/www.acrartex.com\/es\/wp-json\/wp\/v2\/product_brand?post=152272"},{"taxonomy":"product_cat","embeddable":true,"href":"https:\/\/www.acrartex.com\/es\/wp-json\/wp\/v2\/product_cat?post=152272"},{"taxonomy":"product_tag","embeddable":true,"href":"https:\/\/www.acrartex.com\/es\/wp-json\/wp\/v2\/product_tag?post=152272"}],"curies":[{"name":"wp","href":"https:\/\/api.w.org\/{rel}","templated":true}]}}