{"id":152170,"date":"2021-03-16T08:13:16","date_gmt":"2021-03-16T13:13:16","guid":{"rendered":"https:\/\/www.acrartex.com\/products\/soporte-de-liberacion-manual-globalfix-v4\/"},"modified":"2025-07-29T14:57:00","modified_gmt":"2025-07-29T19:57:00","slug":"soporte-de-liberacion-manual-globalfix-v4","status":"publish","type":"product","link":"https:\/\/www.acrartex.com\/es\/products\/soporte-de-liberacion-manual-globalfix-v4\/","title":{"rendered":"Soporte de liberaci\u00f3n manual GlobalFix V4"},"content":{"rendered":"<ul>\n<li>El montaje unidireccional elimina la posibilidad de instalar EPIRB al rev\u00e9s<\/li>\n<li>El im\u00e1n de desactivaci\u00f3n integral impide que la EPIRB transmita hasta que se despliegue<\/li>\n<li>Funciona con ACR GlobalFix \u2122 V4 (RLB-41)<\/li>\n<\/ul>\n","protected":false},"excerpt":{"rendered":"<p>Garantice una mayor seguridad en el mar con el soporte de liberaci\u00f3n manual GlobalFix V4. Este soporte para radiobalizas de EPIRB le permitir\u00e1 guardar su EPIRB de forma segura, sin importar ad\u00f3nde le lleven sus aventuras. En caso de emergencia en la embarcaci\u00f3n, el soporte GlobalFix V4 se libera r\u00e1pidamente para que pueda enviar una se\u00f1al a los sat\u00e9lites de b\u00fasqueda y rescate de forma r\u00e1pida y sencilla. Este soporte es compatible \u00fanicamente con las EPIRB GlobalFix \u2122 V4.   <\/p>\n<p>&nbsp;<\/p>\n<p>&nbsp;<\/p>\n<p>&nbsp;<\/p>\n","protected":false},"featured_media":152178,"template":"","meta":{"_acf_changed":false,"om_disable_all_campaigns":false},"product_brand":[],"product_cat":[6733,5984,5986,5983,5775,5985],"product_tag":[6744,6748,6735,6743,6738,6746,6741],"class_list":{"0":"post-152170","1":"product","2":"type-product","3":"status-publish","4":"has-post-thumbnail","6":"product_cat-accesorios-de-seguridad","7":"product_cat-cerca-de-la-costa","8":"product_cat-comercial","9":"product_cat-interior","10":"product_cat-marina-es","11":"product_cat-off-shore-es","12":"product_tag-categoria-2-es","13":"product_tag-rlb-es","14":"product_tag-rlb-41-es","15":"product_tag-rlb-41-categoria-ii-es","16":"product_tag-soporte","17":"product_tag-soporte-de-liberacion","18":"product_tag-soporte-de-liberacion-manual-de-categoria-ii-rlb-41","19":"pa_boat-size-0-20-es","20":"pa_boat-size-21-40-es","21":"pa_boat-size-40-80-es","22":"pa_boat-size-80-es","23":"pa_boat-type-artesania-deportiva","24":"pa_boat-type-buque-de-carga","25":"pa_boat-type-lancha-fuera-borda","26":"pa_boat-type-pesca-comercial","27":"pa_boat-type-remolcador","28":"pa_boat-type-velero","29":"pa_boat-type-yate","30":"pa_boat-type-yate-de-alquiler","31":"pa_product-accesorios-de-seguridad","32":"pa_product-rescue-beacons-es","33":"pa_product-rescue-beacons-vhf-sart-es","35":"first","36":"onbackorder","37":"taxable","38":"shipping-taxable","39":"purchasable","40":"product-type-simple"},"acf":[],"_links":{"self":[{"href":"https:\/\/www.acrartex.com\/es\/wp-json\/wp\/v2\/product\/152170","targetHints":{"allow":["GET"]}}],"collection":[{"href":"https:\/\/www.acrartex.com\/es\/wp-json\/wp\/v2\/product"}],"about":[{"href":"https:\/\/www.acrartex.com\/es\/wp-json\/wp\/v2\/types\/product"}],"wp:featuredmedia":[{"embeddable":true,"href":"https:\/\/www.acrartex.com\/es\/wp-json\/wp\/v2\/media\/152178"}],"wp:attachment":[{"href":"https:\/\/www.acrartex.com\/es\/wp-json\/wp\/v2\/media?parent=152170"}],"wp:term":[{"taxonomy":"product_brand","embeddable":true,"href":"https:\/\/www.acrartex.com\/es\/wp-json\/wp\/v2\/product_brand?post=152170"},{"taxonomy":"product_cat","embeddable":true,"href":"https:\/\/www.acrartex.com\/es\/wp-json\/wp\/v2\/product_cat?post=152170"},{"taxonomy":"product_tag","embeddable":true,"href":"https:\/\/www.acrartex.com\/es\/wp-json\/wp\/v2\/product_tag?post=152170"}],"curies":[{"name":"wp","href":"https:\/\/api.w.org\/{rel}","templated":true}]}}