{"id":152082,"date":"2021-03-16T08:13:54","date_gmt":"2021-03-16T13:13:54","guid":{"rendered":"https:\/\/www.acrartex.com\/products\/interruptor-remoto-estandar-8304\/"},"modified":"2021-03-16T08:13:54","modified_gmt":"2021-03-16T13:13:54","slug":"interruptor-remoto-estandar-8304","status":"publish","type":"product","link":"https:\/\/www.acrartex.com\/es\/products\/interruptor-remoto-estandar-8304\/","title":{"rendered":"Interruptor remoto, est\u00e1ndar 8304"},"content":{"rendered":"","protected":false},"excerpt":{"rendered":"<p>Este interruptor remoto se dise\u00f1\u00f3 para reducir los costos de instalaci\u00f3n y adaptarse a las instalaciones de 2 cables utilizadas en los anticuados ELT de 121.5 MHz. Aunque el interruptor de 3 posiciones siempre est\u00e1 configurado en modo ARMADO por defecto, puede cambiar la configuraci\u00f3n para probar su ELT o activarlo desde la cabina. <\/p>\n","protected":false},"featured_media":152091,"template":"","meta":{"_acf_changed":false,"om_disable_all_campaigns":false},"product_brand":[],"product_cat":[2926],"product_tag":[6311,6307,6323,6305,6317,6309,6314,6320],"class_list":{"0":"post-152082","1":"product","2":"type-product","3":"status-publish","4":"has-post-thumbnail","6":"product_cat-sin-categoria","7":"product_tag-8304-es","8":"product_tag-interruptor-remoto-elt-1000","9":"product_tag-interruptores","10":"product_tag-interruptores-remotos-elt","11":"product_tag-n-o-de-pieza-8304","12":"product_tag-numero-de-pieza-8304","13":"product_tag-pn-345-6196-es","14":"product_tag-remoto-es","16":"first","17":"instock","18":"taxable","19":"shipping-taxable","20":"product-type-simple"},"acf":[],"_links":{"self":[{"href":"https:\/\/www.acrartex.com\/es\/wp-json\/wp\/v2\/product\/152082","targetHints":{"allow":["GET"]}}],"collection":[{"href":"https:\/\/www.acrartex.com\/es\/wp-json\/wp\/v2\/product"}],"about":[{"href":"https:\/\/www.acrartex.com\/es\/wp-json\/wp\/v2\/types\/product"}],"wp:featuredmedia":[{"embeddable":true,"href":"https:\/\/www.acrartex.com\/es\/wp-json\/wp\/v2\/media\/152091"}],"wp:attachment":[{"href":"https:\/\/www.acrartex.com\/es\/wp-json\/wp\/v2\/media?parent=152082"}],"wp:term":[{"taxonomy":"product_brand","embeddable":true,"href":"https:\/\/www.acrartex.com\/es\/wp-json\/wp\/v2\/product_brand?post=152082"},{"taxonomy":"product_cat","embeddable":true,"href":"https:\/\/www.acrartex.com\/es\/wp-json\/wp\/v2\/product_cat?post=152082"},{"taxonomy":"product_tag","embeddable":true,"href":"https:\/\/www.acrartex.com\/es\/wp-json\/wp\/v2\/product_tag?post=152082"}],"curies":[{"name":"wp","href":"https:\/\/api.w.org\/{rel}","templated":true}]}}