{"id":152048,"date":"2021-03-16T08:13:31","date_gmt":"2021-03-16T13:13:31","guid":{"rendered":"https:\/\/www.acrartex.com\/products\/resqlink-2\/"},"modified":"2021-03-16T08:13:31","modified_gmt":"2021-03-16T13:13:31","slug":"resqlink-2","status":"publish","type":"product","link":"https:\/\/www.acrartex.com\/es\/products\/resqlink-2\/","title":{"rendered":"ResQLink \u2122+"},"content":{"rendered":"<p><a href=\"https:\/\/www.acrartex.com\/products\/resqlink-view\/\"><em><strong>Este producto ha sido actualizado.  <\/strong><\/em><\/a><\/p>\n<p>Con un peso de 157 g y un tama\u00f1o m\u00e1ximo de 114 mm, el ResQLink + es una Personal Locator Beacon peque\u00f1a y flotante. Tan peque\u00f1a que cabe en el bolsillo, se engancha a una mochila o se guarda dentro de un chaleco salvavidas inflable. <\/p>\n<p>Con tres niveles de tecnolog\u00eda de se\u00f1al integrada (posicionamiento GPS , una potente se\u00f1al de 406 MHz y capacidad de localizaci\u00f3n de 121,5 MHz), el ResQLink +\u2122 transmite su posici\u00f3n con rapidez y precisi\u00f3n a una red mundial de sat\u00e9lites de b\u00fasqueda y rescate. Una luz estrobosc\u00f3pica integrada proporciona visibilidad durante los rescates nocturnos. <\/p>\n<p>Las PLB han demostrado su eficacia en algunos de los lugares m\u00e1s remotos y en condiciones peligrosas del mundo. Basta con preguntarles a los aproximadamente 400 pilotos, navegantes y exploradores de zonas agrestes que se salvaron gracias a una PLB durante un riguroso programa de pruebas en Alaska. Bas\u00e1ndose principalmente en los resultados de las pruebas, el gobierno federal aprob\u00f3 el uso de PLB en Estados Unidos en 2003.  <\/p>\n<p>Incluso en condiciones y situaciones extremas, el ResQLink + se activa f\u00e1cilmente. Simplemente despliegue la antena y presione el bot\u00f3n de encendido. Con su potente GPS de 66 canales, el ResQLink +\u2122 gu\u00eda a los rescatistas a una distancia de 100 metros o menos de su posici\u00f3n. Y, en los EE. UU. continentales, el personal de b\u00fasqueda y rescate suele recibir alertas de su posici\u00f3n en tan solo cinco minutos con una PLB con GPS , como el ResQLink +.   <\/p>\n<p>Dos pruebas integradas le permiten verificar de forma rutinaria que el ResQLink + est\u00e9 funcionando y listo para usar: con solo presionar un bot\u00f3n, puede probar f\u00e1cilmente la electr\u00f3nica interna y la funcionalidad GPS .<\/p>\n<ul>\n<li>Boyante<\/li>\n<li>Sin cuotas de suscripci\u00f3n<\/li>\n<li>Luz estrobosc\u00f3pica LED superbrillante<\/li>\n<li>GPS de 66 canales integrado<\/li>\n<li>Funciones de autoprueba y prueba GPS<\/li>\n<li>Rendimiento t\u00edpico 30 horas<\/li>\n<li>Bater\u00eda no peligrosa<\/li>\n<li>Hecho en EE.UU.<\/li>\n<li>Si la usas, te la reemplazaremos <a href=\"http:\/\/www.survivorclub.com\/\">gratis<\/a> . Simplemente comparte tu historia en el enlace de nuestro Survivor Club , env\u00edanos tu baliza usada para que la coloquemos en nuestro Muro de la Fama y te enviaremos una baliza nueva de igual o mayor valor. <\/li>\n<\/ul>\n<p>Etiquetas: Personal Locator Beacon PLB ), 406 MHz, SurvivorClub, Flotadores, Flotante, Luz Estrobosc\u00f3pica, Radiobaliza de Emergencia, Sin Suscripci\u00f3n, EPIRB Personal, Localizador GPS<\/p>\n","protected":false},"excerpt":{"rendered":"<p><em><strong>Este producto ha sido actualizado. <a href=\"https:\/\/www.acrartex.com\/products\/resqlink-view\/\">Haga clic aqu\u00ed<\/a> para ver las actualizaciones disponibles.<\/strong><\/em><\/p>\n<p>Puede ser peque\u00f1a, pero es resistente. La Personal Locator Beacon ( PLB ) ResQLink \u2122+ es una baliza de rescate flotante con GPS , ideal para aventuras al aire libre de todos los tama\u00f1os (desde senderismo y ciclismo hasta caza y pesca). En caso de emergencia, la ResQLink + PLB transmitir\u00e1 su ubicaci\u00f3n a una red de sat\u00e9lites de b\u00fasqueda y rescate, lo que permitir\u00e1 a los servicios de emergencia locales llevarlo a casa sano y salvo con mayor facilidad.  <\/p>\n<p><strong>\u00a1Est\u00e9 preparado para lo impredecible!<\/strong><\/p>\n<p>&nbsp;<\/p>\n<ul>\n<li>Boyante<\/li>\n<li>luz estrobosc\u00f3pica LED<\/li>\n<li>Autoprueba<\/li>\n<li>GPS de 66 canales<\/li>\n<li>F\u00e1cil activaci\u00f3n de emergencia<\/li>\n<li>Clip de antena<\/li>\n<\/ul>\n<p style=\"margin-left: 0in; margin-right: 0in;\"><span style=\"font-size: 11pt;\"><span style=\"font-family: Calibri,sans-serif;\"><a style=\"color: blue; text-decoration: underline;\" href=\"https:\/\/www.dropbox.com\/s\/ezakylsa2478sav\/Prop%2065%20-%20DINP%20and%20BPA.pdf?dl=0\"><span style=\"color: #000000;\">ADVERTENCIA: PROP 65<\/span><\/a><\/span><\/span><\/p>\n<p style=\"margin-left: 0in; margin-right: 0in;\">\n","protected":false},"featured_media":152070,"template":"","meta":{"_acf_changed":false,"om_disable_all_campaigns":false},"product_brand":[],"product_cat":[5527,5991,5984,5986,5988,5990,5989,5819,5995,5996,5983,5775,5982,5985,5994,5993,5987],"product_tag":[5536,6218,6248,6252,6271,5824,6226,6243,6259,6275,6256,6244,6222,6235,6238,6242,6263,5821,6229,6001,6000,6241,5997,6232,6267],"class_list":{"0":"post-152048","1":"product","2":"type-product","3":"status-publish","4":"has-post-thumbnail","6":"product_cat-aviacion","7":"product_cat-aviacion-general","8":"product_cat-cerca-de-la-costa","9":"product_cat-comercial","10":"product_cat-deporte-de-accion-todoterreno","11":"product_cat-deportes-de-remo-pesca","12":"product_cat-equipo-de-viaje","13":"product_cat-exterior","14":"product_cat-fuerzas-navales","15":"product_cat-fuerzas-terrestres-especiales","16":"product_cat-interior","17":"product_cat-marina-es","18":"product_cat-militar-es","19":"product_cat-off-shore-es","20":"product_cat-patrulla-aerea","21":"product_cat-policia-municipio","22":"product_cat-senderismo-escalada-campamento","23":"product_tag-406-es","24":"product_tag-406-mhz-es","25":"product_tag-baliza-amarilla","26":"product_tag-baliza-de-senderismo","27":"product_tag-baliza-de-supervivencia","28":"product_tag-baliza-localizadora-personal","29":"product_tag-boyante","30":"product_tag-canal-66","31":"product_tag-caza","32":"product_tag-equipo-salvavidas","33":"product_tag-escalada","34":"product_tag-facil-activacion","35":"product_tag-faro-es","36":"product_tag-flotadores","37":"product_tag-localizador-gps","38":"product_tag-pequena-baliza","39":"product_tag-pesca-es","40":"product_tag-plb-es","41":"product_tag-plb-flotante","42":"product_tag-plb-375-es","43":"product_tag-plb375-es","44":"product_tag-radiobaliza-personal","45":"product_tag-resqlin","46":"product_tag-resqlink-plus-es","47":"product_tag-socorristas","48":"pa_product-legado","50":"first","51":"outofstock","52":"taxable","53":"shipping-taxable","54":"product-type-simple"},"acf":[],"_links":{"self":[{"href":"https:\/\/www.acrartex.com\/es\/wp-json\/wp\/v2\/product\/152048","targetHints":{"allow":["GET"]}}],"collection":[{"href":"https:\/\/www.acrartex.com\/es\/wp-json\/wp\/v2\/product"}],"about":[{"href":"https:\/\/www.acrartex.com\/es\/wp-json\/wp\/v2\/types\/product"}],"wp:featuredmedia":[{"embeddable":true,"href":"https:\/\/www.acrartex.com\/es\/wp-json\/wp\/v2\/media\/152070"}],"wp:attachment":[{"href":"https:\/\/www.acrartex.com\/es\/wp-json\/wp\/v2\/media?parent=152048"}],"wp:term":[{"taxonomy":"product_brand","embeddable":true,"href":"https:\/\/www.acrartex.com\/es\/wp-json\/wp\/v2\/product_brand?post=152048"},{"taxonomy":"product_cat","embeddable":true,"href":"https:\/\/www.acrartex.com\/es\/wp-json\/wp\/v2\/product_cat?post=152048"},{"taxonomy":"product_tag","embeddable":true,"href":"https:\/\/www.acrartex.com\/es\/wp-json\/wp\/v2\/product_tag?post=152048"}],"curies":[{"name":"wp","href":"https:\/\/api.w.org\/{rel}","templated":true}]}}