{"id":151971,"date":"2021-03-16T08:13:46","date_gmt":"2021-03-16T13:13:46","guid":{"rendered":"https:\/\/www.acrartex.com\/products\/aqualink\/"},"modified":"2021-03-16T08:13:46","modified_gmt":"2021-03-16T13:13:46","slug":"aqualink","status":"publish","type":"product","link":"https:\/\/www.acrartex.com\/es\/products\/aqualink\/","title":{"rendered":"AquaLink\u2122"},"content":{"rendered":"<p><em><strong><a href=\"https:\/\/www.acrartex.com\/products\/resqlink-400\/\">Este producto ha sido actualizado. <\/a> <\/strong><\/em><\/p>\n<p>El AquaLink\u2122 emite una se\u00f1al de socorro \u00fanica y registrada que no solo indica a los rescatistas d\u00f3nde se encuentra, sino tambi\u00e9n qui\u00e9n es. El GPS integrado puede determinar su posici\u00f3n con una precisi\u00f3n de 100 metros y, a continuaci\u00f3n, utiliza una potente se\u00f1al de 406 MHz para transmitir su llamada de socorro a los sat\u00e9lites en \u00f3rbita. Durante el despliegue de b\u00fasqueda y rescate local, una se\u00f1al de localizaci\u00f3n independiente y una luz estrobosc\u00f3pica LED integrada gu\u00edan a los rescatistas a su ubicaci\u00f3n exacta.  <\/p>\n<p>&nbsp;<\/p>\n<p>El AquaLink\u2122 es lo suficientemente peque\u00f1o como para llevarlo f\u00e1cilmente en una mochila o bolsillo, o puede usarse en cubierta, al tim\u00f3n, en la cabina o en un chaleco salvavidas, y flotar\u00e1 si se cae accidentalmente por la borda. Realizar una autoprueba de funcionamiento completa de los circuitos internos de la PLB , el voltaje y la potencia de la bater\u00eda, y la transmisi\u00f3n de 406 MHz le brinda la tranquilidad de saber que su PLB funcionar\u00e1 cuando m\u00e1s la necesite. <\/p>\n<p>&nbsp;<\/p>\n<p>Exclusivo ACR : El modo de prueba de adquisici\u00f3n GPS integrado permite comprobar la funcionalidad GPS hasta 12 veces durante la vida \u00fatil de la bater\u00eda. Aproveche la misma tecnolog\u00eda de rescate probada en campo que utilizan las Fuerzas Armadas de EE. UU., la Guardia Costera, las Fuerzas Especiales de la OTAN y los exploradores del \u00c1rtico. <\/p>\n<p>&nbsp;<\/p>\n<ul>\n<li>Sin cuotas de suscripci\u00f3n<\/li>\n<li>Flotadores<\/li>\n<li>Luz estrobosc\u00f3pica LED superbrillante<\/li>\n<li>GPS de 66 canales integrado<\/li>\n<li>Funciones de autoprueba y prueba GPS<\/li>\n<li>Rendimiento t\u00edpico 35 horas<\/li>\n<li>Bater\u00eda no peligrosa<\/li>\n<li>Hecho en EE.UU.<\/li>\n<\/ul>\n<p>&nbsp;<\/p>\n<p>Si lo usa, lo reemplazaremos sin costo. Simplemente env\u00ede su historia de supervivencia, devu\u00e9lvanos su baliza usada y le enviaremos la versi\u00f3n m\u00e1s reciente de su dispositivo vital. <\/p>\n","protected":false},"excerpt":{"rendered":"<p><em><strong>Este producto ha sido actualizado. <a href=\"https:\/\/www.acrartex.com\/products\/resqlink-400\/\">Haga clic aqu\u00ed<\/a> para ver las actualizaciones disponibles.<\/strong><\/em><\/p>\n<p>#Prep\u00e1rateComoUnProfesional con la PLB AquaLink\u2122. Esta baliza de rescate es tan peque\u00f1a que puedes llevarla en el bolsillo, pero lo suficientemente potente como para transmitir tu posici\u00f3n con precisi\u00f3n a una red de sat\u00e9lites de b\u00fasqueda y rescate en caso de emergencia en una embarcaci\u00f3n. Ten la tranquilidad de saber que esta baliza personal de emergencia elimina la necesidad de buscar y rescatar.  <\/p>\n<p>&nbsp;<\/p>\n<p style=\"margin-left: 0in; margin-right: 0in;\"><span style=\"font-size: 11pt;\"><span style=\"font-family: Calibri,sans-serif;\"><a style=\"color: blue; text-decoration: underline;\" href=\"https:\/\/www.dropbox.com\/s\/8343nj28z0d7bxa\/Prop%2065%20-%20BPA.pdf?dl=0\"><span style=\"color: #000000;\">ADVERTENCIA: PROP 65<\/span><\/a><\/span><\/span><\/p>\n<p style=\"margin-left: 0in; margin-right: 0in;\">\n","protected":false},"featured_media":151972,"template":"","meta":{"_acf_changed":false,"om_disable_all_campaigns":false},"product_brand":[],"product_cat":[5819,5775],"product_tag":[5536,5836,5845,5824,5833,5840,5828,6116,5821,6115,6117,6118],"class_list":{"0":"post-151971","1":"product","2":"type-product","3":"status-publish","4":"has-post-thumbnail","6":"product_cat-exterior","7":"product_cat-marina-es","8":"product_tag-406-es","9":"product_tag-agua","10":"product_tag-agua-es-2","11":"product_tag-baliza-localizadora-personal","12":"product_tag-enlace-acuatico-es","13":"product_tag-enlace-acuatico-es-2","14":"product_tag-gps-es","15":"product_tag-localizador-de-emergencia","16":"product_tag-plb-es","17":"product_tag-plb-350-es","18":"product_tag-plb-350b-es","19":"product_tag-plb350b-es","20":"pa_product-legado","22":"first","23":"outofstock","24":"taxable","25":"shipping-taxable","26":"product-type-simple"},"acf":[],"_links":{"self":[{"href":"https:\/\/www.acrartex.com\/es\/wp-json\/wp\/v2\/product\/151971","targetHints":{"allow":["GET"]}}],"collection":[{"href":"https:\/\/www.acrartex.com\/es\/wp-json\/wp\/v2\/product"}],"about":[{"href":"https:\/\/www.acrartex.com\/es\/wp-json\/wp\/v2\/types\/product"}],"wp:featuredmedia":[{"embeddable":true,"href":"https:\/\/www.acrartex.com\/es\/wp-json\/wp\/v2\/media\/151972"}],"wp:attachment":[{"href":"https:\/\/www.acrartex.com\/es\/wp-json\/wp\/v2\/media?parent=151971"}],"wp:term":[{"taxonomy":"product_brand","embeddable":true,"href":"https:\/\/www.acrartex.com\/es\/wp-json\/wp\/v2\/product_brand?post=151971"},{"taxonomy":"product_cat","embeddable":true,"href":"https:\/\/www.acrartex.com\/es\/wp-json\/wp\/v2\/product_cat?post=151971"},{"taxonomy":"product_tag","embeddable":true,"href":"https:\/\/www.acrartex.com\/es\/wp-json\/wp\/v2\/product_tag?post=151971"}],"curies":[{"name":"wp","href":"https:\/\/api.w.org\/{rel}","templated":true}]}}