{"id":151361,"date":"2021-03-16T08:07:35","date_gmt":"2021-03-16T13:07:35","guid":{"rendered":"https:\/\/www.acrartex.com\/products\/resqlink\/"},"modified":"2021-03-16T08:07:35","modified_gmt":"2021-03-16T13:07:35","slug":"resqlink","status":"publish","type":"product","link":"https:\/\/www.acrartex.com\/es\/products\/resqlink\/","title":{"rendered":"ResQLink \u2122"},"content":{"rendered":"<p><a href=\"https:\/\/www.acrartex.com\/products\/resqlink-400\/\"><em><strong>Este producto ha sido actualizado.<\/strong><\/em><\/a><\/p>\n<p>Con 127 g, la baliza de emergencia ResQLink pesa menos que un par de barritas energ\u00e9ticas. Y con tan solo 99 mm, es m\u00e1s peque\u00f1a que el tel\u00e9fono m\u00f3vil que llevas en el bolsillo. Peque\u00f1as y potentes, ResQLink \u2122 PLB son balizas de rescate de alta potencia con GPS , dise\u00f1adas para pescadores, pilotos y aficionados a la pesca de traves\u00eda.  <\/p>\n<p>&nbsp;<\/p>\n<p>Con tres niveles de tecnolog\u00eda de se\u00f1al integrada (posicionamiento GPS , una potente se\u00f1al de 406 MHz y capacidad de localizaci\u00f3n de 121,5 MHz), la PLB ResQLink transmite su posici\u00f3n con rapidez y precisi\u00f3n a una red mundial de sat\u00e9lites de b\u00fasqueda y rescate. Una luz estrobosc\u00f3pica integrada proporciona visibilidad durante los rescates nocturnos. <\/p>\n<p>&nbsp;<\/p>\n<p>Las PLB han demostrado su eficacia en algunos de los lugares m\u00e1s remotos y en condiciones peligrosas del mundo. Basta con preguntarles a los aproximadamente 400 pilotos, navegantes y exploradores de zonas remotas que se salvaron gracias a una PLB durante un riguroso programa de pruebas en Alaska. Bas\u00e1ndose principalmente en los resultados de las pruebas, el gobierno federal aprob\u00f3 el uso de PLB en Estados Unidos en 2003.  <\/p>\n<p>&nbsp;<\/p>\n<p>Incluso en condiciones y situaciones extremas, el ResQLink \u2122 se activa f\u00e1cilmente. Simplemente despliegue la antena y presione el bot\u00f3n de encendido. Con su potente GPS de 66 canales, el ResQLink \u2122 gu\u00eda a los rescatistas a una distancia de 100 metros o menos de su posici\u00f3n. Y, en los EE. UU. continentales, el personal de b\u00fasqueda y rescate suele recibir alertas de su posici\u00f3n en tan solo cinco minutos con una PLB con GPS , como el ResQLink \u2122.   <\/p>\n<p>&nbsp;<\/p>\n<p>Dos pruebas integradas le permiten verificar de forma rutinaria que ResQLink \u2122 est\u00e9 funcionando y listo para usar: con solo presionar un bot\u00f3n, puede probar f\u00e1cilmente la electr\u00f3nica interna y la funcionalidad GPS .<\/p>\n<ul>\n<li>No se requieren tarifas de suscripci\u00f3n<\/li>\n<li>Luz estrobosc\u00f3pica LED superbrillante<\/li>\n<li>GPS de 66 canales integrado<\/li>\n<li>Funciones de autoprueba y prueba GPS<\/li>\n<li>Rendimiento t\u00edpico 30 horas<\/li>\n<li>Bater\u00eda no peligrosa<\/li>\n<li>Hecho en EE.UU.<\/li>\n<li>Si la usas&#8230; la reemplazaremos gratis. Simplemente <a href=\"http:\/\/www.survivorclub.com\/\">env\u00eda<\/a> tu historia, devu\u00e9lvenos tu baliza usada para que la montemos en nuestro Muro de la Fama y te enviaremos una baliza nueva de igual o mayor valor. <\/li>\n<\/ul>\n<p>Etiquetas: Personal Locator Beacon , PLB , PLBs, 406 MHz, SurvivorClub, Flotadores, Flotante, Luz Estrobosc\u00f3pica, Radiobaliza de Emergencia, Sin Suscripci\u00f3n, EPIRB Personal, Localizador GPS , 2880, PN 2880, PLB 375<\/p>\n","protected":false},"excerpt":{"rendered":"<p>Puede ser peque\u00f1a, pero es resistente. La Personal Locator Beacon ( PLB ) ResQLink \u2122 PLB es una baliza de rescate con GPS , ideal para aventuras al aire libre de todos los tama\u00f1os (desde senderismo y ciclismo hasta caza y pesca). En caso de emergencia, la PLB ResQLink transmitir\u00e1 su ubicaci\u00f3n a una red de sat\u00e9lites de b\u00fasqueda y rescate. Las PLB han ayudado a salvar la vida de miles de personas.   <\/p>\n<p><em><strong>Este producto ha sido actualizado. <a href=\"https:\/\/www.acrartex.com\/products\/resqlink-400\/\">Haga clic aqu\u00ed<\/a> para ver las actualizaciones disponibles.<\/strong><\/em><\/p>\n<p><span style=\"font-size: 11.0pt;\"><a style=\"color: blue; text-decoration: underline;\" href=\"https:\/\/www.dropbox.com\/s\/ezakylsa2478sav\/Prop%2065%20-%20DINP%20and%20BPA.pdf?dl=0\"><span style=\"color: #000000;\">ADVERTENCIA: PROP 65<\/span><\/a><\/span><\/p>\n<p>&nbsp;<\/p>\n<p>&nbsp;<\/p>\n","protected":false},"featured_media":151365,"template":"","meta":{"_acf_changed":false,"om_disable_all_campaigns":false},"product_brand":[],"product_cat":[5527,5991,5992,5984,5986,5988,5990,5989,5819,5995,5996,5983,5775,5982,5985,5994,5993,5987],"product_tag":[5824,5999,5828,5821,6001,6000,5998,5997],"class_list":{"0":"post-151361","1":"product","2":"type-product","3":"status-publish","4":"has-post-thumbnail","6":"product_cat-aviacion","7":"product_cat-aviacion-general","8":"product_cat-avion-de-negocios","9":"product_cat-cerca-de-la-costa","10":"product_cat-comercial","11":"product_cat-deporte-de-accion-todoterreno","12":"product_cat-deportes-de-remo-pesca","13":"product_cat-equipo-de-viaje","14":"product_cat-exterior","15":"product_cat-fuerzas-navales","16":"product_cat-fuerzas-terrestres-especiales","17":"product_cat-interior","18":"product_cat-marina-es","19":"product_cat-militar-es","20":"product_cat-off-shore-es","21":"product_cat-patrulla-aerea","22":"product_cat-policia-municipio","23":"product_cat-senderismo-escalada-campamento","24":"product_tag-baliza-localizadora-personal","25":"product_tag-enlace-de-solicitud","26":"product_tag-gps-es","27":"product_tag-plb-es","28":"product_tag-plb-375-es","29":"product_tag-plb375-es","30":"product_tag-reserva","31":"product_tag-resqlin","32":"pa_product-legado","34":"first","35":"outofstock","36":"taxable","37":"shipping-taxable","38":"product-type-simple"},"acf":[],"_links":{"self":[{"href":"https:\/\/www.acrartex.com\/es\/wp-json\/wp\/v2\/product\/151361","targetHints":{"allow":["GET"]}}],"collection":[{"href":"https:\/\/www.acrartex.com\/es\/wp-json\/wp\/v2\/product"}],"about":[{"href":"https:\/\/www.acrartex.com\/es\/wp-json\/wp\/v2\/types\/product"}],"wp:featuredmedia":[{"embeddable":true,"href":"https:\/\/www.acrartex.com\/es\/wp-json\/wp\/v2\/media\/151365"}],"wp:attachment":[{"href":"https:\/\/www.acrartex.com\/es\/wp-json\/wp\/v2\/media?parent=151361"}],"wp:term":[{"taxonomy":"product_brand","embeddable":true,"href":"https:\/\/www.acrartex.com\/es\/wp-json\/wp\/v2\/product_brand?post=151361"},{"taxonomy":"product_cat","embeddable":true,"href":"https:\/\/www.acrartex.com\/es\/wp-json\/wp\/v2\/product_cat?post=151361"},{"taxonomy":"product_tag","embeddable":true,"href":"https:\/\/www.acrartex.com\/es\/wp-json\/wp\/v2\/product_tag?post=151361"}],"curies":[{"name":"wp","href":"https:\/\/api.w.org\/{rel}","templated":true}]}}