{"id":151277,"date":"2021-03-16T08:07:42","date_gmt":"2021-03-16T13:07:42","guid":{"rendered":"https:\/\/www.acrartex.com\/products\/view-aqualink\/"},"modified":"2025-07-07T09:58:56","modified_gmt":"2025-07-07T14:58:56","slug":"view-aqualink","status":"publish","type":"product","link":"https:\/\/www.acrartex.com\/es\/products\/view-aqualink\/","title":{"rendered":"View AquaLink\u2122"},"content":{"rendered":"<p><em><strong><a href=\"https:\/\/www.acrartex.com\/products\/resqlink-view\/\">Este producto ha sido actualizado<\/a> .  <\/strong><\/em><\/p>\n<p>Con tres niveles de tecnolog\u00eda de se\u00f1al integrada (posicionamiento GPS , una potente se\u00f1al de 406 MHz y capacidad de localizaci\u00f3n de 121,5 MHz), el AquaLink\u2122 View transmite su posici\u00f3n con rapidez y precisi\u00f3n a una red mundial de sat\u00e9lites de b\u00fasqueda y rescate, lo que reduce el tiempo de b\u00fasqueda y aumenta sus posibilidades de supervivencia. Su fiable tecnolog\u00eda de se\u00f1alizaci\u00f3n ha salvado m\u00e1s de 50.000 vidas desde 1982. <\/p>\n<p>&nbsp;<\/p>\n<p>AquaLink\u2122 View emite una se\u00f1al de socorro \u00fanica y registrada que no solo indica a los rescatistas d\u00f3nde se encuentra, sino tambi\u00e9n qui\u00e9n es. El GPS integrado puede fijar su posici\u00f3n con una precisi\u00f3n de 100 metros y utiliza una potente se\u00f1al de 406 MHz para transmitir su llamada de socorro a los sat\u00e9lites en \u00f3rbita. Durante el despliegue de b\u00fasqueda y rescate local, una se\u00f1al de localizaci\u00f3n independiente y una luz estrobosc\u00f3pica LED integrada gu\u00edan a los rescatistas a su ubicaci\u00f3n exacta. AquaLink\u2122 View cuenta con una pantalla digital que le permite ver todas las actividades operativas de la baliza. La pantalla muestra la latitud y longitud GPS , las instrucciones de funcionamiento, los consejos de uso, las r\u00e1fagas de transmisi\u00f3n y la carga de la bater\u00eda. La pantalla digital tambi\u00e9n simplifica y facilita la autocomprobaci\u00f3n de su baliza, gui\u00e1ndolo visualmente paso a paso. Ya no tendr\u00e1 que depender de los pitidos ni de buscar los LED. El AquaLink\u2122 View es tan peque\u00f1o que se puede llevar f\u00e1cilmente en una mochila o bolsillo, o en cubierta, al tim\u00f3n, en el camarote o en un chaleco salvavidas, y flotar\u00e1 si se cae accidentalmente por la borda. Exclusivo ACR : El modo de prueba de adquisici\u00f3n GPS integrado permite comprobar la funcionalidad GPS hasta 60 veces durante la vida \u00fatil de la bater\u00eda. Aproveche la misma tecnolog\u00eda de rescate probada en campo que utilizan las Fuerzas Armadas de EE. UU., la Guardia Costera de EE. UU., las Fuerzas Especiales de la OTAN y los exploradores del \u00c1rtico.         <\/p>\n<p>&nbsp;<\/p>\n<ul>\n<li>Sin cuotas de suscripci\u00f3n<\/li>\n<li>Flotadores<\/li>\n<li>Luz estrobosc\u00f3pica LED superbrillante<\/li>\n<li>GPS de 66 canales integrado<\/li>\n<li>Funciones de autoprueba y prueba GPS<\/li>\n<li>Rendimiento t\u00edpico 35 horas<\/li>\n<li>Bater\u00eda no peligrosa<\/li>\n<li>Hecho en EE.UU.<\/li>\n<\/ul>\n<p>&nbsp;<\/p>\n<p>Si la usas, te la reemplazaremos gratis. Simplemente <a href=\"https:\/\/www.acrartex.com\/stories\/new\">env\u00eda tu historia<\/a> , devu\u00e9lvenos tu baliza usada para que la montemos en nuestro Muro de la Fama y te enviaremos una baliza nueva de igual o mayor valor. <\/p>\n<p>&nbsp;<\/p>\n<p>Etiquetas: Personal Locator Beacon , PLB , PLBs, 406 MHz, SurvivorClub, Flotadores, Flotante, Luz Estrobosc\u00f3pica, Radiobaliza de Emergencia, Sin Suscripci\u00f3n, Pantalla Digital, EPIRB Personal, Localizador GPS , 2884, PN 2884, PLB 350, PLB350C<\/p>\n","protected":false},"excerpt":{"rendered":"<p><b><i>Este producto ha sido actualizado. <a href=\"https:\/\/www.acrartex.com\/products\/resqlink-view\/\">Haga clic aqu\u00ed<\/a> para ver las actualizaciones disponibles.<\/i><\/b><\/p>\n<p>&nbsp;<\/p>\n<p>Navegue mar adentro con la confianza de la Personal Locator Beacon ( PLB ) port\u00e1til AquaLink\u2122 View . Su pantalla digital proporciona toda la informaci\u00f3n importante sobre sus funciones, incluyendo la posici\u00f3n GPS y las r\u00e1fagas de transmisi\u00f3n. Adem\u00e1s, su dise\u00f1o flotante garantiza que, si la AquaLink View cae accidentalmente por la borda, flotar\u00e1. Tenga la tranquilidad de saber que, en caso de emergencia en su embarcaci\u00f3n, esta baliza de emergencia personal transmitir\u00e1 r\u00e1pidamente su posici\u00f3n a las redes satelitales y reducir\u00e1 el tiempo de b\u00fasqueda y rescate.   <\/p>\n<p>&nbsp;<\/p>\n<p style=\"margin-left: 0in; margin-right: 0in;\"><span style=\"font-size: 11pt;\"><span style=\"font-family: Calibri,sans-serif;\"><a style=\"color: blue; text-decoration: underline;\" href=\"https:\/\/www.dropbox.com\/s\/8343nj28z0d7bxa\/Prop%2065%20-%20BPA.pdf?dl=0\"><span style=\"color: #000000;\">ADVERTENCIA: PROP 65<\/span><\/a><\/span><\/span><\/p>\n<p>&nbsp;<\/p>\n<p>&nbsp;<\/p>\n<p>&nbsp;<\/p>\n","protected":false},"featured_media":151281,"template":"","meta":{"_acf_changed":false,"om_disable_all_campaigns":false},"product_brand":[],"product_cat":[5819,5775],"product_tag":[5536,5836,5845,5778,5824,5833,5840,5828,5821,5851,5848,5852,5854],"class_list":{"0":"post-151277","1":"product","2":"type-product","3":"status-publish","4":"has-post-thumbnail","6":"product_cat-exterior","7":"product_cat-marina-es","8":"product_tag-406-es","9":"product_tag-agua","10":"product_tag-agua-es-2","11":"product_tag-baliza-de-emergencia","12":"product_tag-baliza-localizadora-personal","13":"product_tag-enlace-acuatico-es","14":"product_tag-enlace-acuatico-es-2","15":"product_tag-gps-es","16":"product_tag-plb-es","17":"product_tag-plb-350c-es-4","18":"product_tag-plb-350c-es-2","19":"product_tag-plb350-es","20":"product_tag-vista-de-aqualink","21":"pa_product-legado","23":"first","24":"outofstock","25":"taxable","26":"shipping-taxable","27":"product-type-simple"},"acf":[],"_links":{"self":[{"href":"https:\/\/www.acrartex.com\/es\/wp-json\/wp\/v2\/product\/151277","targetHints":{"allow":["GET"]}}],"collection":[{"href":"https:\/\/www.acrartex.com\/es\/wp-json\/wp\/v2\/product"}],"about":[{"href":"https:\/\/www.acrartex.com\/es\/wp-json\/wp\/v2\/types\/product"}],"wp:featuredmedia":[{"embeddable":true,"href":"https:\/\/www.acrartex.com\/es\/wp-json\/wp\/v2\/media\/151281"}],"wp:attachment":[{"href":"https:\/\/www.acrartex.com\/es\/wp-json\/wp\/v2\/media?parent=151277"}],"wp:term":[{"taxonomy":"product_brand","embeddable":true,"href":"https:\/\/www.acrartex.com\/es\/wp-json\/wp\/v2\/product_brand?post=151277"},{"taxonomy":"product_cat","embeddable":true,"href":"https:\/\/www.acrartex.com\/es\/wp-json\/wp\/v2\/product_cat?post=151277"},{"taxonomy":"product_tag","embeddable":true,"href":"https:\/\/www.acrartex.com\/es\/wp-json\/wp\/v2\/product_tag?post=151277"}],"curies":[{"name":"wp","href":"https:\/\/api.w.org\/{rel}","templated":true}]}}