{"id":151230,"date":"2021-03-16T08:08:01","date_gmt":"2021-03-16T13:08:01","guid":{"rendered":"https:\/\/www.acrartex.com\/products\/epirb-globalfix-ipro\/"},"modified":"2021-03-16T08:08:01","modified_gmt":"2021-03-16T13:08:01","slug":"epirb-globalfix-ipro","status":"publish","type":"product","link":"https:\/\/www.acrartex.com\/es\/products\/epirb-globalfix-ipro\/","title":{"rendered":"EPIRB GlobalFix \u2122 iPRO"},"content":{"rendered":"<p><a href=\"https:\/\/www.acrartex.com\/es\/categoria-producto\/marina-es\/\"><em><strong>Este producto ha sido descontinuado.<\/strong><\/em><\/a><\/p>\n<p>GlobalFix \u2122 iPRO cuenta con una pantalla digital que permite ver todas las actividades operativas de la baliza. La pantalla muestra la latitud y longitud GPS , las instrucciones de uso, consejos de uso, las r\u00e1fagas de transmisi\u00f3n y la carga de la bater\u00eda.<br \/>\n iPRO hace que la autoprueba de su baliza sea sencilla y f\u00e1cil de entender con la pantalla digital que lo gu\u00eda visualmente a trav\u00e9s de la autoprueba paso a paso; ya no es necesario depender de escuchar pitidos y LED.<br \/>\n El GlobalFix \u2122 iPRO es tambi\u00e9n la primera EPIRB que ofrece tecnolog\u00eda GPS dual. Conecte su iPRO a su GPS de a bordo para garantizar que su latitud y longitud (LAT\/LON) se almacenen y las coordenadas se transmitan en la primera r\u00e1faga de datos. GPS interno del iPRO est\u00e1 optimizado para arranques en fr\u00edo y se prueba y perfecciona en el Centro de Simulaci\u00f3n GPS de ACR para que determine su ubicaci\u00f3n exacta m\u00e1s r\u00e1pido que las radiobalizas de localizaci\u00f3n de siniestros (EPIRB) con GPS est\u00e1ndar.   <\/p>\n<p>&nbsp;<\/p>\n<p>GlobalFix \u2122 iPRO ofrece lo \u00faltimo en tecnolog\u00eda electr\u00f3nica de salvamento marino:<\/p>\n<ul>\n<li>Luz estrobosc\u00f3pica LED de alta visibilidad \u2013 Eficiencia energ\u00e9tica<\/li>\n<li>Electr\u00f3nica de alta eficiencia: rendimiento en el que puede confiar<\/li>\n<li>Bater\u00edas no peligrosas \u2013 Sin problemas de env\u00edo<\/li>\n<li>Dise\u00f1o de calidad profesional: dise\u00f1ado, probado y construido para a\u00f1os de uso marino intensivo.<\/li>\n<li>Dise\u00f1o ergon\u00f3mico y compacto; EPIRB m\u00e1s peque\u00f1a y con m\u00e1s funciones disponible<\/li>\n<\/ul>\n<p>Si la usas, te la reemplazaremos <a href=\"http:\/\/www.survivorclub.com\/\">gratis<\/a> . Simplemente env\u00eda tu historia, devu\u00e9lvenos tu baliza usada para que la montemos en nuestro Muro de la Fama y te enviaremos una baliza nueva de igual o mayor valor. <\/p>\n","protected":false},"excerpt":{"rendered":"<p><a href=\"https:\/\/www.acrartex.com\/product-category\/marine\/\"><em><strong>Este producto ha sido descontinuado.<\/strong><\/em><\/a><\/p>\n<p>&nbsp;<\/p>\n<p>Navegue con libertad y seguridad con la radiobaliza de localizaci\u00f3n de emergencia ( EPIRB ) GlobalFix \u2122 iPRO. En cuanto a electr\u00f3nica de seguridad mar\u00edtima, esta EPIRB es \u00fanica en su clase. La GlobalFix iPRO cuenta con una pantalla digital que le permite ver todas sus funciones, como la latitud\/longitud GPS , las r\u00e1fagas de transmisi\u00f3n y la carga de la bater\u00eda. Si se encuentra en una emergencia en su embarcaci\u00f3n, la EPIRB GlobalFix iPRO ayudar\u00e1 a los equipos de b\u00fasqueda y rescate a localizar su ubicaci\u00f3n y le permitir\u00e1 regresar a casa sano y salvo.   <\/p>\n<p>&nbsp;<\/p>\n<p style=\"margin-left: 0in; margin-right: 0in;\"><span style=\"font-size: 11pt;\"><span style=\"font-family: Calibri,sans-serif;\"><a style=\"color: blue; text-decoration: underline;\" href=\"https:\/\/www.dropbox.com\/s\/koygc3qw5b1s44s\/Prop%2065%20-%20DINP.pdf?dl=0\"><span style=\"color: #000000;\">ADVERTENCIA: PROP 65<\/span><\/a><\/span><\/span><\/p>\n<p>&nbsp;<\/p>\n<p>&nbsp;<\/p>\n","protected":false},"featured_media":151264,"template":"","meta":{"_acf_changed":false,"om_disable_all_campaigns":false},"product_brand":[],"product_cat":[5775],"product_tag":[5796,5802,5799,5805,5778,5811,5782,5780,5784,5786,5776,5808,5792],"class_list":{"0":"post-151230","1":"product","2":"type-product","3":"status-publish","4":"has-post-thumbnail","6":"product_cat-marina-es","7":"product_tag-2846-es","8":"product_tag-2846-0-es","9":"product_tag-2848-es","10":"product_tag-2848-0-es","11":"product_tag-baliza-de-emergencia","12":"product_tag-base-de-datos-de-referencia-de-productos-quimicos-gpirb","13":"product_tag-correccion-global","14":"product_tag-global-es","15":"product_tag-globalfix-ipro-es","16":"product_tag-ipro-es","17":"product_tag-radiobaliza-de-emergencia","18":"product_tag-rlb-36-es","19":"product_tag-solucion-global","20":"pa_product-legado","22":"first","23":"outofstock","24":"taxable","25":"shipping-taxable","26":"product-type-simple"},"acf":[],"_links":{"self":[{"href":"https:\/\/www.acrartex.com\/es\/wp-json\/wp\/v2\/product\/151230","targetHints":{"allow":["GET"]}}],"collection":[{"href":"https:\/\/www.acrartex.com\/es\/wp-json\/wp\/v2\/product"}],"about":[{"href":"https:\/\/www.acrartex.com\/es\/wp-json\/wp\/v2\/types\/product"}],"wp:featuredmedia":[{"embeddable":true,"href":"https:\/\/www.acrartex.com\/es\/wp-json\/wp\/v2\/media\/151264"}],"wp:attachment":[{"href":"https:\/\/www.acrartex.com\/es\/wp-json\/wp\/v2\/media?parent=151230"}],"wp:term":[{"taxonomy":"product_brand","embeddable":true,"href":"https:\/\/www.acrartex.com\/es\/wp-json\/wp\/v2\/product_brand?post=151230"},{"taxonomy":"product_cat","embeddable":true,"href":"https:\/\/www.acrartex.com\/es\/wp-json\/wp\/v2\/product_cat?post=151230"},{"taxonomy":"product_tag","embeddable":true,"href":"https:\/\/www.acrartex.com\/es\/wp-json\/wp\/v2\/product_tag?post=151230"}],"curies":[{"name":"wp","href":"https:\/\/api.w.org\/{rel}","templated":true}]}}