{"id":150954,"date":"2021-03-16T08:08:46","date_gmt":"2021-03-16T13:08:46","guid":{"rendered":"https:\/\/www.acrartex.com\/products\/elt-3000hm\/"},"modified":"2021-03-16T08:08:46","modified_gmt":"2021-03-16T13:08:46","slug":"elt-3000hm","status":"publish","type":"product","link":"https:\/\/www.acrartex.com\/es\/products\/elt-3000hm\/","title":{"rendered":"ELT 3000HM"},"content":{"rendered":"<p>Con los datos de navegaci\u00f3n de la aeronave perfectamente integrados, la latitud y longitud se transmiten autom\u00e1ticamente cada 50 segundos durante 24 horas en la frecuencia de socorro de 406 MHz. Esto permite a los servicios de emergencia determinar la ubicaci\u00f3n exacta de la aeronave en cuesti\u00f3n de minutos desde la activaci\u00f3n de la baliza.  El ARTEX ELT 3000 est\u00e1 dise\u00f1ado para reducir el tama\u00f1o y el peso del sistema ELT en un paquete f\u00e1cil de instalar. Para simplificar la instalaci\u00f3n, el ARTEX ELT 3000 utiliza una \u00fanica salida de RF que se conecta a una antena tribanda, reduciendo la instalaci\u00f3n a un solo cable coaxial. <\/p>\n<p>&nbsp;<\/p>\n<p>La antena de entrada \u00fanica y la eliminaci\u00f3n de una interfaz de navegaci\u00f3n externa reducen considerablemente los costos de instalaci\u00f3n. El ARTEX ELT 3000 es compatible con el exclusivo sistema de pruebas de confirmaci\u00f3n satelital en l\u00ednea de ARTEX , 406Test.com. Este sistema exclusivo proporciona resultados de pruebas de baliza en tiempo real a trav\u00e9s de los mismos sat\u00e9lites utilizados por B\u00fasqueda y Rescate, lo que garantiza el correcto funcionamiento del sistema ELT . Hay una raz\u00f3n por la que los ELT ARTEX son la elecci\u00f3n de m\u00e1s fabricantes de aeronaves que cualquier otro: conf\u00edan en ARTEX para fabricar productos de la m\u00e1s alta calidad sabiendo que se utilizan para salvar vidas. C\u00f3mo funciona el ARTEX ELT 3000 El ARTEX ELT 3000 puede activarse manualmente (a trav\u00e9s del interruptor remoto de la cabina) o autom\u00e1ticamente (el G-Switch detecta un impacto de 2.3G o superior) y alerta a la agencia de B\u00fasqueda y Rescate m\u00e1s cercana de una emergencia. La se\u00f1al de 406 MHz, que contiene las coordenadas GPS de la aeronave, se transmite a los sat\u00e9lites Cospas-Sarsat y se retransmite al Centro de Control de Misi\u00f3n, donde se enruta inmediatamente a la agencia de B\u00fasqueda y Rescate m\u00e1s cercana.     <\/p>\n<p>&nbsp;<\/p>\n<p>La baliza proporcionar\u00e1 a los socorristas la ubicaci\u00f3n exacta con una precisi\u00f3n de 100 metros. Finalmente, las se\u00f1ales de localizaci\u00f3n de 121,5\/243 MHz ayudan a las fuerzas terrestres de b\u00fasqueda y rescate a encontrar la ubicaci\u00f3n de la emergencia. F\u00e1cil de instalar El ARTEX ELT 3000 ofrece una oportunidad de modernizaci\u00f3n r\u00e1pida y sencilla con opciones de instalaci\u00f3n flexibles, como un interruptor remoto de dos o cinco cables que no requiere alimentaci\u00f3n de aeronave. Debido a que es un ELT de salida \u00fanica, el ELT 3000 utiliza la misma salida de RF y solo un cable coaxial para transmitir se\u00f1ales de 406 MHz y 121,5\/243 MHz. La interfaz de navegaci\u00f3n integrada reduce la necesidad de montar una interfaz externa secundaria, lo que reduce en gran medida el coste de instalaci\u00f3n. Hay dos bandejas de montaje disponibles. Una permite el menor espacio posible, mientras que la otra se adapta a las instalaciones heredadas ELT de las series B y C ARTEX , lo que proporciona una mayor reducci\u00f3n de los costes de ingenier\u00eda.      <\/p>\n<p>&nbsp;<\/p>\n<p><u>Caracter\u00edsticas del producto  <\/u><\/p>\n<ul>\n<li>El ELT de 406 MHz m\u00e1s peque\u00f1o disponible y ELT de grado de transporte m\u00e1s ligero con interfaz ARINC\/ GPS RS232<\/li>\n<li>Emergency Locator Transmitter fijo autom\u00e1tico<\/li>\n<li>Radiobaliza de socorro trifrecuencia, se\u00f1ales de localizaci\u00f3n digitales de 406 MHz y anal\u00f3gicas de 121,5\/243 MHz<\/li>\n<li>Activaci\u00f3n autom\u00e1tica mediante interruptor G interno Antena tribanda con conector \u00fanico y cable al transmisor<\/li>\n<li>F\u00e1cil mantenimiento e instalaci\u00f3n<\/li>\n<li>Muchas opciones de interruptores remotos de cabina disponibles<\/li>\n<li>Se puede conectar al GPS integrado a trav\u00e9s de la interfaz ARINC429 o RS232<\/li>\n<li>Los datos GPS est\u00e1n integrados en la transmisi\u00f3n digital, lo que reduce el radio de b\u00fasqueda a 100 metros.<\/li>\n<li>Cobertura mundial Cospas-Sarsat Bater\u00eda de 6 a\u00f1os de duraci\u00f3n (reemplazable)<\/li>\n<li>Versi\u00f3n de helic\u00f3ptero con G-Switch de 5 ejes disponible<\/li>\n<li>Compatible con el sistema de prueba de confirmaci\u00f3n satelital ARTEX 406Test.com<\/li>\n<li>Cumple con los requisitos de la FAA y la EASA<\/li>\n<\/ul>\n<p>&nbsp;<\/p>\n<p>Lista de paquetes de ELT<\/p>\n<table style=\"border-collapse: collapse; width: 745pt; border: none;\" width=\"994\">\n<colgroup>\n<col style=\"width: 140pt;\" width=\"187\">\n<col style=\"width: 219pt;\" width=\"292\">\n<col style=\"width: 197pt;\" width=\"263\">\n<col style=\"width: 189pt;\" width=\"252\"> <\/colgroup>\n<tbody>\n<tr style=\"height: 20.0pt;\">\n<td class=\"xl66\" style=\"border: none; height: 20.0pt; width: 140pt; text-align: center; vertical-align: middle; padding-top: 1px; padding-right: 1px; padding-left: 1px;\" width=\"187\" height=\"27\"><\/td>\n<td class=\"xl68\" style=\"border: 0.5pt solid gray; background: #3c404a; width: 219pt; text-align: center; vertical-align: middle; padding-top: 1px; padding-right: 1px; padding-left: 1px;\" width=\"292\"><span style=\"font-size: 11pt;\"><span style=\"color: #b0e40a;\"><span style=\"font-weight: bold;\"><span style=\"font-style: normal;\"><span style=\"text-decoration: none;\"><span style=\"font-family: Calibri,sans-serif;\">Antena<\/span><\/span><\/span><\/span><\/span><\/span><\/td>\n<td class=\"xl68\" style=\"border: 0.5pt solid gray; background: #3c404a; border-left: none; width: 197pt; text-align: center; vertical-align: middle; padding-top: 1px; padding-right: 1px; padding-left: 1px;\" width=\"263\"><span style=\"font-size: 11pt;\"><span style=\"color: #b0e40a;\"><span style=\"font-weight: bold;\"><span style=\"font-style: normal;\"><span style=\"text-decoration: none;\"><span style=\"font-family: Calibri,sans-serif;\">Interruptor remoto y accesorios<\/span><\/span><\/span><\/span><\/span><\/span><\/td>\n<td class=\"xl67\" style=\"border: none; background: #3c404a; border-left: none; width: 189pt; text-align: center; vertical-align: middle; border-width: 0.5pt; border-style: solid; border-color: gray windowtext gray gray; padding-top: 1px; padding-right: 1px; padding-left: 1px;\" width=\"252\"><span style=\"font-size: 11pt;\"><span style=\"color: #b0e40a;\"><span style=\"font-weight: bold;\"><span style=\"font-style: normal;\"><span style=\"text-decoration: none;\"><span style=\"font-family: Calibri,sans-serif;\">Manuales\/Aprobaciones\/Descargas<\/span><\/span><\/span><\/span><\/span><\/span><\/td>\n<\/tr>\n<tr style=\"height: 20.0pt;\">\n<td class=\"xl70\" style=\"border: 0.5pt solid gray; background: #b0e40a; height: 20.0pt; text-align: center; vertical-align: middle; padding-top: 1px; padding-right: 1px; padding-left: 1px;\" height=\"27\"><span style=\"font-size: 11pt;\"><span style=\"font-weight: 400;\"><span style=\"font-style: normal;\"><span style=\"text-decoration: none;\"><span style=\"font-family: Calibri,sans-serif;\">ELT 3000HM 8231<\/span><\/span><\/span><\/span><\/span><\/td>\n<td class=\"xl69\" style=\"border: none; padding-top: 1px; padding-right: 1px; padding-left: 1px; vertical-align: bottom;\"><span style=\"font-size: 11pt;\"><span style=\"font-weight: 400;\"><span style=\"font-style: normal;\"><span style=\"text-decoration: none;\"><span style=\"font-family: Calibri,sans-serif;\"> <\/span><\/span><\/span><\/span><\/span><\/td>\n<td class=\"xl66\" style=\"border: none; text-align: center; vertical-align: middle; padding-top: 1px; padding-right: 1px; padding-left: 1px;\"><\/td>\n<td class=\"xl66\" style=\"border: none; text-align: center; vertical-align: middle; padding-top: 1px; padding-right: 1px; padding-left: 1px;\"><a href=\"https:\/\/www.dropbox.com\/s\/ba7lq6uzc9ww7t6\/8231b.pdf?dl=1\"><span style=\"font-size: 11pt;\"><span style=\"font-weight: 400;\"><span style=\"font-style: normal;\"><span style=\"text-decoration: none;\"><span style=\"font-family: Calibri,sans-serif;\">Lista de paquetes<\/span><\/span><\/span><\/span><\/span><\/a><\/td>\n<\/tr>\n<tr style=\"height: 20.0pt;\">\n<td class=\"xl70\" style=\"border: 0.5pt solid gray; background: #b0e40a; height: 20.0pt; border-top: none; text-align: center; vertical-align: middle; padding-top: 1px; padding-right: 1px; padding-left: 1px;\" height=\"27\"><span style=\"font-size: 11pt;\"><span style=\"font-weight: 400;\"><span style=\"font-style: normal;\"><span style=\"text-decoration: none;\"><span style=\"font-family: Calibri,sans-serif;\">ELT 3000HM 8232<\/span><\/span><\/span><\/span><\/span><\/td>\n<td class=\"xl66\" style=\"border: none; text-align: center; vertical-align: middle; padding-top: 1px; padding-right: 1px; padding-left: 1px;\"><\/td>\n<td class=\"xl66\" style=\"border: none; text-align: center; vertical-align: middle; padding-top: 1px; padding-right: 1px; padding-left: 1px;\"><\/td>\n<td class=\"xl66\" style=\"border: none; text-align: center; vertical-align: middle; padding-top: 1px; padding-right: 1px; padding-left: 1px;\"><a href=\"https:\/\/www.dropbox.com\/s\/ugsb53vzphp6mvo\/8232b.pdf?dl=1\"><span style=\"font-size: 11pt;\"><span style=\"font-weight: 400;\"><span style=\"font-style: normal;\"><span style=\"text-decoration: none;\"><span style=\"font-family: Calibri,sans-serif;\">Lista de paquetes<\/span><\/span><\/span><\/span><\/span><\/a><\/td>\n<\/tr>\n<tr style=\"height: 20.0pt;\">\n<td class=\"xl70\" style=\"border: 0.5pt solid gray; background: #b0e40a; height: 20.0pt; border-top: none; text-align: center; vertical-align: middle; padding-top: 1px; padding-right: 1px; padding-left: 1px;\" height=\"27\"><span style=\"font-size: 11pt;\"><span style=\"font-weight: 400;\"><span style=\"font-style: normal;\"><span style=\"text-decoration: none;\"><span style=\"font-family: Calibri,sans-serif;\">ELT 3000HM 8233<\/span><\/span><\/span><\/span><\/span><\/td>\n<td class=\"xl66\" style=\"border: none; text-align: center; vertical-align: middle; padding-top: 1px; padding-right: 1px; padding-left: 1px;\"><span style=\"font-size: 11pt;\"><span style=\"font-weight: 400;\"><span style=\"font-style: normal;\"><span style=\"text-decoration: none;\"><span style=\"font-family: Calibri,sans-serif;\">110-338 (blanco) y 110-338-01 (negro)<\/span><\/span><\/span><\/span><\/span><\/td>\n<td class=\"xl66\" style=\"border: none; text-align: center; vertical-align: middle; padding-top: 1px; padding-right: 1px; padding-left: 1px;\"><span style=\"font-size: 11pt;\"><span style=\"font-weight: 400;\"><span style=\"font-style: normal;\"><span style=\"text-decoration: none;\"><span style=\"font-family: Calibri,sans-serif;\">8304<\/span><\/span><\/span><\/span><\/span><\/td>\n<td class=\"xl66\" style=\"border: none; text-align: center; vertical-align: middle; padding-top: 1px; padding-right: 1px; padding-left: 1px;\"><a href=\"https:\/\/www.dropbox.com\/s\/1ranamkvy04fr97\/8233b.pdf?dl=1\"><span style=\"font-size: 11pt;\"><span style=\"font-weight: 400;\"><span style=\"font-style: normal;\"><span style=\"text-decoration: none;\"><span style=\"font-family: Calibri,sans-serif;\">Lista de paquetes<\/span><\/span><\/span><\/span><\/span><\/a><\/td>\n<\/tr>\n<\/tbody>\n<\/table>\n<p>&nbsp;<\/p>\n<p>Etiquetas: ARTEX , ARTEX ELT , ARTEX ELT 3000, Emergency Locator Transmitter , ELT 3000, 406 MHz, Aeronaves en peligro, ELT de aviaci\u00f3n comercial, ELT de transporte<\/p>\n","protected":false},"excerpt":{"rendered":"<p>El nuevo ARTEX ELT 3000HM es un Emergency Locator Transmitter ( ELT ) totalmente integrado y de calidad de transporte para el mercado de helic\u00f3pteros. Su dise\u00f1o compacto se combina con la interfaz NAV integrada (ARINC429 o RS232), lo que elimina la necesidad y el gasto de instalar una unidad de interfaz NAV independiente y ofrece una reducci\u00f3n significativa de peso y coste. <\/p>\n<p><span style=\"color: #3366ff;\"><strong>Este producto ha sido descontinuado<\/strong><\/span><\/p>\n<p><a href=\"https:\/\/www.acrartex.com\/survival-products\/406test\"><img decoding=\"async\" style=\"width: 300px; height: 41px;\" src=\"https:\/\/dk2ztu5ooimmu.cloudfront.net\/ckeditor_assets\/pictures\/146\/406Test_with_desc_-_Tag.gif\" alt=\"\"><\/a><\/p>\n","protected":false},"featured_media":150957,"template":"","meta":{"_acf_changed":false,"om_disable_all_campaigns":false},"product_brand":[],"product_cat":[5527,5530],"product_tag":[5536,5532,5538,5540],"class_list":{"0":"post-150954","1":"product","2":"type-product","3":"status-publish","4":"has-post-thumbnail","6":"product_cat-aviacion","7":"product_cat-rotocraft-es","8":"product_tag-406-es","9":"product_tag-elt-es","10":"product_tag-elt-3000-es","11":"product_tag-transmisor-localizador-de-emergencia","12":"pa_aircraft-type-rotocraft-es","13":"pa_product-legado","15":"first","16":"instock","17":"taxable","18":"shipping-taxable","19":"product-type-simple"},"acf":[],"_links":{"self":[{"href":"https:\/\/www.acrartex.com\/es\/wp-json\/wp\/v2\/product\/150954","targetHints":{"allow":["GET"]}}],"collection":[{"href":"https:\/\/www.acrartex.com\/es\/wp-json\/wp\/v2\/product"}],"about":[{"href":"https:\/\/www.acrartex.com\/es\/wp-json\/wp\/v2\/types\/product"}],"wp:featuredmedia":[{"embeddable":true,"href":"https:\/\/www.acrartex.com\/es\/wp-json\/wp\/v2\/media\/150957"}],"wp:attachment":[{"href":"https:\/\/www.acrartex.com\/es\/wp-json\/wp\/v2\/media?parent=150954"}],"wp:term":[{"taxonomy":"product_brand","embeddable":true,"href":"https:\/\/www.acrartex.com\/es\/wp-json\/wp\/v2\/product_brand?post=150954"},{"taxonomy":"product_cat","embeddable":true,"href":"https:\/\/www.acrartex.com\/es\/wp-json\/wp\/v2\/product_cat?post=150954"},{"taxonomy":"product_tag","embeddable":true,"href":"https:\/\/www.acrartex.com\/es\/wp-json\/wp\/v2\/product_tag?post=150954"}],"curies":[{"name":"wp","href":"https:\/\/api.w.org\/{rel}","templated":true}]}}