{"id":148589,"date":"2021-03-12T13:11:05","date_gmt":"2021-03-12T18:11:05","guid":{"rendered":"https:\/\/www.acrartex.com\/aviacion\/"},"modified":"2025-07-07T08:55:17","modified_gmt":"2025-07-07T13:55:17","slug":"aviacion","status":"publish","type":"page","link":"https:\/\/www.acrartex.com\/es\/aviacion\/","title":{"rendered":"Aviaci\u00f3n"},"content":{"rendered":"\n<div class=\"wp-block-group hero-block js-hero\"><div class=\"wp-block-group__inner-container is-layout-flow wp-block-group-is-layout-flow\">\n<div class=\"wp-block-cover is-light hero-block__slide js-hero-block-slide\"><span aria-hidden=\"true\" class=\"wp-block-cover__background has-background-dim\"><\/span><video class=\"wp-block-cover__video-background intrinsic-ignore\" autoplay muted loop playsinline src=\"https:\/\/www.acrartex.com\/wp-content\/uploads\/2023\/12\/ARTEX-Video-Montage.mp4\" data-object-fit=\"cover\"><\/video><div class=\"wp-block-cover__inner-container is-layout-flow wp-block-cover-is-layout-flow\">\n<h2 class=\"wp-block-heading\" id=\"h-the-future-is-here\">EL FUTURO EST\u00c1 AQU\u00cd<\/h2>\n\n\n\n<p>EL SEGUIMIENTO AVANZADO DE SOCORRO DE GADSS YA EST\u00c1 AQU\u00cd CON EL NUEVO ELT 5000<\/p>\n\n\n\n<div class=\"wp-block-buttons is-layout-flex wp-block-buttons-is-layout-flex\">\n<div class=\"wp-block-button\"><a class=\"wp-block-button__link wp-element-button\" href=\"https:\/\/www.acrartex.com\/products\/elt-5000-distress-tracking-dt-for-gadss-compliance\/\">DESCUBRE EL ELT 5000<\/a><\/div>\n<\/div>\n<\/div><\/div>\n\n\n\n<div class=\"wp-block-cover is-light hero-block__slide js-hero-block-slide\"><span aria-hidden=\"true\" class=\"wp-block-cover__background has-background-dim\"><\/span><img loading=\"lazy\" decoding=\"async\" width=\"1600\" height=\"1000\" class=\"wp-block-cover__image-background wp-image-83675\" alt=\"\" src=\"https:\/\/www.acrartex.com\/wp-content\/uploads\/2023\/11\/ACR_slider-ELT-4000S-2.jpg\" style=\"object-position:53% 69%\" data-object-fit=\"cover\" data-object-position=\"53% 69%\" srcset=\"https:\/\/www.acrartex.com\/wp-content\/uploads\/2023\/11\/ACR_slider-ELT-4000S-2.jpg 1600w, https:\/\/www.acrartex.com\/wp-content\/uploads\/2023\/11\/ACR_slider-ELT-4000S-2-300x188.jpg 300w, https:\/\/www.acrartex.com\/wp-content\/uploads\/2023\/11\/ACR_slider-ELT-4000S-2-1024x640.jpg 1024w, https:\/\/www.acrartex.com\/wp-content\/uploads\/2023\/11\/ACR_slider-ELT-4000S-2-768x480.jpg 768w, https:\/\/www.acrartex.com\/wp-content\/uploads\/2023\/11\/ACR_slider-ELT-4000S-2-1536x960.jpg 1536w, https:\/\/www.acrartex.com\/wp-content\/uploads\/2023\/11\/ACR_slider-ELT-4000S-2-600x375.jpg 600w\" sizes=\"auto, (max-width: 1600px) 100vw, 1600px\" \/><div class=\"wp-block-cover__inner-container is-layout-flow wp-block-cover-is-layout-flow\">\n<h2 class=\"wp-block-heading\" id=\"h-built-for-survival\">CONSTRUIDO PARA LA SUPERVIVENCIA<\/h2>\n\n\n\n<p>NUESTRO ELT 4000S SIN LITIO OFRECE FLOTABILIDAD INTEGRADA, SEGUIMIENTO GPS Y MUCHO M\u00c1S<\/p>\n\n\n\n<div class=\"wp-block-buttons is-layout-flex wp-block-buttons-is-layout-flex\">\n<div class=\"wp-block-button\"><a class=\"wp-block-button__link wp-element-button\" href=\"https:\/\/www.acrartex.com\/product-tag\/elt-4000s\/\">M\u00c1S INFORMACI\u00d3N<\/a><\/div>\n<\/div>\n<\/div><\/div>\n\n\n\n<div class=\"wp-block-cover is-light hero-block__slide js-hero-block-slide\"><span aria-hidden=\"true\" class=\"wp-block-cover__background has-background-dim\"><\/span><video class=\"wp-block-cover__video-background intrinsic-ignore\" autoplay muted loop playsinline src=\"https:\/\/www.acrartex.com\/wp-content\/uploads\/2023\/11\/da3b360b-9bfd-4360-9951-785f7a6fab94.mp4\" style=\"object-position:37% 30%\" data-object-fit=\"cover\" data-object-position=\"37% 30%\"><\/video><div class=\"wp-block-cover__inner-container is-layout-flow wp-block-cover-is-layout-flow\">\n<h2 class=\"wp-block-heading\" id=\"h-fly-with-confidence\">VUELA CON CONFIANZA<\/h2>\n\n\n\n<p>CONOZCA NUESTRA SOLUCI\u00d3N DE EMERGENCIA PARA LA AVIACI\u00d3N GENERAL.<\/p>\n\n\n\n<div class=\"wp-block-buttons is-layout-flex wp-block-buttons-is-layout-flex\">\n<div class=\"wp-block-button\"><a class=\"wp-block-button__link wp-element-button\" href=\"https:\/\/www.acrartex.com\/product-category\/aviation\/\">TIENDA DE AVIACI\u00d3N GENERAL<\/a><\/div>\n<\/div>\n<\/div><\/div>\n\n\n\n<div class=\"wp-block-cover is-light hero-block__slide js-hero-block-slide\"><span aria-hidden=\"true\" class=\"wp-block-cover__background has-background-dim\"><\/span><img loading=\"lazy\" decoding=\"async\" width=\"1920\" height=\"1282\" class=\"wp-block-cover__image-background wp-image-170\" alt=\"\" src=\"https:\/\/www.acrartex.com\/wp-content\/uploads\/2020\/12\/shutterstock_1447177895.jpg\" data-object-fit=\"cover\" srcset=\"https:\/\/www.acrartex.com\/wp-content\/uploads\/2020\/12\/shutterstock_1447177895.jpg 1920w, https:\/\/www.acrartex.com\/wp-content\/uploads\/2020\/12\/shutterstock_1447177895-600x401.jpg 600w, https:\/\/www.acrartex.com\/wp-content\/uploads\/2020\/12\/shutterstock_1447177895-300x200.jpg 300w, https:\/\/www.acrartex.com\/wp-content\/uploads\/2020\/12\/shutterstock_1447177895-1024x684.jpg 1024w, https:\/\/www.acrartex.com\/wp-content\/uploads\/2020\/12\/shutterstock_1447177895-768x513.jpg 768w, https:\/\/www.acrartex.com\/wp-content\/uploads\/2020\/12\/shutterstock_1447177895-1536x1026.jpg 1536w\" sizes=\"auto, (max-width: 1920px) 100vw, 1920px\" \/><div class=\"wp-block-cover__inner-container is-layout-flow wp-block-cover-is-layout-flow\">\n<h2 class=\"wp-block-heading\" id=\"h-explore-the-unexplored\">EXPLORA LO INEXPLORADO<\/h2>\n\n\n\n<p>VUELE A LOS CIELOS Y GARANTICE LA SEGURIDAD CON UNA BALIZA DE ACR Y RESCATE ACR.<\/p>\n\n\n\n<div class=\"wp-block-buttons is-layout-flex wp-block-buttons-is-layout-flex\">\n<div class=\"wp-block-button\"><a class=\"wp-block-button__link wp-element-button\" href=\"https:\/\/www.acrartex.com\/product-category\/aviation\/\">COMPRAR BALIZAS DE AVIACI\u00d3N<\/a><\/div>\n<\/div>\n<\/div><\/div>\n<\/div><\/div>\n\n<div class=\"wp-block-group new-product-block\"><div class=\"wp-block-group__inner-container is-layout-flow wp-block-group-is-layout-flow\">\n<div class=\"wp-block-cover is-light new-product-block__left\"><span aria-hidden=\"true\" class=\"wp-block-cover__background has-background-dim-0 has-background-dim\"><\/span><img loading=\"lazy\" decoding=\"async\" width=\"779\" height=\"712\" class=\"wp-block-cover__image-background wp-image-175\" alt=\"\" src=\"https:\/\/www.acrartex.com\/wp-content\/uploads\/2020\/12\/yellow-arrow.png\" data-object-fit=\"cover\" srcset=\"https:\/\/www.acrartex.com\/wp-content\/uploads\/2020\/12\/yellow-arrow.png 779w, https:\/\/www.acrartex.com\/wp-content\/uploads\/2020\/12\/yellow-arrow-600x548.png 600w, https:\/\/www.acrartex.com\/wp-content\/uploads\/2020\/12\/yellow-arrow-300x274.png 300w, https:\/\/www.acrartex.com\/wp-content\/uploads\/2020\/12\/yellow-arrow-768x702.png 768w\" sizes=\"auto, (max-width: 779px) 100vw, 779px\" \/><div class=\"wp-block-cover__inner-container is-layout-flow wp-block-cover-is-layout-flow\">\n<figure class=\"wp-block-image size-full is-style-default\"><img loading=\"lazy\" decoding=\"async\" width=\"750\" height=\"750\" src=\"https:\/\/www.acrartex.com\/wp-content\/uploads\/2023\/11\/ARTEX-ELT-5000-Right-Angle-1.png\" alt=\"\" class=\"wp-image-83657\" srcset=\"https:\/\/www.acrartex.com\/wp-content\/uploads\/2023\/11\/ARTEX-ELT-5000-Right-Angle-1.png 750w, https:\/\/www.acrartex.com\/wp-content\/uploads\/2023\/11\/ARTEX-ELT-5000-Right-Angle-1-300x300.png 300w, https:\/\/www.acrartex.com\/wp-content\/uploads\/2023\/11\/ARTEX-ELT-5000-Right-Angle-1-150x150.png 150w, https:\/\/www.acrartex.com\/wp-content\/uploads\/2023\/11\/ARTEX-ELT-5000-Right-Angle-1-600x600.png 600w, https:\/\/www.acrartex.com\/wp-content\/uploads\/2023\/11\/ARTEX-ELT-5000-Right-Angle-1-100x100.png 100w\" sizes=\"auto, (max-width: 750px) 100vw, 750px\" \/><\/figure>\n<\/div><\/div>\n\n\n\n<div class=\"wp-block-group new-product-block__right\"><div class=\"wp-block-group__inner-container is-layout-flow wp-block-group-is-layout-flow\">\n<h3 class=\"wp-block-heading\" id=\"h-new\">NUEVO<\/h3>\n\n\n\n<h2 class=\"wp-block-heading\" id=\"h-elt-5000\">ELT 5000<\/h2>\n\n\n\n<p>El ARTEX ELT 5000 ofrece la pr\u00f3xima evoluci\u00f3n de la tecnolog\u00eda Distress Tracking ELT , brindando seguimiento en vuelo y localizaci\u00f3n posterior al vuelo en una \u00fanica unidad resistente a choques.<\/p>\n\n\n\n<div class=\"wp-block-group new-product-block__right__icons\"><div class=\"wp-block-group__inner-container is-layout-flow wp-block-group-is-layout-flow\">\n<figure class=\"wp-block-image size-full is-resized is-style-default\"><img loading=\"lazy\" decoding=\"async\" width=\"100\" height=\"100\" src=\"https:\/\/www.acrartex.com\/wp-content\/uploads\/2023\/11\/Artboard-1-copy.png\" alt=\"\" class=\"wp-image-83659\"\/><figcaption class=\"wp-element-caption\">Cumple con las normas de litio<\/figcaption><\/figure>\n\n\n\n<figure class=\"wp-block-image size-full is-resized is-style-default\"><img loading=\"lazy\" decoding=\"async\" width=\"100\" height=\"100\" src=\"https:\/\/www.acrartex.com\/wp-content\/uploads\/2023\/11\/Artboard-1.png\" alt=\"\" class=\"wp-image-83658\"\/><figcaption class=\"wp-element-caption\">GADSS habilitado<\/figcaption><\/figure>\n\n\n\n<figure class=\"wp-block-image size-full is-resized is-style-default\"><img loading=\"lazy\" decoding=\"async\" width=\"100\" height=\"100\" src=\"https:\/\/www.acrartex.com\/wp-content\/uploads\/2023\/11\/Artboard-1-copy-2.png\" alt=\"\" class=\"wp-image-83660\"\/><figcaption class=\"wp-element-caption\">Ubicaci\u00f3n GNSS habilitada<\/figcaption><\/figure>\n\n\n\n<figure class=\"wp-block-image size-full is-resized is-style-default\"><img loading=\"lazy\" decoding=\"async\" width=\"100\" height=\"100\" src=\"https:\/\/www.acrartex.com\/wp-content\/uploads\/2023\/11\/Artboard-1-copy-3.png\" alt=\"\" class=\"wp-image-83661\"\/><figcaption class=\"wp-element-caption\">Frecuencias m\u00faltiples<\/figcaption><\/figure>\n<\/div><\/div>\n\n\n\n<div class=\"wp-block-buttons is-layout-flex wp-block-buttons-is-layout-flex\">\n<div class=\"wp-block-button\"><a class=\"wp-block-button__link wp-element-button\" href=\"https:\/\/www.acrartex.com\/products\/elt-5000-distress-tracking-dt-for-gadss-compliance\/\">COMPRAR AHORA<\/a><\/div>\n<\/div>\n<\/div><\/div>\n<\/div><\/div>\n\n<div class=\"wp-block-group categories-block\"><div class=\"wp-block-group__inner-container is-layout-flow wp-block-group-is-layout-flow\">\n<div class=\"wp-block-cover is-light categories-block__left\"><span aria-hidden=\"true\" class=\"wp-block-cover__background has-background-dim\"><\/span><img loading=\"lazy\" decoding=\"async\" width=\"1270\" height=\"460\" class=\"wp-block-cover__image-background wp-image-22264\" alt=\"\" src=\"https:\/\/www.acrartex.com\/wp-content\/uploads\/2021\/05\/ARTEX_general-aviation-1.png\" data-object-fit=\"cover\" srcset=\"https:\/\/www.acrartex.com\/wp-content\/uploads\/2021\/05\/ARTEX_general-aviation-1.png 1270w, https:\/\/www.acrartex.com\/wp-content\/uploads\/2021\/05\/ARTEX_general-aviation-1-300x109.png 300w, https:\/\/www.acrartex.com\/wp-content\/uploads\/2021\/05\/ARTEX_general-aviation-1-1024x371.png 1024w, https:\/\/www.acrartex.com\/wp-content\/uploads\/2021\/05\/ARTEX_general-aviation-1-768x278.png 768w, https:\/\/www.acrartex.com\/wp-content\/uploads\/2021\/05\/ARTEX_general-aviation-1-600x217.png 600w\" sizes=\"auto, (max-width: 1270px) 100vw, 1270px\" \/><div class=\"wp-block-cover__inner-container is-layout-flow wp-block-cover-is-layout-flow\">\n<div class=\"wp-block-buttons is-layout-flex wp-block-buttons-is-layout-flex\">\n<div class=\"wp-block-button\"><a class=\"wp-block-button__link wp-element-button\" href=\"https:\/\/www.acrartex.com\/product-category\/aviation\/\">AVIACI\u00d3N GENERAL<\/a><\/div>\n<\/div>\n<\/div><\/div>\n\n\n\n<div class=\"wp-block-cover is-light categories-block__right\"><span aria-hidden=\"true\" class=\"wp-block-cover__background has-background-dim\"><\/span><img loading=\"lazy\" decoding=\"async\" width=\"1270\" height=\"460\" class=\"wp-block-cover__image-background wp-image-22265\" alt=\"\" src=\"https:\/\/www.acrartex.com\/wp-content\/uploads\/2021\/05\/ARTEX_commercial-aviation-1.png\" data-object-fit=\"cover\" srcset=\"https:\/\/www.acrartex.com\/wp-content\/uploads\/2021\/05\/ARTEX_commercial-aviation-1.png 1270w, https:\/\/www.acrartex.com\/wp-content\/uploads\/2021\/05\/ARTEX_commercial-aviation-1-300x109.png 300w, https:\/\/www.acrartex.com\/wp-content\/uploads\/2021\/05\/ARTEX_commercial-aviation-1-1024x371.png 1024w, https:\/\/www.acrartex.com\/wp-content\/uploads\/2021\/05\/ARTEX_commercial-aviation-1-768x278.png 768w, https:\/\/www.acrartex.com\/wp-content\/uploads\/2021\/05\/ARTEX_commercial-aviation-1-600x217.png 600w\" sizes=\"auto, (max-width: 1270px) 100vw, 1270px\" \/><div class=\"wp-block-cover__inner-container is-layout-flow wp-block-cover-is-layout-flow\">\n<div class=\"wp-block-buttons is-layout-flex wp-block-buttons-is-layout-flex\">\n<div class=\"wp-block-button\"><a class=\"wp-block-button__link wp-element-button\" href=\"https:\/\/www.acrartex.com\/product-category\/aviation\/\">AVIACI\u00d3N COMERCIAL<\/a><\/div>\n<\/div>\n<\/div><\/div>\n<\/div><\/div>\n<div class=\"latest-news-block\">\n\t<div class=\"c-container\">\n\n\t\t\t\t<h2>\u00daltimas noticias<\/h2>\n\n\t\t<div class=\"latest-news-block__divider\"><\/div>\n\n\t\t\t\t<div class=\"latest-news-block__posts\">\n\t\t\t\t\t\t\t<div class=\"latest-news-block__item\">\n\n\t\t<a href=\"https:\/\/www.acrartex.com\/es\/news\/acr-electronics-sobrevuela-la-luna-con-la-baliza-localizadora-personal-angelp-en-las-misiones-artemis\/\">\n\t\t<div class=\"latest-news-block__item__image\"\n\t\t\t style=\"background-image: url('https:\/\/www.acrartex.com\/wp-content\/uploads\/2026\/03\/ACR-Electronics-designed-the-ANGEL-Personal-Locator-Beacon-specifically-for-NASA-768x546.jpg')\">\n\t\t<\/div>\n\t<\/a>\n\n\t\t<div class=\"latest-news-block__item__content\">\n\n\t\t\t\t<a href=\"https:\/\/www.acrartex.com\/es\/news\/acr-electronics-sobrevuela-la-luna-con-la-baliza-localizadora-personal-angelp-en-las-misiones-artemis\/\">\n\t\t\t<h3>ACR Electronics supera la barrera de localizaci\u00f3n personal ANGEL en las misiones Artemis.<\/h3>\n\t\t<\/a>\n\n\t\t\t\t<p><\/p>\n\n\t<\/div>\n\n<\/div>\n\t\t\t\t\t\t\t<div class=\"latest-news-block__item\">\n\n\t\t<a href=\"https:\/\/www.acrartex.com\/es\/news\/requisitos-legales-para-las-bengalas-electronicas-para-embarcaciones\/\">\n\t\t<div class=\"latest-news-block__item__image\"\n\t\t\t style=\"background-image: url('https:\/\/www.acrartex.com\/wp-content\/uploads\/2026\/03\/Word-Press-Banner-Blog-M-1200x628-8-768x402.jpg')\">\n\t\t<\/div>\n\t<\/a>\n\n\t\t<div class=\"latest-news-block__item__content\">\n\n\t\t\t\t<a href=\"https:\/\/www.acrartex.com\/es\/news\/requisitos-legales-para-las-bengalas-electronicas-para-embarcaciones\/\">\n\t\t\t<h3>Requisitos legales para las bengalas electr\u00f3nicas de embarcaciones<\/h3>\n\t\t<\/a>\n\n\t\t\t\t<p>En lo que respecta al cumplimiento de las normas legales, las bengalas electr\u00f3nicas para embarcaciones ofrecen claras ventajas sobre las bengalas pirot\u00e9cnicas tradicionales. A diferencia de estas \u00faltimas, las bengalas electr\u00f3nicas no tienen fecha de caducidad, lo que garantiza su disponibilidad cuando m\u00e1s se necesitan. <\/p>\n\n\t<\/div>\n\n<\/div>\n\t\t\t\t\t\t\t<div class=\"latest-news-block__item\">\n\n\t\t<a href=\"https:\/\/www.acrartex.com\/es\/news\/equipo-de-seguridad-esencial-que-todo-navegante-deberia-tener\/\">\n\t\t<div class=\"latest-news-block__item__image\"\n\t\t\t style=\"background-image: url('https:\/\/www.acrartex.com\/wp-content\/uploads\/2026\/02\/Word-Press-Banner-Blog-M-1200x628-7-768x402.jpg')\">\n\t\t<\/div>\n\t<\/a>\n\n\t\t<div class=\"latest-news-block__item__content\">\n\n\t\t\t\t<a href=\"https:\/\/www.acrartex.com\/es\/news\/equipo-de-seguridad-esencial-que-todo-navegante-deberia-tener\/\">\n\t\t\t<h3>Equipo de seguridad esencial que todo navegante debe tener<\/h3>\n\t\t<\/a>\n\n\t\t\t\t<p>\nEn la gu\u00eda definitiva sobre los elementos esenciales del kit de seguridad para embarcaciones, ACR Artex describe el equipo esencial que todo navegante debe tener a bordo, desde dispositivos de se\u00f1alizaci\u00f3n hasta botiquines de primeros auxilios, para garantizar la preparaci\u00f3n ante cualquier emergencia. Centrado en la seguridad y la preparaci\u00f3n, este recurso integral permite a los navegantes navegar con confianza y tranquilidad. <\/p>\n\n\t<\/div>\n\n<\/div>\n\t\t\t\t\t<\/div>\n\n\t<\/div>\n<\/div>\n<div class=\"dealer-locator-block\">\n\n\t\t<div class=\"dealer-locator-block__left\">\n\t\t<div class=\"dealer-locator-block__left__container\">\n\n\t\t\t\t\t\t<h2>Localizador de distribuidores<\/h2>\n\n\t\t\t\t\t\t<p>\n\t\t\t\t\u00bfEn qu\u00e9 parte del mundo est\u00e1s?\n\t\t\t\t<br>\n\t\t\t\tD\u00e9janos saber para que podamos recomendarte concesionarios ACR locales.\n\t\t\t<\/p>\n\n\t\t\t\t\t\t<form action=\"\/support\/dealer-locator\" id=\"dealer-locator\" class=\"dealer-locator-block__left__container__input\">\n\t\t\t\t<input type=\"text\" id=\"pac-input\" name=\"address\" placeholder=\"Introducir ubicaci\u00f3n\">\n\t\t\t\t<input type=\"hidden\" name=\"lat\">\n\t\t\t\t<input type=\"hidden\" name=\"lng\">\n\t\t\t\t\t\t\t\t\t<input type=\"hidden\" name=\"dealer\" value=\"artex\">\n\t\t\t\t\t\t\t\t<div class=\"dealer-locator-block__left__container__input__compass\"><\/div>\n\t\t\t<\/form>\n\t\t\t<button type=\"submit\" class=\"c-button\" form=\"dealer-locator\">Encuentra un distribuidor<\/button>\n\n\t\t\t\t\t\t<a class=\"js-dealer-locator-block-current\" href=\"#\">Usar mi ubicaci\u00f3n actual<\/a>\n\n\t\t<\/div>\n\t<\/div>\n\n\t\t<div class=\"dealer-locator-block__right\"><\/div>\n\n<\/div>\n\n<div class=\"wp-block-cover is-light preplikeapro-block\"><span aria-hidden=\"true\" class=\"wp-block-cover__background has-background-dim-10 has-background-dim\"><\/span><img loading=\"lazy\" decoding=\"async\" width=\"1921\" height=\"720\" class=\"wp-block-cover__image-background wp-image-22263\" alt=\"\" src=\"https:\/\/www.acrartex.com\/wp-content\/uploads\/2021\/05\/ARTEX_prep-like-a-pro-1.png\" data-object-fit=\"cover\" srcset=\"https:\/\/www.acrartex.com\/wp-content\/uploads\/2021\/05\/ARTEX_prep-like-a-pro-1.png 1921w, https:\/\/www.acrartex.com\/wp-content\/uploads\/2021\/05\/ARTEX_prep-like-a-pro-1-300x112.png 300w, https:\/\/www.acrartex.com\/wp-content\/uploads\/2021\/05\/ARTEX_prep-like-a-pro-1-1024x384.png 1024w, https:\/\/www.acrartex.com\/wp-content\/uploads\/2021\/05\/ARTEX_prep-like-a-pro-1-768x288.png 768w, https:\/\/www.acrartex.com\/wp-content\/uploads\/2021\/05\/ARTEX_prep-like-a-pro-1-1536x576.png 1536w, https:\/\/www.acrartex.com\/wp-content\/uploads\/2021\/05\/ARTEX_prep-like-a-pro-1-600x225.png 600w\" sizes=\"auto, (max-width: 1921px) 100vw, 1921px\" \/><div class=\"wp-block-cover__inner-container is-layout-flow wp-block-cover-is-layout-flow\"><div class=\"wp-block-image preplikeapro-block__top is-style-default\">\n<figure class=\"aligncenter size-large\"><img loading=\"lazy\" decoding=\"async\" width=\"58\" height=\"58\" src=\"https:\/\/www.acrartex.com\/wp-content\/uploads\/2020\/12\/IG.png\" alt=\"\" class=\"wp-image-158\"\/><figcaption class=\"wp-element-caption\"><span style=\"background-color:rgba(0, 0, 0, 0)\" class=\"has-inline-color has-white-color\">#PREPLIKEAPRO<\/span><\/figcaption><\/figure>\n<\/div>\n\n\n<div class=\"wp-block-group preplikeapro-block__bottom\"><div class=\"wp-block-group__inner-container is-layout-flow wp-block-group-is-layout-flow\">\n<p>Comparte tus aventuras en @ACRARTEX usando #PrepLikeAPro #StaySafeOutThere #HowDoYouRoam<\/p>\n\n\n\n<div class=\"wp-block-buttons is-horizontal is-content-justification-center is-layout-flex wp-container-core-buttons-is-layout-499968f5 wp-block-buttons-is-layout-flex\">\n<div class=\"wp-block-button social-yt\"><a class=\"wp-block-button__link wp-element-button\" href=\"https:\/\/www.youtube.com\/user\/ACR406\" target=\"_blank\" rel=\"noreferrer noopener\">YouTube<\/a><\/div>\n\n\n\n<div class=\"wp-block-button social-tw\"><a class=\"wp-block-button__link wp-element-button\" href=\"https:\/\/twitter.com\/acrartex\" target=\"_blank\" rel=\"noreferrer noopener\">Dos<\/a><\/div>\n\n\n\n<div class=\"wp-block-button social-ig\"><a class=\"wp-block-button__link wp-element-button\" href=\"https:\/\/www.instagram.com\/acrartex\/\" target=\"_blank\" rel=\"noreferrer noopener\">Yo soy<\/a><\/div>\n\n\n\n<div class=\"wp-block-button social-fb\"><a class=\"wp-block-button__link wp-element-button\" href=\"https:\/\/www.facebook.com\/ACRARTEX\" target=\"_blank\" rel=\"noreferrer noopener\">pensi\u00f3n completa<\/a><\/div>\n<\/div>\n<\/div><\/div>\n<\/div><\/div>\n","protected":false},"excerpt":{"rendered":"<p>NUEVO ELT 5000 El ARTEX ELT 5000 ofrece la pr\u00f3xima evoluci\u00f3n de la tecnolog\u00eda Distress Tracking ELT , brindando seguimiento en vuelo y localizaci\u00f3n posterior al vuelo en una \u00fanica unidad resistente a choques.<\/p>\n","protected":false},"author":1,"featured_media":0,"parent":0,"menu_order":0,"comment_status":"closed","ping_status":"closed","template":"","meta":{"_acf_changed":false,"om_disable_all_campaigns":false,"footnotes":""},"class_list":["post-148589","page","type-page","status-publish","hentry"],"acf":[],"_links":{"self":[{"href":"https:\/\/www.acrartex.com\/es\/wp-json\/wp\/v2\/pages\/148589","targetHints":{"allow":["GET"]}}],"collection":[{"href":"https:\/\/www.acrartex.com\/es\/wp-json\/wp\/v2\/pages"}],"about":[{"href":"https:\/\/www.acrartex.com\/es\/wp-json\/wp\/v2\/types\/page"}],"author":[{"embeddable":true,"href":"https:\/\/www.acrartex.com\/es\/wp-json\/wp\/v2\/users\/1"}],"replies":[{"embeddable":true,"href":"https:\/\/www.acrartex.com\/es\/wp-json\/wp\/v2\/comments?post=148589"}],"version-history":[{"count":1,"href":"https:\/\/www.acrartex.com\/es\/wp-json\/wp\/v2\/pages\/148589\/revisions"}],"predecessor-version":[{"id":148614,"href":"https:\/\/www.acrartex.com\/es\/wp-json\/wp\/v2\/pages\/148589\/revisions\/148614"}],"wp:attachment":[{"href":"https:\/\/www.acrartex.com\/es\/wp-json\/wp\/v2\/media?parent=148589"}],"curies":[{"name":"wp","href":"https:\/\/api.w.org\/{rel}","templated":true}]}}